{"id":426,"date":"2021-07-03T00:56:23","date_gmt":"2021-07-03T00:56:23","guid":{"rendered":"https:\/\/banqueteslumbre.com\/?page_id=426"},"modified":"2021-07-04T00:29:07","modified_gmt":"2021-07-04T00:29:07","slug":"finca-san-pedro","status":"publish","type":"page","link":"https:\/\/banqueteslumbre.com\/?page_id=426","title":{"rendered":"Hacienda San Gaspar"},"content":{"rendered":"\t\t<div data-elementor-type=\"wp-page\" data-elementor-id=\"426\" class=\"elementor elementor-426\" data-elementor-settings=\"[]\">\n\t\t\t\t\t\t\t<div class=\"elementor-section-wrap\">\n\t\t\t\t\t\t\t<section class=\"elementor-section elementor-top-section elementor-element elementor-element-7bcff47 elementor-section-boxed elementor-section-height-default elementor-section-height-default\" data-id=\"7bcff47\" data-element_type=\"section\" data-settings=\"{&quot;_ha_eqh_enable&quot;:false}\">\n\t\t\t\t\t\t<div class=\"elementor-container elementor-column-gap-default\">\n\t\t\t\t\t<div class=\"elementor-column elementor-col-100 elementor-top-column elementor-element elementor-element-0fcb187\" data-id=\"0fcb187\" data-element_type=\"column\">\n\t\t\t<div class=\"elementor-widget-wrap elementor-element-populated\">\n\t\t\t\t\t\t\t\t<div class=\"elementor-element elementor-element-1c091ed elementor-widget elementor-widget-prime-slider-dragon\" data-id=\"1c091ed\" data-element_type=\"widget\" data-widget_type=\"prime-slider-dragon.default\">\n\t\t\t\t<div class=\"elementor-widget-container\">\n\t\t\t\t\t\t<div class=\"bdt-prime-slider\">\n\t\t\t\t<div class=\"bdt-prime-slider-dragon\">\n\n\t\t\t\t<div class=\"bdt-position-relative bdt-visible-toggle\" bdt-slideshow=\"{&quot;animation&quot;:&quot;fade&quot;,&quot;ratio&quot;:&quot;16:9&quot;,&quot;min-height&quot;:480,&quot;autoplay&quot;:true,&quot;autoplay-interval&quot;:7000,&quot;pause-on-hover&quot;:false}\">\n\n\t\t\t\t\t<ul class=\"bdt-slideshow-items\">\n\t\t\n            <li class=\"bdt-slideshow-item bdt-flex bdt-flex-middle elementor-repeater-item-89e89b3\">\n\n\t\t\t\t<div class=\"bdt-ps-dragon-bg\">\n\t\t\t\t\t\n\t\t<div class=\"bdt-ps-slide-img\" style=\"background-image: url('https:\/\/banqueteslumbre.com\/wp-content\/uploads\/2021\/06\/4.jpg')\"><\/div>\n\n\t\t\t\t\t\t<\/div>\n\n\t\t\t\t<div class=\"bdt-ps-dragon-slide-image\">\n\t\t\t\t\t\n\t\t<div class=\"bdt-ps-slide-img\" style=\"background-image: url('https:\/\/banqueteslumbre.com\/wp-content\/uploads\/2021\/06\/4.jpg')\"><\/div>\n\n\t\t\t\t\t\t<\/div>\n\n\t\t\t\t\t\t\t\t\n\t\t\t\t\t\t\t<div class=\"bdt-prime-slider-wrapper\">\n\t\t\t\t<div class=\"bdt-prime-slider-content\">\n\n\t\t\t\t\t\t\t\t\t\t\t<div class=\"bdt-sub-title\">\n\t\t\t\t\t\t\t<h4 bdt-slideshow-parallax=\"x: 100,-100; opacity: 1,1,0\">\n\t\t\t\t\t\t\t\tmagia, historia y naturaleza en armon\u00eda\t\t\t\t\t\t\t<\/h4>\n\t\t\t\t\t\t<\/div>\n\t\t\t\t\t\n\t\t\t\t\t\t\t\t\t\t\t<div class=\"bdt-main-title\">\n\t\t\t\t\t\t\t<h1 class=\"bdt-title-tag\"  bdt-slideshow-parallax=\"x: 200,-200; opacity: 1,1,0\">\n\t\t\t\t\t\t\t\t\t\t\t\t\t\t\t\t\t<span class=\"frist-word\">Hacienda<\/span> San Gaspar\t\t\t\t\t\t\t\t\t\t\t\t\t\t\t\t<\/h1>\n\t\t\t\t\t\t<\/div>\n\t\t\t\t\t\n\t\t\t\t\t\n\t\t\t\t\t<div bdt-slideshow-parallax=\"x: 400,-400; opacity: 1,1,0\">\n\t\t\t\t\t\t\n\t\t\t\t\t\t\t<\/div>\n\t\t\t\t\t\t\n\t\t\t\t<\/div>\n\t\t\t<\/div>\n\n        \n            <\/li>\n\n        \n            <li class=\"bdt-slideshow-item bdt-flex bdt-flex-middle elementor-repeater-item-33bdcd4\">\n\n\t\t\t\t<div class=\"bdt-ps-dragon-bg\">\n\t\t\t\t\t\n\t\t<div class=\"bdt-ps-slide-img\" style=\"background-image: url('https:\/\/banqueteslumbre.com\/wp-content\/uploads\/2021\/07\/c4.jpg')\"><\/div>\n\n\t\t\t\t\t\t<\/div>\n\n\t\t\t\t<div class=\"bdt-ps-dragon-slide-image\">\n\t\t\t\t\t\n\t\t<div class=\"bdt-ps-slide-img\" style=\"background-image: url('https:\/\/banqueteslumbre.com\/wp-content\/uploads\/2021\/07\/c4.jpg')\"><\/div>\n\n\t\t\t\t\t\t<\/div>\n\n\t\t\t\t\t\t\t\t\n\t\t\t\t\t\t\t<div class=\"bdt-prime-slider-wrapper\">\n\t\t\t\t<div class=\"bdt-prime-slider-content\">\n\n\t\t\t\t\t\t\t\t\t\t\t<div class=\"bdt-sub-title\">\n\t\t\t\t\t\t\t<h4 bdt-slideshow-parallax=\"x: 100,-100; opacity: 1,1,0\">\n\t\t\t\t\t\t\t\tmagia, historia y naturaleza en armon\u00eda\t\t\t\t\t\t\t<\/h4>\n\t\t\t\t\t\t<\/div>\n\t\t\t\t\t\n\t\t\t\t\t\t\t\t\t\t\t<div class=\"bdt-main-title\">\n\t\t\t\t\t\t\t<h1 class=\"bdt-title-tag\"  bdt-slideshow-parallax=\"x: 200,-200; opacity: 1,1,0\">\n\t\t\t\t\t\t\t\t\t\t\t\t\t\t\t\t\t<span class=\"frist-word\">Hacienda<\/span> san gaspar\t\t\t\t\t\t\t\t\t\t\t\t\t\t\t\t<\/h1>\n\t\t\t\t\t\t<\/div>\n\t\t\t\t\t\n\t\t\t\t\t\n\t\t\t\t\t<div bdt-slideshow-parallax=\"x: 400,-400; opacity: 1,1,0\">\n\t\t\t\t\t\t\n\t\t\t\t\t\t\t<\/div>\n\t\t\t\t\t\t\n\t\t\t\t<\/div>\n\t\t\t<\/div>\n\n        \n            <\/li>\n\n        \n            <li class=\"bdt-slideshow-item bdt-flex bdt-flex-middle elementor-repeater-item-15ac735\">\n\n\t\t\t\t<div class=\"bdt-ps-dragon-bg\">\n\t\t\t\t\t\n\t\t<div class=\"bdt-ps-slide-img\" style=\"background-image: url('https:\/\/banqueteslumbre.com\/wp-content\/uploads\/2021\/07\/h3.jpg')\"><\/div>\n\n\t\t\t\t\t\t<\/div>\n\n\t\t\t\t<div class=\"bdt-ps-dragon-slide-image\">\n\t\t\t\t\t\n\t\t<div class=\"bdt-ps-slide-img\" style=\"background-image: url('https:\/\/banqueteslumbre.com\/wp-content\/uploads\/2021\/07\/h3.jpg')\"><\/div>\n\n\t\t\t\t\t\t<\/div>\n\n\t\t\t\t\t\t\t\t\n\t\t\t\t\t\t\t<div class=\"bdt-prime-slider-wrapper\">\n\t\t\t\t<div class=\"bdt-prime-slider-content\">\n\n\t\t\t\t\t\t\t\t\t\t\t<div class=\"bdt-sub-title\">\n\t\t\t\t\t\t\t<h4 bdt-slideshow-parallax=\"x: 100,-100; opacity: 1,1,0\">\n\t\t\t\t\t\t\t\tmagia, historia y naturaleza en armon\u00eda\t\t\t\t\t\t\t<\/h4>\n\t\t\t\t\t\t<\/div>\n\t\t\t\t\t\n\t\t\t\t\t\t\t\t\t\t\t<div class=\"bdt-main-title\">\n\t\t\t\t\t\t\t<h1 class=\"bdt-title-tag\"  bdt-slideshow-parallax=\"x: 200,-200; opacity: 1,1,0\">\n\t\t\t\t\t\t\t\t\t\t\t\t\t\t\t\t\t<span class=\"frist-word\">hacienda<\/span> san gaspar\t\t\t\t\t\t\t\t\t\t\t\t\t\t\t\t<\/h1>\n\t\t\t\t\t\t<\/div>\n\t\t\t\t\t\n\t\t\t\t\t\n\t\t\t\t\t<div bdt-slideshow-parallax=\"x: 400,-400; opacity: 1,1,0\">\n\t\t\t\t\t\t\n\t\t\t\t\t\t\t<\/div>\n\t\t\t\t\t\t\n\t\t\t\t<\/div>\n\t\t\t<\/div>\n\n        \n            <\/li>\n\n        \n                <\/ul>\n\n                            \n                <ul class=\"bdt-dotnav bdt-dotnav-vertical\">\n\n                                        <li bdt-slideshow-item=\"0\" data-label=\"01\" ><a href=\"#\"><\/a><\/li>\n                                        <li bdt-slideshow-item=\"1\" data-label=\"02\" ><a href=\"#\"><\/a><\/li>\n                                        <li bdt-slideshow-item=\"2\" data-label=\"03\" ><a href=\"#\"><\/a><\/li>\n                                        \n                <\/ul>\n\n            \n        \t\t\t\t\n            <\/div>\n\t\t\t\t\t<\/div>\n        \t\t<\/div>\n\t\t\t\t<\/div>\n\t\t\t\t\t<\/div>\n\t\t<\/div>\n\t\t\t\t\t\t\t<\/div>\n\t\t<\/section>\n\t\t\t\t<section class=\"elementor-section elementor-top-section elementor-element elementor-element-a276c30 elementor-section-boxed elementor-section-height-default elementor-section-height-default\" data-id=\"a276c30\" data-element_type=\"section\" data-settings=\"{&quot;_ha_eqh_enable&quot;:false}\">\n\t\t\t\t\t\t<div class=\"elementor-container elementor-column-gap-default\">\n\t\t\t\t\t<div class=\"elementor-column elementor-col-50 elementor-top-column elementor-element elementor-element-2ed3b1a\" data-id=\"2ed3b1a\" data-element_type=\"column\">\n\t\t\t<div class=\"elementor-widget-wrap elementor-element-populated\">\n\t\t\t\t\t\t\t\t<div class=\"elementor-element elementor-element-8006f08 elementor-widget elementor-widget-heading\" data-id=\"8006f08\" data-element_type=\"widget\" data-widget_type=\"heading.default\">\n\t\t\t\t<div class=\"elementor-widget-container\">\n\t\t\t<h2 class=\"elementor-heading-title elementor-size-default\">Magia, historia y naturaleza en armon\u00eda<\/h2>\t\t<\/div>\n\t\t\t\t<\/div>\n\t\t\t\t<div class=\"elementor-element elementor-element-17a0a70 elementor-widget elementor-widget-text-editor\" data-id=\"17a0a70\" data-element_type=\"widget\" data-widget_type=\"text-editor.default\">\n\t\t\t\t<div class=\"elementor-widget-container\">\n\t\t\t\t\t\t\t\t<p>Hacienda San Gaspar es un\u00a0<strong>lugar majestuoso<\/strong>\u00a0privilegiado con distintos escenarios del siglo XVI que te permitir\u00e1n crear\u00a0<strong>momentos especiales<\/strong>\u00a0durante toda tu boda o cualquier evento social. Cada una de sus locaciones cuenta con hermosos\u00a0<strong>jardines para bodas<\/strong>, resguardados por sus grandes arcos y decorados con aromas, \u00e1rboles y flores de todos los colores.<\/p>\t\t\t\t\t\t<\/div>\n\t\t\t\t<\/div>\n\t\t\t\t\t<\/div>\n\t\t<\/div>\n\t\t\t\t<div class=\"elementor-column elementor-col-50 elementor-top-column elementor-element elementor-element-e872eac\" data-id=\"e872eac\" data-element_type=\"column\">\n\t\t\t<div class=\"elementor-widget-wrap elementor-element-populated\">\n\t\t\t\t\t\t\t\t<div class=\"elementor-element elementor-element-49de9bb elementor-widget elementor-widget-image\" data-id=\"49de9bb\" data-element_type=\"widget\" data-widget_type=\"image.default\">\n\t\t\t\t<div class=\"elementor-widget-container\">\n\t\t\t\t\t\t\t\t\t\t\t\t\t\t\t<img width=\"800\" height=\"534\" src=\"https:\/\/banqueteslumbre.com\/wp-content\/uploads\/2021\/07\/m21-1024x683.jpg\" class=\"attachment-large size-large\" alt=\"hacienda para bodas morelos\" loading=\"lazy\" srcset=\"https:\/\/banqueteslumbre.com\/wp-content\/uploads\/2021\/07\/m21-1024x683.jpg 1024w, https:\/\/banqueteslumbre.com\/wp-content\/uploads\/2021\/07\/m21-300x200.jpg 300w, https:\/\/banqueteslumbre.com\/wp-content\/uploads\/2021\/07\/m21-768x512.jpg 768w, https:\/\/banqueteslumbre.com\/wp-content\/uploads\/2021\/07\/m21-1536x1024.jpg 1536w, https:\/\/banqueteslumbre.com\/wp-content\/uploads\/2021\/07\/m21.jpg 1920w\" sizes=\"(max-width: 800px) 100vw, 800px\" \/>\t\t\t\t\t\t\t\t\t\t\t\t\t\t\t<\/div>\n\t\t\t\t<\/div>\n\t\t\t\t\t<\/div>\n\t\t<\/div>\n\t\t\t\t\t\t\t<\/div>\n\t\t<\/section>\n\t\t\t\t<section class=\"elementor-section elementor-top-section elementor-element elementor-element-5de21ce elementor-section-boxed elementor-section-height-default elementor-section-height-default\" data-id=\"5de21ce\" data-element_type=\"section\" data-settings=\"{&quot;_ha_eqh_enable&quot;:false}\">\n\t\t\t\t\t\t<div class=\"elementor-container elementor-column-gap-default\">\n\t\t\t\t\t<div class=\"elementor-column elementor-col-100 elementor-top-column elementor-element elementor-element-bab102b\" data-id=\"bab102b\" data-element_type=\"column\">\n\t\t\t<div class=\"elementor-widget-wrap elementor-element-populated\">\n\t\t\t\t\t\t\t\t<div class=\"elementor-element elementor-element-85ea7ac elementor-arrows-position-inside elementor-pagination-position-outside elementor-widget elementor-widget-image-carousel\" data-id=\"85ea7ac\" data-element_type=\"widget\" data-settings=\"{&quot;navigation&quot;:&quot;both&quot;,&quot;autoplay&quot;:&quot;yes&quot;,&quot;pause_on_hover&quot;:&quot;yes&quot;,&quot;pause_on_interaction&quot;:&quot;yes&quot;,&quot;autoplay_speed&quot;:5000,&quot;infinite&quot;:&quot;yes&quot;,&quot;speed&quot;:500}\" data-widget_type=\"image-carousel.default\">\n\t\t\t\t<div class=\"elementor-widget-container\">\n\t\t\t\t\t<div class=\"elementor-image-carousel-wrapper swiper-container\" dir=\"ltr\">\n\t\t\t<div class=\"elementor-image-carousel swiper-wrapper\">\n\t\t\t\t<div class=\"swiper-slide\"><figure class=\"swiper-slide-inner\"><img class=\"swiper-slide-image\" src=\"https:\/\/banqueteslumbre.com\/wp-content\/uploads\/2021\/07\/p12.jpg\" alt=\"hacienda para bodas morelos\" \/><\/figure><\/div><div class=\"swiper-slide\"><figure class=\"swiper-slide-inner\"><img class=\"swiper-slide-image\" src=\"https:\/\/banqueteslumbre.com\/wp-content\/uploads\/2021\/07\/p13.jpg\" alt=\"hacienda para bodas morelos\" \/><\/figure><\/div><div class=\"swiper-slide\"><figure class=\"swiper-slide-inner\"><img class=\"swiper-slide-image\" src=\"https:\/\/banqueteslumbre.com\/wp-content\/uploads\/2021\/07\/2-1.jpg\" alt=\"hacienda para bodas morelos\" \/><\/figure><\/div><div class=\"swiper-slide\"><figure class=\"swiper-slide-inner\"><img class=\"swiper-slide-image\" src=\"https:\/\/banqueteslumbre.com\/wp-content\/uploads\/2021\/07\/7.jpg\" alt=\"hacienda para bodas morelos\" \/><\/figure><\/div><div class=\"swiper-slide\"><figure class=\"swiper-slide-inner\"><img class=\"swiper-slide-image\" src=\"https:\/\/banqueteslumbre.com\/wp-content\/uploads\/2021\/07\/c2.jpeg\" alt=\"hacienda para bodas morelos\" \/><\/figure><\/div><div class=\"swiper-slide\"><figure class=\"swiper-slide-inner\"><img class=\"swiper-slide-image\" src=\"https:\/\/banqueteslumbre.com\/wp-content\/uploads\/2021\/07\/h1.jpg\" alt=\"h1\" \/><\/figure><\/div><div class=\"swiper-slide\"><figure class=\"swiper-slide-inner\"><img class=\"swiper-slide-image\" src=\"https:\/\/banqueteslumbre.com\/wp-content\/uploads\/2021\/07\/h2.jpg\" alt=\"hacienda para bodas morelos\" \/><\/figure><\/div><div class=\"swiper-slide\"><figure class=\"swiper-slide-inner\"><img class=\"swiper-slide-image\" src=\"https:\/\/banqueteslumbre.com\/wp-content\/uploads\/2021\/07\/h3-1.jpg\" alt=\"hacienda para bodas morelos\" \/><\/figure><\/div><div class=\"swiper-slide\"><figure class=\"swiper-slide-inner\"><img class=\"swiper-slide-image\" src=\"https:\/\/banqueteslumbre.com\/wp-content\/uploads\/2021\/07\/h4.jpg\" alt=\"hacienda para bodas morelos\" \/><\/figure><\/div><div class=\"swiper-slide\"><figure class=\"swiper-slide-inner\"><img class=\"swiper-slide-image\" src=\"https:\/\/banqueteslumbre.com\/wp-content\/uploads\/2021\/07\/h5.jpg\" alt=\"hacienda para bodas morelos\" \/><\/figure><\/div><div class=\"swiper-slide\"><figure class=\"swiper-slide-inner\"><img class=\"swiper-slide-image\" src=\"https:\/\/banqueteslumbre.com\/wp-content\/uploads\/2021\/07\/h6.jpg\" alt=\"hacienda para bodas morelos\" \/><\/figure><\/div><div class=\"swiper-slide\"><figure class=\"swiper-slide-inner\"><img class=\"swiper-slide-image\" src=\"https:\/\/banqueteslumbre.com\/wp-content\/uploads\/2021\/07\/p1.jpg\" alt=\"hacienda para bodas morelos\" \/><\/figure><\/div><div class=\"swiper-slide\"><figure class=\"swiper-slide-inner\"><img class=\"swiper-slide-image\" src=\"https:\/\/banqueteslumbre.com\/wp-content\/uploads\/2021\/07\/p2.jpg\" alt=\"hacienda para bodas morelos\" \/><\/figure><\/div><div class=\"swiper-slide\"><figure class=\"swiper-slide-inner\"><img class=\"swiper-slide-image\" src=\"https:\/\/banqueteslumbre.com\/wp-content\/uploads\/2021\/07\/p3.jpg\" alt=\"hacienda para bodas morelos\" \/><\/figure><\/div><div class=\"swiper-slide\"><figure class=\"swiper-slide-inner\"><img class=\"swiper-slide-image\" src=\"https:\/\/banqueteslumbre.com\/wp-content\/uploads\/2021\/07\/p4.jpg\" alt=\"hacienda para bodas morelos\" \/><\/figure><\/div><div class=\"swiper-slide\"><figure class=\"swiper-slide-inner\"><img class=\"swiper-slide-image\" src=\"https:\/\/banqueteslumbre.com\/wp-content\/uploads\/2021\/07\/p5.jpg\" alt=\"hacienda para bodas morelos\" \/><\/figure><\/div><div class=\"swiper-slide\"><figure class=\"swiper-slide-inner\"><img class=\"swiper-slide-image\" src=\"https:\/\/banqueteslumbre.com\/wp-content\/uploads\/2021\/07\/p6.jpg\" alt=\"hacienda para bodas morelos\" \/><\/figure><\/div><div class=\"swiper-slide\"><figure class=\"swiper-slide-inner\"><img class=\"swiper-slide-image\" src=\"https:\/\/banqueteslumbre.com\/wp-content\/uploads\/2021\/07\/p7.jpg\" alt=\"hacienda para bodas morelos\" \/><\/figure><\/div><div class=\"swiper-slide\"><figure class=\"swiper-slide-inner\"><img class=\"swiper-slide-image\" src=\"https:\/\/banqueteslumbre.com\/wp-content\/uploads\/2021\/07\/p9.jpg\" alt=\"hacienda para bodas morelos\" \/><\/figure><\/div><div class=\"swiper-slide\"><figure class=\"swiper-slide-inner\"><img class=\"swiper-slide-image\" src=\"https:\/\/banqueteslumbre.com\/wp-content\/uploads\/2021\/07\/p8.jpg\" alt=\"hacienda para bodas morelos\" \/><\/figure><\/div><div class=\"swiper-slide\"><figure class=\"swiper-slide-inner\"><img class=\"swiper-slide-image\" src=\"https:\/\/banqueteslumbre.com\/wp-content\/uploads\/2021\/07\/c3.jpg\" alt=\"hacienda para bodas morelos\" \/><\/figure><\/div><div class=\"swiper-slide\"><figure class=\"swiper-slide-inner\"><img class=\"swiper-slide-image\" src=\"https:\/\/banqueteslumbre.com\/wp-content\/uploads\/2021\/07\/c5.jpg\" alt=\"hacienda para bodas morelos\" \/><\/figure><\/div><div class=\"swiper-slide\"><figure class=\"swiper-slide-inner\"><img class=\"swiper-slide-image\" src=\"https:\/\/banqueteslumbre.com\/wp-content\/uploads\/2021\/07\/c6.jpg\" alt=\"hacienda para bodas morelos\" \/><\/figure><\/div><div class=\"swiper-slide\"><figure class=\"swiper-slide-inner\"><img class=\"swiper-slide-image\" src=\"https:\/\/banqueteslumbre.com\/wp-content\/uploads\/2021\/07\/c8.jpg\" alt=\"hacienda para bodas morelos\" \/><\/figure><\/div><div class=\"swiper-slide\"><figure class=\"swiper-slide-inner\"><img class=\"swiper-slide-image\" src=\"https:\/\/banqueteslumbre.com\/wp-content\/uploads\/2021\/07\/c9.jpg\" alt=\"hacienda para bodas morelos\" \/><\/figure><\/div><div class=\"swiper-slide\"><figure class=\"swiper-slide-inner\"><img class=\"swiper-slide-image\" src=\"https:\/\/banqueteslumbre.com\/wp-content\/uploads\/2021\/07\/p11.jpg\" alt=\"hacienda para bodas morelos\" \/><\/figure><\/div><div class=\"swiper-slide\"><figure class=\"swiper-slide-inner\"><img class=\"swiper-slide-image\" src=\"https:\/\/banqueteslumbre.com\/wp-content\/uploads\/2021\/07\/3-1.jpg\" alt=\"hacienda para bodas morelos\" \/><\/figure><\/div>\t\t\t<\/div>\n\t\t\t\t\t\t\t\t\t\t\t\t<div class=\"swiper-pagination\"><\/div>\n\t\t\t\t\t\t\t\t\t\t\t\t\t<div class=\"elementor-swiper-button elementor-swiper-button-prev\">\n\t\t\t\t\t\t<i class=\"eicon-chevron-left\" aria-hidden=\"true\"><\/i>\n\t\t\t\t\t\t<span class=\"elementor-screen-only\">Anterior<\/span>\n\t\t\t\t\t<\/div>\n\t\t\t\t\t<div class=\"elementor-swiper-button elementor-swiper-button-next\">\n\t\t\t\t\t\t<i class=\"eicon-chevron-right\" aria-hidden=\"true\"><\/i>\n\t\t\t\t\t\t<span class=\"elementor-screen-only\">Siguiente<\/span>\n\t\t\t\t\t<\/div>\n\t\t\t\t\t\t\t\t\t<\/div>\n\t\t\t\t<\/div>\n\t\t\t\t<\/div>\n\t\t\t\t\t<\/div>\n\t\t<\/div>\n\t\t\t\t\t\t\t<\/div>\n\t\t<\/section>\n\t\t\t\t\t\t<\/div>\n\t\t\t\t\t<\/div>\n\t\t","protected":false},"excerpt":{"rendered":"<p>magia, historia y naturaleza en armon\u00eda Hacienda San Gaspar magia, historia y naturaleza en armon\u00eda Hacienda san gaspar magia, historia y naturaleza en armon\u00eda hacienda san gaspar Magia, historia y naturaleza en armon\u00eda Hacienda San Gaspar es un&nbsp;lugar majestuoso&nbsp;privilegiado con distintos escenarios del siglo XVI que te permitir\u00e1n crear&nbsp;momentos especiales&nbsp;durante toda tu boda o cualquier [&hellip;]<\/p>\n","protected":false},"author":1,"featured_media":0,"parent":0,"menu_order":0,"comment_status":"closed","ping_status":"closed","template":"elementor_header_footer","meta":[],"yoast_head":"<!-- This site is optimized with the Yoast SEO plugin v16.6.1 - https:\/\/yoast.com\/wordpress\/plugins\/seo\/ -->\n<title>Hacienda San Gaspar | Lumbr\u00e9 Wedding<\/title>\n<meta name=\"robots\" content=\"index, follow, max-snippet:-1, max-image-preview:large, max-video-preview:-1\" \/>\n<link rel=\"canonical\" href=\"https:\/\/banqueteslumbre.com\/?page_id=426\" \/>\n<meta property=\"og:locale\" content=\"es_ES\" \/>\n<meta property=\"og:type\" content=\"article\" \/>\n<meta property=\"og:title\" content=\"Hacienda San Gaspar | Lumbr\u00e9 Wedding\" \/>\n<meta property=\"og:description\" content=\"magia, historia y naturaleza en armon\u00eda Hacienda San Gaspar magia, historia y naturaleza en armon\u00eda Hacienda san gaspar magia, historia y naturaleza en armon\u00eda hacienda san gaspar Magia, historia y naturaleza en armon\u00eda Hacienda San Gaspar es un&nbsp;lugar majestuoso&nbsp;privilegiado con distintos escenarios del siglo XVI que te permitir\u00e1n crear&nbsp;momentos especiales&nbsp;durante toda tu boda o cualquier [&hellip;]\" \/>\n<meta property=\"og:url\" content=\"https:\/\/banqueteslumbre.com\/?page_id=426\" \/>\n<meta property=\"og:site_name\" content=\"Lumbr\u00e9 Wedding\" \/>\n<meta property=\"article:publisher\" content=\"https:\/\/www.facebook.com\/LumbreWedding\/\" \/>\n<meta property=\"article:modified_time\" content=\"2021-07-04T00:29:07+00:00\" \/>\n<meta property=\"og:image\" content=\"http:\/\/banqueteslumbre.com\/wp-content\/uploads\/2021\/07\/m21-1024x683.jpg\" \/>\n<meta name=\"twitter:card\" content=\"summary_large_image\" \/>\n<meta name=\"twitter:label1\" content=\"Tiempo de lectura\" \/>\n\t<meta name=\"twitter:data1\" content=\"1 minuto\" \/>\n<script type=\"application\/ld+json\" class=\"yoast-schema-graph\">{\"@context\":\"https:\/\/schema.org\",\"@graph\":[{\"@type\":\"Organization\",\"@id\":\"https:\/\/banqueteslumbre.com\/#organization\",\"name\":\"Lumbr\\u00e9 Wedding\",\"url\":\"https:\/\/banqueteslumbre.com\/\",\"sameAs\":[\"https:\/\/www.facebook.com\/LumbreWedding\/\",\"https:\/\/www.instagram.com\/lumbrewedding\/\"],\"logo\":{\"@type\":\"ImageObject\",\"@id\":\"https:\/\/banqueteslumbre.com\/#logo\",\"inLanguage\":\"es\",\"url\":\"https:\/\/banqueteslumbre.com\/wp-content\/uploads\/2021\/06\/Diseno-sin-titulo-38.png\",\"contentUrl\":\"https:\/\/banqueteslumbre.com\/wp-content\/uploads\/2021\/06\/Diseno-sin-titulo-38.png\",\"width\":210,\"height\":210,\"caption\":\"Lumbr\\u00e9 Wedding\"},\"image\":{\"@id\":\"https:\/\/banqueteslumbre.com\/#logo\"}},{\"@type\":\"WebSite\",\"@id\":\"https:\/\/banqueteslumbre.com\/#website\",\"url\":\"https:\/\/banqueteslumbre.com\/\",\"name\":\"Lumbr\\u00e9 Wedding\",\"description\":\"\",\"publisher\":{\"@id\":\"https:\/\/banqueteslumbre.com\/#organization\"},\"potentialAction\":[{\"@type\":\"SearchAction\",\"target\":{\"@type\":\"EntryPoint\",\"urlTemplate\":\"https:\/\/banqueteslumbre.com\/?s={search_term_string}\"},\"query-input\":\"required name=search_term_string\"}],\"inLanguage\":\"es\"},{\"@type\":\"ImageObject\",\"@id\":\"https:\/\/banqueteslumbre.com\/?page_id=426#primaryimage\",\"inLanguage\":\"es\",\"url\":\"http:\/\/banqueteslumbre.com\/wp-content\/uploads\/2021\/07\/m21-1024x683.jpg\",\"contentUrl\":\"http:\/\/banqueteslumbre.com\/wp-content\/uploads\/2021\/07\/m21-1024x683.jpg\"},{\"@type\":\"WebPage\",\"@id\":\"https:\/\/banqueteslumbre.com\/?page_id=426#webpage\",\"url\":\"https:\/\/banqueteslumbre.com\/?page_id=426\",\"name\":\"Hacienda San Gaspar | Lumbr\\u00e9 Wedding\",\"isPartOf\":{\"@id\":\"https:\/\/banqueteslumbre.com\/#website\"},\"primaryImageOfPage\":{\"@id\":\"https:\/\/banqueteslumbre.com\/?page_id=426#primaryimage\"},\"datePublished\":\"2021-07-03T00:56:23+00:00\",\"dateModified\":\"2021-07-04T00:29:07+00:00\",\"breadcrumb\":{\"@id\":\"https:\/\/banqueteslumbre.com\/?page_id=426#breadcrumb\"},\"inLanguage\":\"es\",\"potentialAction\":[{\"@type\":\"ReadAction\",\"target\":[\"https:\/\/banqueteslumbre.com\/?page_id=426\"]}]},{\"@type\":\"BreadcrumbList\",\"@id\":\"https:\/\/banqueteslumbre.com\/?page_id=426#breadcrumb\",\"itemListElement\":[{\"@type\":\"ListItem\",\"position\":1,\"name\":\"Portada\",\"item\":\"https:\/\/banqueteslumbre.com\/\"},{\"@type\":\"ListItem\",\"position\":2,\"name\":\"Hacienda San Gaspar\"}]}]}<\/script>\n<!-- \/ Yoast SEO plugin. -->","_links":{"self":[{"href":"https:\/\/banqueteslumbre.com\/index.php?rest_route=\/wp\/v2\/pages\/426"}],"collection":[{"href":"https:\/\/banqueteslumbre.com\/index.php?rest_route=\/wp\/v2\/pages"}],"about":[{"href":"https:\/\/banqueteslumbre.com\/index.php?rest_route=\/wp\/v2\/types\/page"}],"author":[{"embeddable":true,"href":"https:\/\/banqueteslumbre.com\/index.php?rest_route=\/wp\/v2\/users\/1"}],"replies":[{"embeddable":true,"href":"https:\/\/banqueteslumbre.com\/index.php?rest_route=%2Fwp%2Fv2%2Fcomments&post=426"}],"version-history":[{"count":12,"href":"https:\/\/banqueteslumbre.com\/index.php?rest_route=\/wp\/v2\/pages\/426\/revisions"}],"predecessor-version":[{"id":551,"href":"https:\/\/banqueteslumbre.com\/index.php?rest_route=\/wp\/v2\/pages\/426\/revisions\/551"}],"wp:attachment":[{"href":"https:\/\/banqueteslumbre.com\/index.php?rest_route=%2Fwp%2Fv2%2Fmedia&parent=426"}],"curies":[{"name":"wp","href":"https:\/\/api.w.org\/{rel}","templated":true}]}}