{"id":424,"date":"2021-07-03T00:40:13","date_gmt":"2021-07-03T00:40:13","guid":{"rendered":"https:\/\/banqueteslumbre.com\/?page_id=424"},"modified":"2021-07-04T02:37:53","modified_gmt":"2021-07-04T02:37:53","slug":"finca-san-pedro-2","status":"publish","type":"page","link":"https:\/\/banqueteslumbre.com\/?page_id=424","title":{"rendered":"Finca San Pedro"},"content":{"rendered":"\t\t<div data-elementor-type=\"wp-page\" data-elementor-id=\"424\" class=\"elementor elementor-424\" data-elementor-settings=\"[]\">\n\t\t\t\t\t\t\t<div class=\"elementor-section-wrap\">\n\t\t\t\t\t\t\t<section class=\"elementor-section elementor-top-section elementor-element elementor-element-1cb13c7 elementor-section-boxed elementor-section-height-default elementor-section-height-default\" data-id=\"1cb13c7\" data-element_type=\"section\" data-settings=\"{&quot;_ha_eqh_enable&quot;:false}\">\n\t\t\t\t\t\t<div class=\"elementor-container elementor-column-gap-default\">\n\t\t\t\t\t<div class=\"elementor-column elementor-col-100 elementor-top-column elementor-element elementor-element-2400ce8\" data-id=\"2400ce8\" data-element_type=\"column\">\n\t\t\t<div class=\"elementor-widget-wrap elementor-element-populated\">\n\t\t\t\t\t\t\t\t<div class=\"elementor-element elementor-element-00e9187 elementor-widget elementor-widget-prime-slider-dragon\" data-id=\"00e9187\" data-element_type=\"widget\" data-widget_type=\"prime-slider-dragon.default\">\n\t\t\t\t<div class=\"elementor-widget-container\">\n\t\t\t\t\t\t<div class=\"bdt-prime-slider\">\n\t\t\t\t<div class=\"bdt-prime-slider-dragon\">\n\n\t\t\t\t<div class=\"bdt-position-relative bdt-visible-toggle\" bdt-slideshow=\"{&quot;animation&quot;:&quot;fade&quot;,&quot;ratio&quot;:&quot;16:9&quot;,&quot;min-height&quot;:480,&quot;autoplay&quot;:true,&quot;autoplay-interval&quot;:5000,&quot;pause-on-hover&quot;:false}\">\n\n\t\t\t\t\t<ul class=\"bdt-slideshow-items\">\n\t\t\n            <li class=\"bdt-slideshow-item bdt-flex bdt-flex-middle elementor-repeater-item-4257cec\">\n\n\t\t\t\t<div class=\"bdt-ps-dragon-bg\">\n\t\t\t\t\t\n\t\t<div class=\"bdt-ps-slide-img\" style=\"background-image: url('https:\/\/banqueteslumbre.com\/wp-content\/uploads\/2021\/07\/1556687388.jpg')\"><\/div>\n\n\t\t\t\t\t\t<\/div>\n\n\t\t\t\t<div class=\"bdt-ps-dragon-slide-image\">\n\t\t\t\t\t\n\t\t<div class=\"bdt-ps-slide-img\" style=\"background-image: url('https:\/\/banqueteslumbre.com\/wp-content\/uploads\/2021\/07\/1556687388.jpg')\"><\/div>\n\n\t\t\t\t\t\t<\/div>\n\n\t\t\t\t\t\t\t\t\n\t\t\t\t\t\t\t<div class=\"bdt-prime-slider-wrapper\">\n\t\t\t\t<div class=\"bdt-prime-slider-content\">\n\n\t\t\t\t\t\t\t\t\t\t\t<div class=\"bdt-sub-title\">\n\t\t\t\t\t\t\t<h4 bdt-slideshow-parallax=\"x: 100,-100; opacity: 1,1,0\">\n\t\t\t\t\t\t\t\tvive momentos \u00fanicos\t\t\t\t\t\t\t<\/h4>\n\t\t\t\t\t\t<\/div>\n\t\t\t\t\t\n\t\t\t\t\t\t\t\t\t\t\t<div class=\"bdt-main-title\">\n\t\t\t\t\t\t\t<h1 class=\"bdt-title-tag\"  bdt-slideshow-parallax=\"x: 200,-200; opacity: 1,1,0\">\n\t\t\t\t\t\t\t\t\t\t\t\t\t\t\t\t\t<span class=\"frist-word\">finca<\/span> san pedro\t\t\t\t\t\t\t\t\t\t\t\t\t\t\t\t<\/h1>\n\t\t\t\t\t\t<\/div>\n\t\t\t\t\t\n\t\t\t\t\t\n\t\t\t\t\t<div bdt-slideshow-parallax=\"x: 400,-400; opacity: 1,1,0\">\n\t\t\t\t\t\t\n\t\t\t\t\t\t\t<\/div>\n\t\t\t\t\t\t\n\t\t\t\t<\/div>\n\t\t\t<\/div>\n\n        \n            <\/li>\n\n        \n            <li class=\"bdt-slideshow-item bdt-flex bdt-flex-middle elementor-repeater-item-5db84e3\">\n\n\t\t\t\t<div class=\"bdt-ps-dragon-bg\">\n\t\t\t\t\t\n\t\t<div class=\"bdt-ps-slide-img\" style=\"background-image: url('https:\/\/banqueteslumbre.com\/wp-content\/uploads\/2021\/07\/186363052_1442720426060613_5416551844436730607_n.jpg')\"><\/div>\n\n\t\t\t\t\t\t<\/div>\n\n\t\t\t\t<div class=\"bdt-ps-dragon-slide-image\">\n\t\t\t\t\t\n\t\t<div class=\"bdt-ps-slide-img\" style=\"background-image: url('https:\/\/banqueteslumbre.com\/wp-content\/uploads\/2021\/07\/186363052_1442720426060613_5416551844436730607_n.jpg')\"><\/div>\n\n\t\t\t\t\t\t<\/div>\n\n\t\t\t\t\t\t\t\t\n\t\t\t\t\t\t\t<div class=\"bdt-prime-slider-wrapper\">\n\t\t\t\t<div class=\"bdt-prime-slider-content\">\n\n\t\t\t\t\t\t\t\t\t\t\t<div class=\"bdt-sub-title\">\n\t\t\t\t\t\t\t<h4 bdt-slideshow-parallax=\"x: 100,-100; opacity: 1,1,0\">\n\t\t\t\t\t\t\t\tvive momentos \u00fanicos\t\t\t\t\t\t\t<\/h4>\n\t\t\t\t\t\t<\/div>\n\t\t\t\t\t\n\t\t\t\t\t\t\t\t\t\t\t<div class=\"bdt-main-title\">\n\t\t\t\t\t\t\t<h1 class=\"bdt-title-tag\"  bdt-slideshow-parallax=\"x: 200,-200; opacity: 1,1,0\">\n\t\t\t\t\t\t\t\t\t\t\t\t\t\t\t\t\t<span class=\"frist-word\">finca<\/span> san pedro\t\t\t\t\t\t\t\t\t\t\t\t\t\t\t\t<\/h1>\n\t\t\t\t\t\t<\/div>\n\t\t\t\t\t\n\t\t\t\t\t\n\t\t\t\t\t<div bdt-slideshow-parallax=\"x: 400,-400; opacity: 1,1,0\">\n\t\t\t\t\t\t\n\t\t\t\t\t\t\t<\/div>\n\t\t\t\t\t\t\n\t\t\t\t<\/div>\n\t\t\t<\/div>\n\n        \n            <\/li>\n\n        \n            <li class=\"bdt-slideshow-item bdt-flex bdt-flex-middle elementor-repeater-item-cf8ab1a\">\n\n\t\t\t\t<div class=\"bdt-ps-dragon-bg\">\n\t\t\t\t\t\n\t\t<div class=\"bdt-ps-slide-img\" style=\"background-image: url('https:\/\/banqueteslumbre.com\/wp-content\/uploads\/2021\/07\/1556687386.jpg')\"><\/div>\n\n\t\t\t\t\t\t<\/div>\n\n\t\t\t\t<div class=\"bdt-ps-dragon-slide-image\">\n\t\t\t\t\t\n\t\t<div class=\"bdt-ps-slide-img\" style=\"background-image: url('https:\/\/banqueteslumbre.com\/wp-content\/uploads\/2021\/07\/1556687386.jpg')\"><\/div>\n\n\t\t\t\t\t\t<\/div>\n\n\t\t\t\t\t\t\t\t\n\t\t\t\t\t\t\t<div class=\"bdt-prime-slider-wrapper\">\n\t\t\t\t<div class=\"bdt-prime-slider-content\">\n\n\t\t\t\t\t\t\t\t\t\t\t<div class=\"bdt-sub-title\">\n\t\t\t\t\t\t\t<h4 bdt-slideshow-parallax=\"x: 100,-100; opacity: 1,1,0\">\n\t\t\t\t\t\t\t\tvive momentos \u00fanicos\t\t\t\t\t\t\t<\/h4>\n\t\t\t\t\t\t<\/div>\n\t\t\t\t\t\n\t\t\t\t\t\t\t\t\t\t\t<div class=\"bdt-main-title\">\n\t\t\t\t\t\t\t<h1 class=\"bdt-title-tag\"  bdt-slideshow-parallax=\"x: 200,-200; opacity: 1,1,0\">\n\t\t\t\t\t\t\t\t\t\t\t\t\t\t\t\t\t<span class=\"frist-word\">finca<\/span> san pedro\t\t\t\t\t\t\t\t\t\t\t\t\t\t\t\t<\/h1>\n\t\t\t\t\t\t<\/div>\n\t\t\t\t\t\n\t\t\t\t\t\n\t\t\t\t\t<div bdt-slideshow-parallax=\"x: 400,-400; opacity: 1,1,0\">\n\t\t\t\t\t\t\n\t\t\t\t\t\t\t<\/div>\n\t\t\t\t\t\t\n\t\t\t\t<\/div>\n\t\t\t<\/div>\n\n        \n            <\/li>\n\n        \n                <\/ul>\n\n                            \n                <ul class=\"bdt-dotnav bdt-dotnav-vertical\">\n\n                                        <li bdt-slideshow-item=\"0\" data-label=\"01\" ><a href=\"#\"><\/a><\/li>\n                                        <li bdt-slideshow-item=\"1\" data-label=\"02\" ><a href=\"#\"><\/a><\/li>\n                                        <li bdt-slideshow-item=\"2\" data-label=\"03\" ><a href=\"#\"><\/a><\/li>\n                                        \n                <\/ul>\n\n            \n        \t\t\t\t\n            <\/div>\n\t\t\t\t\t<\/div>\n        \t\t<\/div>\n\t\t\t\t<\/div>\n\t\t\t\t\t<\/div>\n\t\t<\/div>\n\t\t\t\t\t\t\t<\/div>\n\t\t<\/section>\n\t\t\t\t<section class=\"elementor-section elementor-top-section elementor-element elementor-element-cf941e0 elementor-section-boxed elementor-section-height-default elementor-section-height-default\" data-id=\"cf941e0\" data-element_type=\"section\" data-settings=\"{&quot;_ha_eqh_enable&quot;:false}\">\n\t\t\t\t\t\t<div class=\"elementor-container elementor-column-gap-default\">\n\t\t\t\t\t<div class=\"elementor-column elementor-col-50 elementor-top-column elementor-element elementor-element-9807ebd\" data-id=\"9807ebd\" data-element_type=\"column\">\n\t\t\t<div class=\"elementor-widget-wrap elementor-element-populated\">\n\t\t\t\t\t\t\t\t<div class=\"elementor-element elementor-element-f95b7c7 elementor-widget elementor-widget-image\" data-id=\"f95b7c7\" data-element_type=\"widget\" data-widget_type=\"image.default\">\n\t\t\t\t<div class=\"elementor-widget-container\">\n\t\t\t\t\t\t\t\t\t\t\t\t\t\t\t<img width=\"800\" height=\"642\" src=\"https:\/\/banqueteslumbre.com\/wp-content\/uploads\/2021\/07\/182025584_1433141580351831_8370915435184646168_n-2.jpg\" class=\"attachment-large size-large\" alt=\"\" loading=\"lazy\" srcset=\"https:\/\/banqueteslumbre.com\/wp-content\/uploads\/2021\/07\/182025584_1433141580351831_8370915435184646168_n-2.jpg 960w, https:\/\/banqueteslumbre.com\/wp-content\/uploads\/2021\/07\/182025584_1433141580351831_8370915435184646168_n-2-300x241.jpg 300w, https:\/\/banqueteslumbre.com\/wp-content\/uploads\/2021\/07\/182025584_1433141580351831_8370915435184646168_n-2-768x616.jpg 768w\" sizes=\"(max-width: 800px) 100vw, 800px\" \/>\t\t\t\t\t\t\t\t\t\t\t\t\t\t\t<\/div>\n\t\t\t\t<\/div>\n\t\t\t\t\t<\/div>\n\t\t<\/div>\n\t\t\t\t<div class=\"elementor-column elementor-col-50 elementor-top-column elementor-element elementor-element-4e20083\" data-id=\"4e20083\" data-element_type=\"column\">\n\t\t\t<div class=\"elementor-widget-wrap elementor-element-populated\">\n\t\t\t\t\t\t\t\t<div class=\"elementor-element elementor-element-b26d7ac elementor-widget elementor-widget-heading\" data-id=\"b26d7ac\" data-element_type=\"widget\" data-widget_type=\"heading.default\">\n\t\t\t\t<div class=\"elementor-widget-container\">\n\t\t\t<h2 class=\"elementor-heading-title elementor-size-default\">Vive momentos \u00fanicos<\/h2>\t\t<\/div>\n\t\t\t\t<\/div>\n\t\t\t\t<div class=\"elementor-element elementor-element-7e34255 elementor-widget elementor-widget-text-editor\" data-id=\"7e34255\" data-element_type=\"widget\" data-widget_type=\"text-editor.default\">\n\t\t\t\t<div class=\"elementor-widget-container\">\n\t\t\t\t\t\t\t\t<p>Nos caracterizamos por ser un jard\u00edn sofisticado, reconfortante y moderno. Nuestra excelente atenci\u00f3n, as\u00ed como los servicios personalizados y nuestro equipo de profesionales, har\u00e1n de tu evento una experiencia que quedar\u00e1 grabada en la memoria de todos los presentes, envolvi\u00e9ndolos con la magia de un lugar extraordinario.<\/p>\t\t\t\t\t\t<\/div>\n\t\t\t\t<\/div>\n\t\t\t\t\t<\/div>\n\t\t<\/div>\n\t\t\t\t\t\t\t<\/div>\n\t\t<\/section>\n\t\t\t\t<section class=\"elementor-section elementor-top-section elementor-element elementor-element-3c26dbd elementor-section-boxed elementor-section-height-default elementor-section-height-default\" data-id=\"3c26dbd\" data-element_type=\"section\" data-settings=\"{&quot;_ha_eqh_enable&quot;:false}\">\n\t\t\t\t\t\t<div class=\"elementor-container elementor-column-gap-default\">\n\t\t\t\t\t<div class=\"elementor-column elementor-col-100 elementor-top-column elementor-element elementor-element-b7c6d3a\" data-id=\"b7c6d3a\" data-element_type=\"column\">\n\t\t\t<div class=\"elementor-widget-wrap elementor-element-populated\">\n\t\t\t\t\t\t\t\t<div class=\"elementor-element elementor-element-2ea13b4 elementor-arrows-position-inside elementor-pagination-position-outside elementor-widget elementor-widget-image-carousel\" data-id=\"2ea13b4\" data-element_type=\"widget\" data-settings=\"{&quot;navigation&quot;:&quot;both&quot;,&quot;autoplay&quot;:&quot;yes&quot;,&quot;pause_on_hover&quot;:&quot;yes&quot;,&quot;pause_on_interaction&quot;:&quot;yes&quot;,&quot;autoplay_speed&quot;:5000,&quot;infinite&quot;:&quot;yes&quot;,&quot;speed&quot;:500}\" data-widget_type=\"image-carousel.default\">\n\t\t\t\t<div class=\"elementor-widget-container\">\n\t\t\t\t\t<div class=\"elementor-image-carousel-wrapper swiper-container\" dir=\"ltr\">\n\t\t\t<div class=\"elementor-image-carousel swiper-wrapper\">\n\t\t\t\t<div class=\"swiper-slide\"><figure class=\"swiper-slide-inner\"><img class=\"swiper-slide-image\" src=\"https:\/\/banqueteslumbre.com\/wp-content\/uploads\/2021\/07\/117968120_939716706440962_2731532097632368903_n-300x204.jpg\" alt=\"bodas en cuernavaca\" \/><\/figure><\/div><div class=\"swiper-slide\"><figure class=\"swiper-slide-inner\"><img class=\"swiper-slide-image\" src=\"https:\/\/banqueteslumbre.com\/wp-content\/uploads\/2021\/07\/1556687386-1-300x199.jpg\" alt=\"bodas en cuernavaca\" \/><\/figure><\/div><div class=\"swiper-slide\"><figure class=\"swiper-slide-inner\"><img class=\"swiper-slide-image\" src=\"https:\/\/banqueteslumbre.com\/wp-content\/uploads\/2021\/07\/1556722858-300x199.jpg\" alt=\"bodas en cuernavaca\" \/><\/figure><\/div><div class=\"swiper-slide\"><figure class=\"swiper-slide-inner\"><img class=\"swiper-slide-image\" src=\"https:\/\/banqueteslumbre.com\/wp-content\/uploads\/2021\/07\/92570269_851160071963293_1316362563750985728_n-300x225.jpg\" alt=\"bodas en cuernavaca\" \/><\/figure><\/div><div class=\"swiper-slide\"><figure class=\"swiper-slide-inner\"><img class=\"swiper-slide-image\" src=\"https:\/\/banqueteslumbre.com\/wp-content\/uploads\/2021\/07\/92225829_851160145296619_9069716051377258496_n-300x208.jpg\" alt=\"bodas en cuernavaca\" \/><\/figure><\/div><div class=\"swiper-slide\"><figure class=\"swiper-slide-inner\"><img class=\"swiper-slide-image\" src=\"https:\/\/banqueteslumbre.com\/wp-content\/uploads\/2021\/07\/92181085_851160215296612_2377840941860913152_n-300x279.jpg\" alt=\"bodas en cuernavaca\" \/><\/figure><\/div><div class=\"swiper-slide\"><figure class=\"swiper-slide-inner\"><img class=\"swiper-slide-image\" src=\"https:\/\/banqueteslumbre.com\/wp-content\/uploads\/2021\/07\/92177121_851160251963275_4047541784924913664_n-300x244.jpg\" alt=\"bodas en cuernavaca\" \/><\/figure><\/div><div class=\"swiper-slide\"><figure class=\"swiper-slide-inner\"><img class=\"swiper-slide-image\" src=\"https:\/\/banqueteslumbre.com\/wp-content\/uploads\/2021\/07\/119384051_964273250651974_3781871842011210657_n-300x225.jpg\" alt=\"bodas en cuernavaca\" \/><\/figure><\/div><div class=\"swiper-slide\"><figure class=\"swiper-slide-inner\"><img class=\"swiper-slide-image\" src=\"https:\/\/banqueteslumbre.com\/wp-content\/uploads\/2021\/07\/93122026_851160298629937_696709837907558400_n-300x198.jpg\" alt=\"bodas en cuernavaca\" \/><\/figure><\/div><div class=\"swiper-slide\"><figure class=\"swiper-slide-inner\"><img class=\"swiper-slide-image\" src=\"https:\/\/banqueteslumbre.com\/wp-content\/uploads\/2021\/07\/1556723888-300x225.jpg\" alt=\"bodas en cuernavaca\" \/><\/figure><\/div><div class=\"swiper-slide\"><figure class=\"swiper-slide-inner\"><img class=\"swiper-slide-image\" src=\"https:\/\/banqueteslumbre.com\/wp-content\/uploads\/2021\/07\/1556722680-300x225.jpg\" alt=\"bodas en cuernavaca\" \/><\/figure><\/div><div class=\"swiper-slide\"><figure class=\"swiper-slide-inner\"><img class=\"swiper-slide-image\" src=\"https:\/\/banqueteslumbre.com\/wp-content\/uploads\/2021\/07\/1556687388-1-300x199.jpg\" alt=\"bodas en cuernavaca\" \/><\/figure><\/div><div class=\"swiper-slide\"><figure class=\"swiper-slide-inner\"><img class=\"swiper-slide-image\" src=\"https:\/\/banqueteslumbre.com\/wp-content\/uploads\/2021\/07\/186363052_1442720426060613_5416551844436730607_n-1-300x234.jpg\" alt=\"bodas en cuernavaca\" \/><\/figure><\/div><div class=\"swiper-slide\"><figure class=\"swiper-slide-inner\"><img class=\"swiper-slide-image\" src=\"https:\/\/banqueteslumbre.com\/wp-content\/uploads\/2021\/07\/182025584_1433141580351831_8370915435184646168_n-1-300x241.jpg\" alt=\"bodas en cuernavaca\" \/><\/figure><\/div><div class=\"swiper-slide\"><figure class=\"swiper-slide-inner\"><img class=\"swiper-slide-image\" src=\"https:\/\/banqueteslumbre.com\/wp-content\/uploads\/2021\/07\/181075369_1112364675842830_5466470616288616617_n-300x278.jpg\" alt=\"bodas en cuernavaca\" \/><\/figure><\/div>\t\t\t<\/div>\n\t\t\t\t\t\t\t\t\t\t\t\t<div class=\"swiper-pagination\"><\/div>\n\t\t\t\t\t\t\t\t\t\t\t\t\t<div class=\"elementor-swiper-button elementor-swiper-button-prev\">\n\t\t\t\t\t\t<i class=\"eicon-chevron-left\" aria-hidden=\"true\"><\/i>\n\t\t\t\t\t\t<span class=\"elementor-screen-only\">Anterior<\/span>\n\t\t\t\t\t<\/div>\n\t\t\t\t\t<div class=\"elementor-swiper-button elementor-swiper-button-next\">\n\t\t\t\t\t\t<i class=\"eicon-chevron-right\" aria-hidden=\"true\"><\/i>\n\t\t\t\t\t\t<span class=\"elementor-screen-only\">Siguiente<\/span>\n\t\t\t\t\t<\/div>\n\t\t\t\t\t\t\t\t\t<\/div>\n\t\t\t\t<\/div>\n\t\t\t\t<\/div>\n\t\t\t\t\t<\/div>\n\t\t<\/div>\n\t\t\t\t\t\t\t<\/div>\n\t\t<\/section>\n\t\t\t\t\t\t<\/div>\n\t\t\t\t\t<\/div>\n\t\t","protected":false},"excerpt":{"rendered":"<p>vive momentos \u00fanicos finca san pedro vive momentos \u00fanicos finca san pedro vive momentos \u00fanicos finca san pedro Vive momentos \u00fanicos Nos caracterizamos por ser un jard\u00edn sofisticado, reconfortante y moderno. Nuestra excelente atenci\u00f3n, as\u00ed como los servicios personalizados y nuestro equipo de profesionales, har\u00e1n de tu evento una experiencia que quedar\u00e1 grabada en la [&hellip;]<\/p>\n","protected":false},"author":1,"featured_media":0,"parent":0,"menu_order":0,"comment_status":"closed","ping_status":"closed","template":"elementor_header_footer","meta":[],"yoast_head":"<!-- This site is optimized with the Yoast SEO plugin v16.6.1 - https:\/\/yoast.com\/wordpress\/plugins\/seo\/ -->\n<title>Finca San Pedro | Lumbr\u00e9 Wedding<\/title>\n<meta name=\"robots\" content=\"index, follow, max-snippet:-1, max-image-preview:large, max-video-preview:-1\" \/>\n<link rel=\"canonical\" href=\"https:\/\/banqueteslumbre.com\/?page_id=424\" \/>\n<meta property=\"og:locale\" content=\"es_ES\" \/>\n<meta property=\"og:type\" content=\"article\" \/>\n<meta property=\"og:title\" content=\"Finca San Pedro | Lumbr\u00e9 Wedding\" \/>\n<meta property=\"og:description\" content=\"vive momentos \u00fanicos finca san pedro vive momentos \u00fanicos finca san pedro vive momentos \u00fanicos finca san pedro Vive momentos \u00fanicos Nos caracterizamos por ser un jard\u00edn sofisticado, reconfortante y moderno. Nuestra excelente atenci\u00f3n, as\u00ed como los servicios personalizados y nuestro equipo de profesionales, har\u00e1n de tu evento una experiencia que quedar\u00e1 grabada en la [&hellip;]\" \/>\n<meta property=\"og:url\" content=\"https:\/\/banqueteslumbre.com\/?page_id=424\" \/>\n<meta property=\"og:site_name\" content=\"Lumbr\u00e9 Wedding\" \/>\n<meta property=\"article:publisher\" content=\"https:\/\/www.facebook.com\/LumbreWedding\/\" \/>\n<meta property=\"article:modified_time\" content=\"2021-07-04T02:37:53+00:00\" \/>\n<meta property=\"og:image\" content=\"http:\/\/banqueteslumbre.com\/wp-content\/uploads\/2021\/07\/182025584_1433141580351831_8370915435184646168_n-2.jpg\" \/>\n<meta name=\"twitter:card\" content=\"summary_large_image\" \/>\n<script type=\"application\/ld+json\" class=\"yoast-schema-graph\">{\"@context\":\"https:\/\/schema.org\",\"@graph\":[{\"@type\":\"Organization\",\"@id\":\"https:\/\/banqueteslumbre.com\/#organization\",\"name\":\"Lumbr\\u00e9 Wedding\",\"url\":\"https:\/\/banqueteslumbre.com\/\",\"sameAs\":[\"https:\/\/www.facebook.com\/LumbreWedding\/\",\"https:\/\/www.instagram.com\/lumbrewedding\/\"],\"logo\":{\"@type\":\"ImageObject\",\"@id\":\"https:\/\/banqueteslumbre.com\/#logo\",\"inLanguage\":\"es\",\"url\":\"https:\/\/banqueteslumbre.com\/wp-content\/uploads\/2021\/06\/Diseno-sin-titulo-38.png\",\"contentUrl\":\"https:\/\/banqueteslumbre.com\/wp-content\/uploads\/2021\/06\/Diseno-sin-titulo-38.png\",\"width\":210,\"height\":210,\"caption\":\"Lumbr\\u00e9 Wedding\"},\"image\":{\"@id\":\"https:\/\/banqueteslumbre.com\/#logo\"}},{\"@type\":\"WebSite\",\"@id\":\"https:\/\/banqueteslumbre.com\/#website\",\"url\":\"https:\/\/banqueteslumbre.com\/\",\"name\":\"Lumbr\\u00e9 Wedding\",\"description\":\"\",\"publisher\":{\"@id\":\"https:\/\/banqueteslumbre.com\/#organization\"},\"potentialAction\":[{\"@type\":\"SearchAction\",\"target\":{\"@type\":\"EntryPoint\",\"urlTemplate\":\"https:\/\/banqueteslumbre.com\/?s={search_term_string}\"},\"query-input\":\"required name=search_term_string\"}],\"inLanguage\":\"es\"},{\"@type\":\"ImageObject\",\"@id\":\"https:\/\/banqueteslumbre.com\/?page_id=424#primaryimage\",\"inLanguage\":\"es\",\"url\":\"http:\/\/banqueteslumbre.com\/wp-content\/uploads\/2021\/07\/182025584_1433141580351831_8370915435184646168_n-2.jpg\",\"contentUrl\":\"http:\/\/banqueteslumbre.com\/wp-content\/uploads\/2021\/07\/182025584_1433141580351831_8370915435184646168_n-2.jpg\"},{\"@type\":\"WebPage\",\"@id\":\"https:\/\/banqueteslumbre.com\/?page_id=424#webpage\",\"url\":\"https:\/\/banqueteslumbre.com\/?page_id=424\",\"name\":\"Finca San Pedro | Lumbr\\u00e9 Wedding\",\"isPartOf\":{\"@id\":\"https:\/\/banqueteslumbre.com\/#website\"},\"primaryImageOfPage\":{\"@id\":\"https:\/\/banqueteslumbre.com\/?page_id=424#primaryimage\"},\"datePublished\":\"2021-07-03T00:40:13+00:00\",\"dateModified\":\"2021-07-04T02:37:53+00:00\",\"breadcrumb\":{\"@id\":\"https:\/\/banqueteslumbre.com\/?page_id=424#breadcrumb\"},\"inLanguage\":\"es\",\"potentialAction\":[{\"@type\":\"ReadAction\",\"target\":[\"https:\/\/banqueteslumbre.com\/?page_id=424\"]}]},{\"@type\":\"BreadcrumbList\",\"@id\":\"https:\/\/banqueteslumbre.com\/?page_id=424#breadcrumb\",\"itemListElement\":[{\"@type\":\"ListItem\",\"position\":1,\"name\":\"Portada\",\"item\":\"https:\/\/banqueteslumbre.com\/\"},{\"@type\":\"ListItem\",\"position\":2,\"name\":\"Finca San Pedro\"}]}]}<\/script>\n<!-- \/ Yoast SEO plugin. -->","_links":{"self":[{"href":"https:\/\/banqueteslumbre.com\/index.php?rest_route=\/wp\/v2\/pages\/424"}],"collection":[{"href":"https:\/\/banqueteslumbre.com\/index.php?rest_route=\/wp\/v2\/pages"}],"about":[{"href":"https:\/\/banqueteslumbre.com\/index.php?rest_route=\/wp\/v2\/types\/page"}],"author":[{"embeddable":true,"href":"https:\/\/banqueteslumbre.com\/index.php?rest_route=\/wp\/v2\/users\/1"}],"replies":[{"embeddable":true,"href":"https:\/\/banqueteslumbre.com\/index.php?rest_route=%2Fwp%2Fv2%2Fcomments&post=424"}],"version-history":[{"count":20,"href":"https:\/\/banqueteslumbre.com\/index.php?rest_route=\/wp\/v2\/pages\/424\/revisions"}],"predecessor-version":[{"id":703,"href":"https:\/\/banqueteslumbre.com\/index.php?rest_route=\/wp\/v2\/pages\/424\/revisions\/703"}],"wp:attachment":[{"href":"https:\/\/banqueteslumbre.com\/index.php?rest_route=%2Fwp%2Fv2%2Fmedia&parent=424"}],"curies":[{"name":"wp","href":"https:\/\/api.w.org\/{rel}","templated":true}]}}