{"id":416,"date":"2021-07-02T21:48:42","date_gmt":"2021-07-02T21:48:42","guid":{"rendered":"https:\/\/banqueteslumbre.com\/?page_id=416"},"modified":"2021-07-04T22:17:38","modified_gmt":"2021-07-04T22:17:38","slug":"contacto","status":"publish","type":"page","link":"https:\/\/banqueteslumbre.com\/?page_id=416","title":{"rendered":"Contacto"},"content":{"rendered":"\t\t<div data-elementor-type=\"wp-page\" data-elementor-id=\"416\" class=\"elementor elementor-416\" data-elementor-settings=\"[]\">\n\t\t\t\t\t\t\t<div class=\"elementor-section-wrap\">\n\t\t\t\t\t\t\t<section class=\"elementor-section elementor-top-section elementor-element elementor-element-5c6fef1 elementor-section-boxed elementor-section-height-default elementor-section-height-default\" data-id=\"5c6fef1\" data-element_type=\"section\" data-settings=\"{&quot;_ha_eqh_enable&quot;:false}\">\n\t\t\t\t\t\t<div class=\"elementor-container elementor-column-gap-default\">\n\t\t\t\t\t<div class=\"elementor-column elementor-col-50 elementor-top-column elementor-element elementor-element-081c181\" data-id=\"081c181\" data-element_type=\"column\">\n\t\t\t<div class=\"elementor-widget-wrap elementor-element-populated\">\n\t\t\t\t\t\t\t\t<div class=\"elementor-element elementor-element-d9444d4 elementor-widget elementor-widget-heading\" data-id=\"d9444d4\" data-element_type=\"widget\" data-widget_type=\"heading.default\">\n\t\t\t\t<div class=\"elementor-widget-container\">\n\t\t\t<h2 class=\"elementor-heading-title elementor-size-default\">CONTACTANOS <\/h2>\t\t<\/div>\n\t\t\t\t<\/div>\n\t\t\t\t<div class=\"elementor-element elementor-element-fde806e elementor-widget elementor-widget-wp-widget-caldera_forms_widget\" data-id=\"fde806e\" data-element_type=\"widget\" data-widget_type=\"wp-widget-caldera_forms_widget.default\">\n\t\t\t\t<div class=\"elementor-widget-container\">\n\t\t\t<h5> <\/h5><div class=\"caldera-grid\" id=\"caldera_form_1\" data-cf-ver=\"1.9.4\" data-cf-form-id=\"CF60de156d7d5e8\"><div id=\"caldera_notices_1\" data-spinner=\"https:\/\/banqueteslumbre.com\/wp-admin\/images\/spinner.gif\"><\/div><form data-instance=\"1\" class=\"CF60de156d7d5e8 caldera_forms_form cfajax-trigger\" method=\"POST\" enctype=\"multipart\/form-data\" id=\"CF60de156d7d5e8_1\" data-form-id=\"CF60de156d7d5e8\" aria-label=\"Parejas bodas \" data-target=\"#caldera_notices_1\" data-template=\"#cfajax_CF60de156d7d5e8-tmpl\" data-cfajax=\"CF60de156d7d5e8\" data-load-element=\"_parent\" data-load-class=\"cf_processing\" data-post-disable=\"0\" data-action=\"cf_process_ajax_submit\" data-request=\"https:\/\/banqueteslumbre.com\/?cf_api=CF60de156d7d5e8\" data-hiderows=\"true\">\r\n<input type=\"hidden\" id=\"_cf_verify_CF60de156d7d5e8\" name=\"_cf_verify\" value=\"0958959e9a\"  data-nonce-time=\"1776356469\" \/><input type=\"hidden\" name=\"_wp_http_referer\" value=\"\/index.php?rest_route=%2Fwp%2Fv2%2Fpages%2F416\" \/><div id=\"cf2-CF60de156d7d5e8_1\"><\/div><input type=\"hidden\" name=\"_cf_frm_id\" value=\"CF60de156d7d5e8\">\r\n<input type=\"hidden\" name=\"_cf_frm_ct\" value=\"1\">\r\n<input type=\"hidden\" name=\"cfajax\" value=\"CF60de156d7d5e8\">\r\n<input type=\"hidden\" name=\"_cf_cr_pst\" value=\"416\">\r\n<div class=\"hide\" style=\"display:none; overflow:hidden;height:0;width:0;\">\r\n<label>Nombre<\/label><input type=\"text\" name=\"name\" value=\"\" autocomplete=\"off\">\r\n<\/div><div id=\"CF60de156d7d5e8_1-row-1\"  class=\"row  single\"><div  class=\"col-sm-12  single\"><div data-field-wrapper=\"fld_9676555\" class=\"form-group\" id=\"fld_9676555_1-wrap\">\r\n\t<label id=\"fld_9676555Label\" for=\"fld_9676555_1\" class=\"control-label\">Tu nombre<\/label>\r\n\t<div class=\"\">\r\n\t\t<input    type=\"text\" data-field=\"fld_9676555\" class=\" form-control\" id=\"fld_9676555_1\" name=\"fld_9676555\" value=\"\" data-type=\"text\"   aria-labelledby=\"fld_9676555Label\" >\t\t\t<\/div>\r\n<\/div>\r\n<div data-field-wrapper=\"fld_7900587\" class=\"form-group\" id=\"fld_7900587_1-wrap\">\r\n\t<label id=\"fld_7900587Label\" for=\"fld_7900587_1\" class=\"control-label\">Direcci\u00f3n de correo electr\u00f3nico <span aria-hidden=\"true\" role=\"presentation\" class=\"field_required\" style=\"color:#ee0000;\">*<\/span><\/label>\r\n\t<div class=\"\">\r\n\t\t<input   required type=\"email\" data-field=\"fld_7900587\" class=\" form-control\" id=\"fld_7900587_1\" name=\"fld_7900587\" value=\"\" data-type=\"email\" aria-required=\"true\"   aria-labelledby=\"fld_7900587Label\" >\t\t\t<\/div>\r\n<\/div>\r\n<div data-field-wrapper=\"fld_7762125\" class=\"form-group\" id=\"fld_7762125_1-wrap\">\r\n\t<label id=\"fld_7762125Label\" for=\"fld_7762125_1\" class=\"control-label\"> N\u00famero de WhatsApp <span aria-hidden=\"true\" role=\"presentation\" class=\"field_required\" style=\"color:#ee0000;\">*<\/span><\/label>\r\n\t<div class=\"\">\r\n\t\t<input   required type=\"tel\" data-field=\"fld_7762125\" class=\" form-control\" id=\"fld_7762125_1\" name=\"fld_7762125\" value=\"\" data-type=\"phone_better\" aria-required=\"true\"   aria-labelledby=\"fld_7762125Label\" >\t\t\t<\/div>\r\n<\/div>\r\n<div data-field-wrapper=\"fld_1711564\" class=\"form-group\" id=\"fld_1711564_1-wrap\">\r\n\t<label id=\"fld_1711564Label\" for=\"fld_1711564_1\" class=\"control-label\">Numero de invitados<\/label>\r\n\t<div class=\"\">\r\n\t\t<input    type=\"number\" data-field=\"fld_1711564\" class=\" form-control\" id=\"fld_1711564_1\" name=\"fld_1711564\" value=\"\" data-type=\"number\" data-parsley-type=\"number\"   aria-labelledby=\"fld_1711564Label\" >\t\t\t<\/div>\r\n<\/div>\r\n<div data-field-wrapper=\"fld_1834\" class=\"form-group\" id=\"fld_1834_1-wrap\">\r\n\t<label id=\"fld_1834Label\" for=\"fld_1834_1\" class=\"control-label\">Fecha de la boda<\/label>\r\n\t<div class=\"\">\r\n\t\t<input    type=\"number\" data-field=\"fld_1834\" class=\" form-control\" id=\"fld_1834_1\" name=\"fld_1834\" value=\"\" data-type=\"number\" data-parsley-type=\"number\"   aria-labelledby=\"fld_1834Label\" >\t\t\t<\/div>\r\n<\/div>\r\n<div data-field-wrapper=\"fld_4089741\" class=\"form-group\" id=\"fld_4089741_1-wrap\">\r\n\t<label id=\"fld_4089741Label\" for=\"fld_4089741_1\" class=\"control-label\">Comentarios<\/label>\r\n\t<div class=\"\">\r\n\t\t<textarea name=\"fld_4089741\" value=\"\" data-field=\"fld_4089741\" class=\"form-control\" id=\"fld_4089741_1\" rows=\"4\"    aria-labelledby=\"fld_4089741Label\" ><\/textarea>\n\t\t\t<\/div>\r\n<\/div>\r\n<div data-field-wrapper=\"fld_7167496\" class=\"form-group\" id=\"fld_7167496_1-wrap\">\r\n<div class=\"\">\r\n\t<input  class=\"btn btn-default\" type=\"submit\" name=\"fld_7167496\" id=\"fld_7167496_1\" value=\"Enviar\" data-field=\"fld_7167496\"  >\n<\/div>\r\n<\/div>\r\n\t<input class=\"button_trigger_1\" type=\"hidden\" name=\"fld_7167496\" id=\"fld_7167496_1_btn\" value=\"\" data-field=\"fld_7167496\"  \/>\n<\/div><\/div><\/form>\r\n<\/div>\r\n\t\t<\/div>\n\t\t\t\t<\/div>\n\t\t\t\t\t<\/div>\n\t\t<\/div>\n\t\t\t\t<div class=\"elementor-column elementor-col-50 elementor-top-column elementor-element elementor-element-828f41a\" data-id=\"828f41a\" data-element_type=\"column\">\n\t\t\t<div class=\"elementor-widget-wrap elementor-element-populated\">\n\t\t\t\t\t\t\t\t<div class=\"elementor-element elementor-element-450e639 elementor-widget elementor-widget-image\" data-id=\"450e639\" data-element_type=\"widget\" data-widget_type=\"image.default\">\n\t\t\t\t<div class=\"elementor-widget-container\">\n\t\t\t\t\t\t\t\t\t\t\t\t\t\t\t<img width=\"800\" height=\"533\" src=\"https:\/\/banqueteslumbre.com\/wp-content\/uploads\/2021\/06\/5-1024x682.jpg\" class=\"attachment-large size-large\" alt=\"hacienda para bodas\" loading=\"lazy\" srcset=\"https:\/\/banqueteslumbre.com\/wp-content\/uploads\/2021\/06\/5-1024x682.jpg 1024w, https:\/\/banqueteslumbre.com\/wp-content\/uploads\/2021\/06\/5-300x200.jpg 300w, https:\/\/banqueteslumbre.com\/wp-content\/uploads\/2021\/06\/5-768x512.jpg 768w, https:\/\/banqueteslumbre.com\/wp-content\/uploads\/2021\/06\/5-1536x1023.jpg 1536w, https:\/\/banqueteslumbre.com\/wp-content\/uploads\/2021\/06\/5-90x60.jpg 90w, https:\/\/banqueteslumbre.com\/wp-content\/uploads\/2021\/06\/5-420x280.jpg 420w, https:\/\/banqueteslumbre.com\/wp-content\/uploads\/2021\/06\/5.jpg 1920w\" sizes=\"(max-width: 800px) 100vw, 800px\" \/>\t\t\t\t\t\t\t\t\t\t\t\t\t\t\t<\/div>\n\t\t\t\t<\/div>\n\t\t\t\t\t<\/div>\n\t\t<\/div>\n\t\t\t\t\t\t\t<\/div>\n\t\t<\/section>\n\t\t\t\t<section class=\"elementor-section elementor-top-section elementor-element elementor-element-516ab341 elementor-section-content-middle elementor-section-boxed elementor-section-height-default elementor-section-height-default\" data-id=\"516ab341\" data-element_type=\"section\" data-settings=\"{&quot;_ha_eqh_enable&quot;:false}\">\n\t\t\t\t\t\t<div class=\"elementor-container elementor-column-gap-no\">\n\t\t\t\t\t<div class=\"elementor-column elementor-col-100 elementor-top-column elementor-element elementor-element-7fdf0138\" data-id=\"7fdf0138\" data-element_type=\"column\">\n\t\t\t<div class=\"elementor-widget-wrap elementor-element-populated\">\n\t\t\t\t\t\t\t\t<div class=\"elementor-element elementor-element-5d4ac154 elementor-widget elementor-widget-heading\" data-id=\"5d4ac154\" data-element_type=\"widget\" data-widget_type=\"heading.default\">\n\t\t\t\t<div class=\"elementor-widget-container\">\n\t\t\t<h5 class=\"elementor-heading-title elementor-size-default\">Contacto<\/h5>\t\t<\/div>\n\t\t\t\t<\/div>\n\t\t\t\t<div class=\"elementor-element elementor-element-1d126526 elementor-widget elementor-widget-heading\" data-id=\"1d126526\" data-element_type=\"widget\" data-widget_type=\"heading.default\">\n\t\t\t\t<div class=\"elementor-widget-container\">\n\t\t\t<h4 class=\"elementor-heading-title elementor-size-default\">Para recibir m\u00e1s informaci\u00f3n comun\u00edcate con nosotros\n<\/h4>\t\t<\/div>\n\t\t\t\t<\/div>\n\t\t\t\t<div class=\"elementor-element elementor-element-58f939d1 elementor-widget elementor-widget-heading\" data-id=\"58f939d1\" data-element_type=\"widget\" data-widget_type=\"heading.default\">\n\t\t\t\t<div class=\"elementor-widget-container\">\n\t\t\t<h4 class=\"elementor-heading-title elementor-size-default\">info@banqueteslumbre.com <\/h4>\t\t<\/div>\n\t\t\t\t<\/div>\n\t\t\t\t<div class=\"elementor-element elementor-element-3f23306 elementor-widget elementor-widget-heading\" data-id=\"3f23306\" data-element_type=\"widget\" data-widget_type=\"heading.default\">\n\t\t\t\t<div class=\"elementor-widget-container\">\n\t\t\t<h4 class=\"elementor-heading-title elementor-size-default\">+52 777 374 1717<\/h4>\t\t<\/div>\n\t\t\t\t<\/div>\n\t\t\t\t<div class=\"elementor-element elementor-element-4f2c2160 elementor-shape-square e-grid-align-left elementor-grid-0 elementor-widget elementor-widget-social-icons\" data-id=\"4f2c2160\" data-element_type=\"widget\" data-widget_type=\"social-icons.default\">\n\t\t\t\t<div class=\"elementor-widget-container\">\n\t\t\t\t\t<div class=\"elementor-social-icons-wrapper elementor-grid\">\n\t\t\t\t\t\t\t<div class=\"elementor-grid-item\">\n\t\t\t\t\t<a class=\"elementor-icon elementor-social-icon elementor-social-icon-facebook-f elementor-animation-grow elementor-repeater-item-9c86cde\" target=\"_blank\">\n\t\t\t\t\t\t<span class=\"elementor-screen-only\">Facebook-f<\/span>\n\t\t\t\t\t\t<i class=\"fab fa-facebook-f\"><\/i>\t\t\t\t\t<\/a>\n\t\t\t\t<\/div>\n\t\t\t\t\t\t\t<div class=\"elementor-grid-item\">\n\t\t\t\t\t<a class=\"elementor-icon elementor-social-icon elementor-social-icon-instagram elementor-animation-grow elementor-repeater-item-7bcbd9e\" href=\"https:\/\/www.instagram.com\/lumbrewedding\/\" target=\"_blank\">\n\t\t\t\t\t\t<span class=\"elementor-screen-only\">Instagram<\/span>\n\t\t\t\t\t\t<i class=\"fab fa-instagram\"><\/i>\t\t\t\t\t<\/a>\n\t\t\t\t<\/div>\n\t\t\t\t\t\t\t<div class=\"elementor-grid-item\">\n\t\t\t\t\t<a class=\"elementor-icon elementor-social-icon elementor-social-icon-whatsapp elementor-animation-grow elementor-repeater-item-9209efc\" href=\"https:\/\/www.facebook.com\/LumbreWedding\/\" target=\"_blank\">\n\t\t\t\t\t\t<span class=\"elementor-screen-only\">Whatsapp<\/span>\n\t\t\t\t\t\t<i class=\"fab fa-whatsapp\"><\/i>\t\t\t\t\t<\/a>\n\t\t\t\t<\/div>\n\t\t\t\t\t<\/div>\n\t\t\t\t<\/div>\n\t\t\t\t<\/div>\n\t\t\t\t\t<\/div>\n\t\t<\/div>\n\t\t\t\t\t\t\t<\/div>\n\t\t<\/section>\n\t\t\t\t\t\t<\/div>\n\t\t\t\t\t<\/div>\n\t\t","protected":false},"excerpt":{"rendered":"<p>CONTACTANOS Contacto Para recibir m\u00e1s informaci\u00f3n comun\u00edcate con nosotros info@banqueteslumbre.com +52 777 374 1717 Facebook-f Instagram Whatsapp<\/p>\n","protected":false},"author":1,"featured_media":0,"parent":0,"menu_order":0,"comment_status":"closed","ping_status":"closed","template":"elementor_header_footer","meta":[],"yoast_head":"<!-- This site is optimized with the Yoast SEO plugin v16.6.1 - https:\/\/yoast.com\/wordpress\/plugins\/seo\/ -->\n<title>Contacto | Lumbr\u00e9 Wedding<\/title>\n<meta name=\"robots\" content=\"index, follow, max-snippet:-1, max-image-preview:large, max-video-preview:-1\" \/>\n<link rel=\"canonical\" href=\"https:\/\/banqueteslumbre.com\/?page_id=416\" \/>\n<meta property=\"og:locale\" content=\"es_ES\" \/>\n<meta property=\"og:type\" content=\"article\" \/>\n<meta property=\"og:title\" content=\"Contacto | Lumbr\u00e9 Wedding\" \/>\n<meta property=\"og:description\" content=\"CONTACTANOS Contacto Para recibir m\u00e1s informaci\u00f3n comun\u00edcate con nosotros info@banqueteslumbre.com +52 777 374 1717 Facebook-f Instagram Whatsapp\" \/>\n<meta property=\"og:url\" content=\"https:\/\/banqueteslumbre.com\/?page_id=416\" \/>\n<meta property=\"og:site_name\" content=\"Lumbr\u00e9 Wedding\" \/>\n<meta property=\"article:publisher\" content=\"https:\/\/www.facebook.com\/LumbreWedding\/\" \/>\n<meta property=\"article:modified_time\" content=\"2021-07-04T22:17:38+00:00\" \/>\n<meta property=\"og:image\" content=\"http:\/\/banqueteslumbre.com\/wp-content\/uploads\/2021\/06\/5-1024x682.jpg\" \/>\n<meta name=\"twitter:card\" content=\"summary_large_image\" \/>\n<script type=\"application\/ld+json\" class=\"yoast-schema-graph\">{\"@context\":\"https:\/\/schema.org\",\"@graph\":[{\"@type\":\"Organization\",\"@id\":\"https:\/\/banqueteslumbre.com\/#organization\",\"name\":\"Lumbr\\u00e9 Wedding\",\"url\":\"https:\/\/banqueteslumbre.com\/\",\"sameAs\":[\"https:\/\/www.facebook.com\/LumbreWedding\/\",\"https:\/\/www.instagram.com\/lumbrewedding\/\"],\"logo\":{\"@type\":\"ImageObject\",\"@id\":\"https:\/\/banqueteslumbre.com\/#logo\",\"inLanguage\":\"es\",\"url\":\"https:\/\/banqueteslumbre.com\/wp-content\/uploads\/2021\/06\/Diseno-sin-titulo-38.png\",\"contentUrl\":\"https:\/\/banqueteslumbre.com\/wp-content\/uploads\/2021\/06\/Diseno-sin-titulo-38.png\",\"width\":210,\"height\":210,\"caption\":\"Lumbr\\u00e9 Wedding\"},\"image\":{\"@id\":\"https:\/\/banqueteslumbre.com\/#logo\"}},{\"@type\":\"WebSite\",\"@id\":\"https:\/\/banqueteslumbre.com\/#website\",\"url\":\"https:\/\/banqueteslumbre.com\/\",\"name\":\"Lumbr\\u00e9 Wedding\",\"description\":\"\",\"publisher\":{\"@id\":\"https:\/\/banqueteslumbre.com\/#organization\"},\"potentialAction\":[{\"@type\":\"SearchAction\",\"target\":{\"@type\":\"EntryPoint\",\"urlTemplate\":\"https:\/\/banqueteslumbre.com\/?s={search_term_string}\"},\"query-input\":\"required name=search_term_string\"}],\"inLanguage\":\"es\"},{\"@type\":\"ImageObject\",\"@id\":\"https:\/\/banqueteslumbre.com\/?page_id=416#primaryimage\",\"inLanguage\":\"es\",\"url\":\"http:\/\/banqueteslumbre.com\/wp-content\/uploads\/2021\/06\/5-1024x682.jpg\",\"contentUrl\":\"http:\/\/banqueteslumbre.com\/wp-content\/uploads\/2021\/06\/5-1024x682.jpg\"},{\"@type\":\"WebPage\",\"@id\":\"https:\/\/banqueteslumbre.com\/?page_id=416#webpage\",\"url\":\"https:\/\/banqueteslumbre.com\/?page_id=416\",\"name\":\"Contacto | Lumbr\\u00e9 Wedding\",\"isPartOf\":{\"@id\":\"https:\/\/banqueteslumbre.com\/#website\"},\"primaryImageOfPage\":{\"@id\":\"https:\/\/banqueteslumbre.com\/?page_id=416#primaryimage\"},\"datePublished\":\"2021-07-02T21:48:42+00:00\",\"dateModified\":\"2021-07-04T22:17:38+00:00\",\"breadcrumb\":{\"@id\":\"https:\/\/banqueteslumbre.com\/?page_id=416#breadcrumb\"},\"inLanguage\":\"es\",\"potentialAction\":[{\"@type\":\"ReadAction\",\"target\":[\"https:\/\/banqueteslumbre.com\/?page_id=416\"]}]},{\"@type\":\"BreadcrumbList\",\"@id\":\"https:\/\/banqueteslumbre.com\/?page_id=416#breadcrumb\",\"itemListElement\":[{\"@type\":\"ListItem\",\"position\":1,\"name\":\"Portada\",\"item\":\"https:\/\/banqueteslumbre.com\/\"},{\"@type\":\"ListItem\",\"position\":2,\"name\":\"Contacto\"}]}]}<\/script>\n<!-- \/ Yoast SEO plugin. -->","_links":{"self":[{"href":"https:\/\/banqueteslumbre.com\/index.php?rest_route=\/wp\/v2\/pages\/416"}],"collection":[{"href":"https:\/\/banqueteslumbre.com\/index.php?rest_route=\/wp\/v2\/pages"}],"about":[{"href":"https:\/\/banqueteslumbre.com\/index.php?rest_route=\/wp\/v2\/types\/page"}],"author":[{"embeddable":true,"href":"https:\/\/banqueteslumbre.com\/index.php?rest_route=\/wp\/v2\/users\/1"}],"replies":[{"embeddable":true,"href":"https:\/\/banqueteslumbre.com\/index.php?rest_route=%2Fwp%2Fv2%2Fcomments&post=416"}],"version-history":[{"count":10,"href":"https:\/\/banqueteslumbre.com\/index.php?rest_route=\/wp\/v2\/pages\/416\/revisions"}],"predecessor-version":[{"id":757,"href":"https:\/\/banqueteslumbre.com\/index.php?rest_route=\/wp\/v2\/pages\/416\/revisions\/757"}],"wp:attachment":[{"href":"https:\/\/banqueteslumbre.com\/index.php?rest_route=%2Fwp%2Fv2%2Fmedia&parent=416"}],"curies":[{"name":"wp","href":"https:\/\/api.w.org\/{rel}","templated":true}]}}