{"id":347,"date":"2021-07-02T16:40:47","date_gmt":"2021-07-02T16:40:47","guid":{"rendered":"https:\/\/banqueteslumbre.com\/?page_id=347"},"modified":"2021-07-04T00:27:59","modified_gmt":"2021-07-04T00:27:59","slug":"banquetes","status":"publish","type":"page","link":"https:\/\/banqueteslumbre.com\/?page_id=347","title":{"rendered":"Banquetes"},"content":{"rendered":"\t\t<div data-elementor-type=\"wp-page\" data-elementor-id=\"347\" class=\"elementor elementor-347\" data-elementor-settings=\"[]\">\n\t\t\t\t\t\t\t<div class=\"elementor-section-wrap\">\n\t\t\t\t\t\t\t<section class=\"elementor-section elementor-top-section elementor-element elementor-element-d368dd4 elementor-section-boxed elementor-section-height-default elementor-section-height-default\" data-id=\"d368dd4\" data-element_type=\"section\" data-settings=\"{&quot;_ha_eqh_enable&quot;:false}\">\n\t\t\t\t\t\t<div class=\"elementor-container elementor-column-gap-default\">\n\t\t\t\t\t<div class=\"elementor-column elementor-col-100 elementor-top-column elementor-element elementor-element-dde8bb7\" data-id=\"dde8bb7\" data-element_type=\"column\">\n\t\t\t<div class=\"elementor-widget-wrap elementor-element-populated\">\n\t\t\t\t\t\t\t\t<div class=\"elementor-element elementor-element-cc8ee38 elementor-hidden-phone elementor-widget elementor-widget-heading\" data-id=\"cc8ee38\" data-element_type=\"widget\" data-widget_type=\"heading.default\">\n\t\t\t\t<div class=\"elementor-widget-container\">\n\t\t\t<h2 class=\"elementor-heading-title elementor-size-default\">Catering<\/h2>\t\t<\/div>\n\t\t\t\t<\/div>\n\t\t\t\t\t<\/div>\n\t\t<\/div>\n\t\t\t\t\t\t\t<\/div>\n\t\t<\/section>\n\t\t\t\t<section class=\"elementor-section elementor-top-section elementor-element elementor-element-0ab6ee5 elementor-hidden-phone elementor-section-boxed elementor-section-height-default elementor-section-height-default\" data-id=\"0ab6ee5\" data-element_type=\"section\" data-settings=\"{&quot;_ha_eqh_enable&quot;:false}\">\n\t\t\t\t\t\t<div class=\"elementor-container elementor-column-gap-default\">\n\t\t\t\t\t<div class=\"elementor-column elementor-col-33 elementor-top-column elementor-element elementor-element-de0ee6a\" data-id=\"de0ee6a\" data-element_type=\"column\">\n\t\t\t<div class=\"elementor-widget-wrap elementor-element-populated\">\n\t\t\t\t\t\t\t\t<div class=\"elementor-element elementor-element-cadfc12 elementor-widget elementor-widget-image\" data-id=\"cadfc12\" data-element_type=\"widget\" data-widget_type=\"image.default\">\n\t\t\t\t<div class=\"elementor-widget-container\">\n\t\t\t\t\t\t\t\t\t\t\t\t\t\t\t<img width=\"768\" height=\"1024\" src=\"https:\/\/banqueteslumbre.com\/wp-content\/uploads\/2021\/07\/photo5120686991179098438-1-768x1024.jpg\" class=\"attachment-large size-large\" alt=\"banquete cuernavaca\" loading=\"lazy\" srcset=\"https:\/\/banqueteslumbre.com\/wp-content\/uploads\/2021\/07\/photo5120686991179098438-1-768x1024.jpg 768w, https:\/\/banqueteslumbre.com\/wp-content\/uploads\/2021\/07\/photo5120686991179098438-1-225x300.jpg 225w, https:\/\/banqueteslumbre.com\/wp-content\/uploads\/2021\/07\/photo5120686991179098438-1.jpg 960w\" sizes=\"(max-width: 768px) 100vw, 768px\" \/>\t\t\t\t\t\t\t\t\t\t\t\t\t\t\t<\/div>\n\t\t\t\t<\/div>\n\t\t\t\t\t<\/div>\n\t\t<\/div>\n\t\t\t\t<div class=\"elementor-column elementor-col-33 elementor-top-column elementor-element elementor-element-9a9ac29\" data-id=\"9a9ac29\" data-element_type=\"column\">\n\t\t\t<div class=\"elementor-widget-wrap elementor-element-populated\">\n\t\t\t\t\t\t\t\t<div class=\"elementor-element elementor-element-b69ee0b elementor-widget elementor-widget-image\" data-id=\"b69ee0b\" data-element_type=\"widget\" data-widget_type=\"image.default\">\n\t\t\t\t<div class=\"elementor-widget-container\">\n\t\t\t\t\t\t\t\t\t\t\t\t\t\t\t<img width=\"768\" height=\"1024\" src=\"https:\/\/banqueteslumbre.com\/wp-content\/uploads\/2021\/07\/photo5120686991179098437-1-768x1024.jpg\" class=\"attachment-large size-large\" alt=\"banquete cuernavaca\" loading=\"lazy\" srcset=\"https:\/\/banqueteslumbre.com\/wp-content\/uploads\/2021\/07\/photo5120686991179098437-1-768x1024.jpg 768w, https:\/\/banqueteslumbre.com\/wp-content\/uploads\/2021\/07\/photo5120686991179098437-1-225x300.jpg 225w, https:\/\/banqueteslumbre.com\/wp-content\/uploads\/2021\/07\/photo5120686991179098437-1.jpg 960w\" sizes=\"(max-width: 768px) 100vw, 768px\" \/>\t\t\t\t\t\t\t\t\t\t\t\t\t\t\t<\/div>\n\t\t\t\t<\/div>\n\t\t\t\t\t<\/div>\n\t\t<\/div>\n\t\t\t\t<div class=\"elementor-column elementor-col-33 elementor-top-column elementor-element elementor-element-9229a1a\" data-id=\"9229a1a\" data-element_type=\"column\">\n\t\t\t<div class=\"elementor-widget-wrap elementor-element-populated\">\n\t\t\t\t\t\t\t\t<div class=\"elementor-element elementor-element-333d8e6 elementor-widget elementor-widget-image\" data-id=\"333d8e6\" data-element_type=\"widget\" data-widget_type=\"image.default\">\n\t\t\t\t<div class=\"elementor-widget-container\">\n\t\t\t\t\t\t\t\t\t\t\t\t\t\t\t<img width=\"768\" height=\"1024\" src=\"https:\/\/banqueteslumbre.com\/wp-content\/uploads\/2021\/07\/photo5120686991179098378-1-768x1024.jpg\" class=\"attachment-large size-large\" alt=\"banquete cuernavaca\" loading=\"lazy\" srcset=\"https:\/\/banqueteslumbre.com\/wp-content\/uploads\/2021\/07\/photo5120686991179098378-1-768x1024.jpg 768w, https:\/\/banqueteslumbre.com\/wp-content\/uploads\/2021\/07\/photo5120686991179098378-1-225x300.jpg 225w, https:\/\/banqueteslumbre.com\/wp-content\/uploads\/2021\/07\/photo5120686991179098378-1.jpg 960w\" sizes=\"(max-width: 768px) 100vw, 768px\" \/>\t\t\t\t\t\t\t\t\t\t\t\t\t\t\t<\/div>\n\t\t\t\t<\/div>\n\t\t\t\t\t<\/div>\n\t\t<\/div>\n\t\t\t\t\t\t\t<\/div>\n\t\t<\/section>\n\t\t\t\t<section class=\"elementor-section elementor-top-section elementor-element elementor-element-470b1f6 elementor-section-content-middle elementor-section-boxed elementor-section-height-default elementor-section-height-default\" data-id=\"470b1f6\" data-element_type=\"section\" data-settings=\"{&quot;_ha_eqh_enable&quot;:false}\">\n\t\t\t\t\t\t<div class=\"elementor-container elementor-column-gap-no\">\n\t\t\t\t\t<div class=\"elementor-column elementor-col-100 elementor-top-column elementor-element elementor-element-49ba578e\" data-id=\"49ba578e\" data-element_type=\"column\">\n\t\t\t<div class=\"elementor-widget-wrap elementor-element-populated\">\n\t\t\t\t\t\t\t\t<div class=\"elementor-element elementor-element-7070400d elementor-widget elementor-widget-heading\" data-id=\"7070400d\" data-element_type=\"widget\" data-widget_type=\"heading.default\">\n\t\t\t\t<div class=\"elementor-widget-container\">\n\t\t\t<h4 class=\"elementor-heading-title elementor-size-default\">BANQUETE\n<\/h4>\t\t<\/div>\n\t\t\t\t<\/div>\n\t\t\t\t<div class=\"elementor-element elementor-element-6984935d elementor-widget elementor-widget-heading\" data-id=\"6984935d\" data-element_type=\"widget\" data-widget_type=\"heading.default\">\n\t\t\t\t<div class=\"elementor-widget-container\">\n\t\t\t<h5 class=\"elementor-heading-title elementor-size-default\">Lumbr\u00e9 Wedding te brindar\u00e1 experiencias culinarias excepcionales, a trav\u00e9s de men\u00fas elaborados por nuestro chef ejecutivo, reconocido en toda la republica  gracias a su originalidad y profesionalismo; conquistando a tus invitados a trav\u00e9s del paladar\n<\/h5>\t\t<\/div>\n\t\t\t\t<\/div>\n\t\t\t\t<div class=\"elementor-element elementor-element-220df0ac gallery-spacing-custom elementor-widget elementor-widget-image-gallery\" data-id=\"220df0ac\" data-element_type=\"widget\" data-widget_type=\"image-gallery.default\">\n\t\t\t\t<div class=\"elementor-widget-container\">\n\t\t\t\t\t<div class=\"elementor-image-gallery\">\n\t\t\t<div id='gallery-1' class='gallery galleryid-347 gallery-columns-3 gallery-size-medium'><figure class='gallery-item'>\n\t\t\t<div class='gallery-icon landscape'>\n\t\t\t\t<a data-elementor-open-lightbox=\"yes\" data-elementor-lightbox-slideshow=\"220df0ac\" data-elementor-lightbox-title=\"Lumbr\u00e9 Wedding\" data-elementor-lightbox-description=\"Lumbr\u00e9 Wedding\" href='https:\/\/banqueteslumbre.com\/wp-content\/uploads\/2021\/07\/Diseno-sin-titulo-15.jpg'><img width=\"300\" height=\"300\" src=\"https:\/\/banqueteslumbre.com\/wp-content\/uploads\/2021\/07\/Diseno-sin-titulo-15-300x300.jpg\" class=\"attachment-medium size-medium\" alt=\"Lumbr\u00e9 Wedding\" loading=\"lazy\" aria-describedby=\"gallery-1-380\" srcset=\"https:\/\/banqueteslumbre.com\/wp-content\/uploads\/2021\/07\/Diseno-sin-titulo-15.jpg 300w, https:\/\/banqueteslumbre.com\/wp-content\/uploads\/2021\/07\/Diseno-sin-titulo-15-150x150.jpg 150w\" sizes=\"(max-width: 300px) 100vw, 300px\" \/><\/a>\n\t\t\t<\/div>\n\t\t\t\t<figcaption class='wp-caption-text gallery-caption' id='gallery-1-380'>\n\t\t\t\tLumbr\u00e9 Wedding\n\t\t\t\t<\/figcaption><\/figure><figure class='gallery-item'>\n\t\t\t<div class='gallery-icon landscape'>\n\t\t\t\t<a data-elementor-open-lightbox=\"yes\" data-elementor-lightbox-slideshow=\"220df0ac\" data-elementor-lightbox-title=\"Lumbr\u00e9 Wedding\" data-elementor-lightbox-description=\"Lumbr\u00e9 Wedding\" href='https:\/\/banqueteslumbre.com\/wp-content\/uploads\/2021\/07\/Diseno-sin-titulo-13.jpg'><img width=\"300\" height=\"300\" src=\"https:\/\/banqueteslumbre.com\/wp-content\/uploads\/2021\/07\/Diseno-sin-titulo-13-300x300.jpg\" class=\"attachment-medium size-medium\" alt=\"Lumbr\u00e9 Wedding\" loading=\"lazy\" aria-describedby=\"gallery-1-378\" srcset=\"https:\/\/banqueteslumbre.com\/wp-content\/uploads\/2021\/07\/Diseno-sin-titulo-13.jpg 300w, https:\/\/banqueteslumbre.com\/wp-content\/uploads\/2021\/07\/Diseno-sin-titulo-13-150x150.jpg 150w\" sizes=\"(max-width: 300px) 100vw, 300px\" \/><\/a>\n\t\t\t<\/div>\n\t\t\t\t<figcaption class='wp-caption-text gallery-caption' id='gallery-1-378'>\n\t\t\t\tLumbr\u00e9 Wedding\n\t\t\t\t<\/figcaption><\/figure><figure class='gallery-item'>\n\t\t\t<div class='gallery-icon landscape'>\n\t\t\t\t<a data-elementor-open-lightbox=\"yes\" data-elementor-lightbox-slideshow=\"220df0ac\" data-elementor-lightbox-title=\"Lumbr\u00e9 Wedding\" data-elementor-lightbox-description=\"Lumbr\u00e9 Wedding\" href='https:\/\/banqueteslumbre.com\/wp-content\/uploads\/2021\/07\/Diseno-sin-titulo-14.jpg'><img width=\"300\" height=\"300\" src=\"https:\/\/banqueteslumbre.com\/wp-content\/uploads\/2021\/07\/Diseno-sin-titulo-14-300x300.jpg\" class=\"attachment-medium size-medium\" alt=\"Lumbr\u00e9 Wedding\" loading=\"lazy\" aria-describedby=\"gallery-1-379\" srcset=\"https:\/\/banqueteslumbre.com\/wp-content\/uploads\/2021\/07\/Diseno-sin-titulo-14.jpg 300w, https:\/\/banqueteslumbre.com\/wp-content\/uploads\/2021\/07\/Diseno-sin-titulo-14-150x150.jpg 150w\" sizes=\"(max-width: 300px) 100vw, 300px\" \/><\/a>\n\t\t\t<\/div>\n\t\t\t\t<figcaption class='wp-caption-text gallery-caption' id='gallery-1-379'>\n\t\t\t\tLumbr\u00e9 Wedding\n\t\t\t\t<\/figcaption><\/figure><figure class='gallery-item'>\n\t\t\t<div class='gallery-icon landscape'>\n\t\t\t\t<a data-elementor-open-lightbox=\"yes\" data-elementor-lightbox-slideshow=\"220df0ac\" data-elementor-lightbox-title=\"Lumbr\u00e9 Wedding\" data-elementor-lightbox-description=\"Lumbr\u00e9 Wedding\" href='https:\/\/banqueteslumbre.com\/wp-content\/uploads\/2021\/07\/Diseno-sin-titulo-4.jpg'><img width=\"300\" height=\"300\" src=\"https:\/\/banqueteslumbre.com\/wp-content\/uploads\/2021\/07\/Diseno-sin-titulo-4-300x300.jpg\" class=\"attachment-medium size-medium\" alt=\"Lumbr\u00e9 Wedding\" loading=\"lazy\" aria-describedby=\"gallery-1-377\" srcset=\"https:\/\/banqueteslumbre.com\/wp-content\/uploads\/2021\/07\/Diseno-sin-titulo-4.jpg 300w, https:\/\/banqueteslumbre.com\/wp-content\/uploads\/2021\/07\/Diseno-sin-titulo-4-150x150.jpg 150w\" sizes=\"(max-width: 300px) 100vw, 300px\" \/><\/a>\n\t\t\t<\/div>\n\t\t\t\t<figcaption class='wp-caption-text gallery-caption' id='gallery-1-377'>\n\t\t\t\tLumbr\u00e9 Wedding\n\t\t\t\t<\/figcaption><\/figure><figure class='gallery-item'>\n\t\t\t<div class='gallery-icon landscape'>\n\t\t\t\t<a data-elementor-open-lightbox=\"yes\" data-elementor-lightbox-slideshow=\"220df0ac\" data-elementor-lightbox-title=\"Lumbr\u00e9 Wedding\" data-elementor-lightbox-description=\"Lumbr\u00e9 Wedding\" href='https:\/\/banqueteslumbre.com\/wp-content\/uploads\/2021\/07\/Diseno-sin-titulo-16.jpg'><img width=\"300\" height=\"300\" src=\"https:\/\/banqueteslumbre.com\/wp-content\/uploads\/2021\/07\/Diseno-sin-titulo-16-300x300.jpg\" class=\"attachment-medium size-medium\" alt=\"Lumbr\u00e9 Wedding\" loading=\"lazy\" aria-describedby=\"gallery-1-381\" srcset=\"https:\/\/banqueteslumbre.com\/wp-content\/uploads\/2021\/07\/Diseno-sin-titulo-16.jpg 300w, https:\/\/banqueteslumbre.com\/wp-content\/uploads\/2021\/07\/Diseno-sin-titulo-16-150x150.jpg 150w\" sizes=\"(max-width: 300px) 100vw, 300px\" \/><\/a>\n\t\t\t<\/div>\n\t\t\t\t<figcaption class='wp-caption-text gallery-caption' id='gallery-1-381'>\n\t\t\t\tLumbr\u00e9 Wedding\n\t\t\t\t<\/figcaption><\/figure><figure class='gallery-item'>\n\t\t\t<div class='gallery-icon landscape'>\n\t\t\t\t<a data-elementor-open-lightbox=\"yes\" data-elementor-lightbox-slideshow=\"220df0ac\" data-elementor-lightbox-title=\"Lumbr\u00e9 Wedding\" data-elementor-lightbox-description=\"Lumbr\u00e9 Wedding\" href='https:\/\/banqueteslumbre.com\/wp-content\/uploads\/2021\/07\/Diseno-sin-titulo-5.jpg'><img width=\"300\" height=\"300\" src=\"https:\/\/banqueteslumbre.com\/wp-content\/uploads\/2021\/07\/Diseno-sin-titulo-5-300x300.jpg\" class=\"attachment-medium size-medium\" alt=\"Lumbr\u00e9 Wedding\" loading=\"lazy\" aria-describedby=\"gallery-1-376\" srcset=\"https:\/\/banqueteslumbre.com\/wp-content\/uploads\/2021\/07\/Diseno-sin-titulo-5.jpg 300w, https:\/\/banqueteslumbre.com\/wp-content\/uploads\/2021\/07\/Diseno-sin-titulo-5-150x150.jpg 150w\" sizes=\"(max-width: 300px) 100vw, 300px\" \/><\/a>\n\t\t\t<\/div>\n\t\t\t\t<figcaption class='wp-caption-text gallery-caption' id='gallery-1-376'>\n\t\t\t\tLumbr\u00e9 Wedding\n\t\t\t\t<\/figcaption><\/figure><figure class='gallery-item'>\n\t\t\t<div class='gallery-icon landscape'>\n\t\t\t\t<a data-elementor-open-lightbox=\"yes\" data-elementor-lightbox-slideshow=\"220df0ac\" data-elementor-lightbox-title=\"Lumbr\u00e9 Wedding\" data-elementor-lightbox-description=\"Lumbr\u00e9 Wedding\" href='https:\/\/banqueteslumbre.com\/wp-content\/uploads\/2021\/07\/Diseno-sin-titulo-8.jpg'><img width=\"300\" height=\"300\" src=\"https:\/\/banqueteslumbre.com\/wp-content\/uploads\/2021\/07\/Diseno-sin-titulo-8-300x300.jpg\" class=\"attachment-medium size-medium\" alt=\"Lumbr\u00e9 Wedding\" loading=\"lazy\" aria-describedby=\"gallery-1-373\" srcset=\"https:\/\/banqueteslumbre.com\/wp-content\/uploads\/2021\/07\/Diseno-sin-titulo-8.jpg 300w, https:\/\/banqueteslumbre.com\/wp-content\/uploads\/2021\/07\/Diseno-sin-titulo-8-150x150.jpg 150w\" sizes=\"(max-width: 300px) 100vw, 300px\" \/><\/a>\n\t\t\t<\/div>\n\t\t\t\t<figcaption class='wp-caption-text gallery-caption' id='gallery-1-373'>\n\t\t\t\tLumbr\u00e9 Wedding\n\t\t\t\t<\/figcaption><\/figure><figure class='gallery-item'>\n\t\t\t<div class='gallery-icon landscape'>\n\t\t\t\t<a data-elementor-open-lightbox=\"yes\" data-elementor-lightbox-slideshow=\"220df0ac\" data-elementor-lightbox-title=\"Lumbr\u00e9 Wedding\" data-elementor-lightbox-description=\"Lumbr\u00e9 Wedding\" href='https:\/\/banqueteslumbre.com\/wp-content\/uploads\/2021\/07\/Diseno-sin-titulo-7.jpg'><img width=\"300\" height=\"300\" src=\"https:\/\/banqueteslumbre.com\/wp-content\/uploads\/2021\/07\/Diseno-sin-titulo-7-300x300.jpg\" class=\"attachment-medium size-medium\" alt=\"Lumbr\u00e9 Wedding\" loading=\"lazy\" aria-describedby=\"gallery-1-374\" srcset=\"https:\/\/banqueteslumbre.com\/wp-content\/uploads\/2021\/07\/Diseno-sin-titulo-7.jpg 300w, https:\/\/banqueteslumbre.com\/wp-content\/uploads\/2021\/07\/Diseno-sin-titulo-7-150x150.jpg 150w\" sizes=\"(max-width: 300px) 100vw, 300px\" \/><\/a>\n\t\t\t<\/div>\n\t\t\t\t<figcaption class='wp-caption-text gallery-caption' id='gallery-1-374'>\n\t\t\t\tLumbr\u00e9 Wedding\n\t\t\t\t<\/figcaption><\/figure><figure class='gallery-item'>\n\t\t\t<div class='gallery-icon landscape'>\n\t\t\t\t<a data-elementor-open-lightbox=\"yes\" data-elementor-lightbox-slideshow=\"220df0ac\" data-elementor-lightbox-title=\"Lumbr\u00e9 Wedding\" data-elementor-lightbox-description=\"Lumbr\u00e9 Wedding\" href='https:\/\/banqueteslumbre.com\/wp-content\/uploads\/2021\/07\/Diseno-sin-titulo-10.jpg'><img width=\"300\" height=\"300\" src=\"https:\/\/banqueteslumbre.com\/wp-content\/uploads\/2021\/07\/Diseno-sin-titulo-10-300x300.jpg\" class=\"attachment-medium size-medium\" alt=\"Lumbr\u00e9 Wedding\" loading=\"lazy\" aria-describedby=\"gallery-1-371\" srcset=\"https:\/\/banqueteslumbre.com\/wp-content\/uploads\/2021\/07\/Diseno-sin-titulo-10.jpg 300w, https:\/\/banqueteslumbre.com\/wp-content\/uploads\/2021\/07\/Diseno-sin-titulo-10-150x150.jpg 150w\" sizes=\"(max-width: 300px) 100vw, 300px\" \/><\/a>\n\t\t\t<\/div>\n\t\t\t\t<figcaption class='wp-caption-text gallery-caption' id='gallery-1-371'>\n\t\t\t\tLumbr\u00e9 Wedding\n\t\t\t\t<\/figcaption><\/figure><figure class='gallery-item'>\n\t\t\t<div class='gallery-icon landscape'>\n\t\t\t\t<a data-elementor-open-lightbox=\"yes\" data-elementor-lightbox-slideshow=\"220df0ac\" data-elementor-lightbox-title=\"Lumbr\u00e9 Wedding\" data-elementor-lightbox-description=\"Lumbr\u00e9 Wedding\" href='https:\/\/banqueteslumbre.com\/wp-content\/uploads\/2021\/07\/Diseno-sin-titulo-11.jpg'><img width=\"300\" height=\"300\" src=\"https:\/\/banqueteslumbre.com\/wp-content\/uploads\/2021\/07\/Diseno-sin-titulo-11-300x300.jpg\" class=\"attachment-medium size-medium\" alt=\"Lumbr\u00e9 Wedding\" loading=\"lazy\" aria-describedby=\"gallery-1-370\" srcset=\"https:\/\/banqueteslumbre.com\/wp-content\/uploads\/2021\/07\/Diseno-sin-titulo-11.jpg 300w, https:\/\/banqueteslumbre.com\/wp-content\/uploads\/2021\/07\/Diseno-sin-titulo-11-150x150.jpg 150w\" sizes=\"(max-width: 300px) 100vw, 300px\" \/><\/a>\n\t\t\t<\/div>\n\t\t\t\t<figcaption class='wp-caption-text gallery-caption' id='gallery-1-370'>\n\t\t\t\tLumbr\u00e9 Wedding\n\t\t\t\t<\/figcaption><\/figure><figure class='gallery-item'>\n\t\t\t<div class='gallery-icon landscape'>\n\t\t\t\t<a data-elementor-open-lightbox=\"yes\" data-elementor-lightbox-slideshow=\"220df0ac\" data-elementor-lightbox-title=\"Lumbr\u00e9 Wedding\" data-elementor-lightbox-description=\"Lumbr\u00e9 Wedding\" href='https:\/\/banqueteslumbre.com\/wp-content\/uploads\/2021\/07\/Diseno-sin-titulo-12.jpg'><img width=\"300\" height=\"300\" src=\"https:\/\/banqueteslumbre.com\/wp-content\/uploads\/2021\/07\/Diseno-sin-titulo-12-300x300.jpg\" class=\"attachment-medium size-medium\" alt=\"Lumbr\u00e9 Wedding\" loading=\"lazy\" aria-describedby=\"gallery-1-369\" srcset=\"https:\/\/banqueteslumbre.com\/wp-content\/uploads\/2021\/07\/Diseno-sin-titulo-12.jpg 300w, https:\/\/banqueteslumbre.com\/wp-content\/uploads\/2021\/07\/Diseno-sin-titulo-12-150x150.jpg 150w\" sizes=\"(max-width: 300px) 100vw, 300px\" \/><\/a>\n\t\t\t<\/div>\n\t\t\t\t<figcaption class='wp-caption-text gallery-caption' id='gallery-1-369'>\n\t\t\t\tLumbr\u00e9 Wedding\n\t\t\t\t<\/figcaption><\/figure><figure class='gallery-item'>\n\t\t\t<div class='gallery-icon landscape'>\n\t\t\t\t<a data-elementor-open-lightbox=\"yes\" data-elementor-lightbox-slideshow=\"220df0ac\" data-elementor-lightbox-title=\"Lumbr\u00e9 Wedding\" data-elementor-lightbox-description=\"Lumbr\u00e9 Wedding\" href='https:\/\/banqueteslumbre.com\/wp-content\/uploads\/2021\/07\/Diseno-sin-titulo-9.jpg'><img width=\"300\" height=\"300\" src=\"https:\/\/banqueteslumbre.com\/wp-content\/uploads\/2021\/07\/Diseno-sin-titulo-9-300x300.jpg\" class=\"attachment-medium size-medium\" alt=\"Lumbr\u00e9 Wedding\" loading=\"lazy\" aria-describedby=\"gallery-1-372\" srcset=\"https:\/\/banqueteslumbre.com\/wp-content\/uploads\/2021\/07\/Diseno-sin-titulo-9.jpg 300w, https:\/\/banqueteslumbre.com\/wp-content\/uploads\/2021\/07\/Diseno-sin-titulo-9-150x150.jpg 150w\" sizes=\"(max-width: 300px) 100vw, 300px\" \/><\/a>\n\t\t\t<\/div>\n\t\t\t\t<figcaption class='wp-caption-text gallery-caption' id='gallery-1-372'>\n\t\t\t\tLumbr\u00e9 Wedding\n\t\t\t\t<\/figcaption><\/figure>\n\t\t<\/div>\n\t\t<\/div>\n\t\t\t\t<\/div>\n\t\t\t\t<\/div>\n\t\t\t\t\t<\/div>\n\t\t<\/div>\n\t\t\t\t\t\t\t<\/div>\n\t\t<\/section>\n\t\t\t\t\t\t<\/div>\n\t\t\t\t\t<\/div>\n\t\t","protected":false},"excerpt":{"rendered":"<p>Catering BANQUETE Lumbr\u00e9 Wedding te brindar\u00e1 experiencias culinarias excepcionales, a trav\u00e9s de men\u00fas elaborados por nuestro chef ejecutivo, reconocido en toda la republica gracias a su originalidad y profesionalismo; conquistando a tus invitados a trav\u00e9s del paladar Lumbr\u00e9 Wedding Lumbr\u00e9 Wedding Lumbr\u00e9 Wedding Lumbr\u00e9 Wedding Lumbr\u00e9 Wedding Lumbr\u00e9 Wedding Lumbr\u00e9 Wedding Lumbr\u00e9 Wedding Lumbr\u00e9 Wedding [&hellip;]<\/p>\n","protected":false},"author":1,"featured_media":0,"parent":0,"menu_order":4,"comment_status":"closed","ping_status":"closed","template":"elementor_header_footer","meta":[],"yoast_head":"<!-- This site is optimized with the Yoast SEO plugin v16.6.1 - https:\/\/yoast.com\/wordpress\/plugins\/seo\/ -->\n<title>Banquetes | Lumbr\u00e9 Wedding<\/title>\n<meta name=\"robots\" content=\"index, follow, max-snippet:-1, max-image-preview:large, max-video-preview:-1\" \/>\n<link rel=\"canonical\" href=\"https:\/\/banqueteslumbre.com\/?page_id=347\" \/>\n<meta property=\"og:locale\" content=\"es_ES\" \/>\n<meta property=\"og:type\" content=\"article\" \/>\n<meta property=\"og:title\" content=\"Banquetes | Lumbr\u00e9 Wedding\" \/>\n<meta property=\"og:description\" content=\"Catering BANQUETE Lumbr\u00e9 Wedding te brindar\u00e1 experiencias culinarias excepcionales, a trav\u00e9s de men\u00fas elaborados por nuestro chef ejecutivo, reconocido en toda la republica gracias a su originalidad y profesionalismo; conquistando a tus invitados a trav\u00e9s del paladar Lumbr\u00e9 Wedding Lumbr\u00e9 Wedding Lumbr\u00e9 Wedding Lumbr\u00e9 Wedding Lumbr\u00e9 Wedding Lumbr\u00e9 Wedding Lumbr\u00e9 Wedding Lumbr\u00e9 Wedding Lumbr\u00e9 Wedding [&hellip;]\" \/>\n<meta property=\"og:url\" content=\"https:\/\/banqueteslumbre.com\/?page_id=347\" \/>\n<meta property=\"og:site_name\" content=\"Lumbr\u00e9 Wedding\" \/>\n<meta property=\"article:publisher\" content=\"https:\/\/www.facebook.com\/LumbreWedding\/\" \/>\n<meta property=\"article:modified_time\" content=\"2021-07-04T00:27:59+00:00\" \/>\n<meta property=\"og:image\" content=\"http:\/\/banqueteslumbre.com\/wp-content\/uploads\/2021\/07\/photo5120686991179098438-1-768x1024.jpg\" \/>\n<meta name=\"twitter:card\" content=\"summary_large_image\" \/>\n<script type=\"application\/ld+json\" class=\"yoast-schema-graph\">{\"@context\":\"https:\/\/schema.org\",\"@graph\":[{\"@type\":\"Organization\",\"@id\":\"https:\/\/banqueteslumbre.com\/#organization\",\"name\":\"Lumbr\\u00e9 Wedding\",\"url\":\"https:\/\/banqueteslumbre.com\/\",\"sameAs\":[\"https:\/\/www.facebook.com\/LumbreWedding\/\",\"https:\/\/www.instagram.com\/lumbrewedding\/\"],\"logo\":{\"@type\":\"ImageObject\",\"@id\":\"https:\/\/banqueteslumbre.com\/#logo\",\"inLanguage\":\"es\",\"url\":\"https:\/\/banqueteslumbre.com\/wp-content\/uploads\/2021\/06\/Diseno-sin-titulo-38.png\",\"contentUrl\":\"https:\/\/banqueteslumbre.com\/wp-content\/uploads\/2021\/06\/Diseno-sin-titulo-38.png\",\"width\":210,\"height\":210,\"caption\":\"Lumbr\\u00e9 Wedding\"},\"image\":{\"@id\":\"https:\/\/banqueteslumbre.com\/#logo\"}},{\"@type\":\"WebSite\",\"@id\":\"https:\/\/banqueteslumbre.com\/#website\",\"url\":\"https:\/\/banqueteslumbre.com\/\",\"name\":\"Lumbr\\u00e9 Wedding\",\"description\":\"\",\"publisher\":{\"@id\":\"https:\/\/banqueteslumbre.com\/#organization\"},\"potentialAction\":[{\"@type\":\"SearchAction\",\"target\":{\"@type\":\"EntryPoint\",\"urlTemplate\":\"https:\/\/banqueteslumbre.com\/?s={search_term_string}\"},\"query-input\":\"required name=search_term_string\"}],\"inLanguage\":\"es\"},{\"@type\":\"ImageObject\",\"@id\":\"https:\/\/banqueteslumbre.com\/?page_id=347#primaryimage\",\"inLanguage\":\"es\",\"url\":\"http:\/\/banqueteslumbre.com\/wp-content\/uploads\/2021\/07\/photo5120686991179098438-1-768x1024.jpg\",\"contentUrl\":\"http:\/\/banqueteslumbre.com\/wp-content\/uploads\/2021\/07\/photo5120686991179098438-1-768x1024.jpg\"},{\"@type\":\"WebPage\",\"@id\":\"https:\/\/banqueteslumbre.com\/?page_id=347#webpage\",\"url\":\"https:\/\/banqueteslumbre.com\/?page_id=347\",\"name\":\"Banquetes | Lumbr\\u00e9 Wedding\",\"isPartOf\":{\"@id\":\"https:\/\/banqueteslumbre.com\/#website\"},\"primaryImageOfPage\":{\"@id\":\"https:\/\/banqueteslumbre.com\/?page_id=347#primaryimage\"},\"datePublished\":\"2021-07-02T16:40:47+00:00\",\"dateModified\":\"2021-07-04T00:27:59+00:00\",\"breadcrumb\":{\"@id\":\"https:\/\/banqueteslumbre.com\/?page_id=347#breadcrumb\"},\"inLanguage\":\"es\",\"potentialAction\":[{\"@type\":\"ReadAction\",\"target\":[\"https:\/\/banqueteslumbre.com\/?page_id=347\"]}]},{\"@type\":\"BreadcrumbList\",\"@id\":\"https:\/\/banqueteslumbre.com\/?page_id=347#breadcrumb\",\"itemListElement\":[{\"@type\":\"ListItem\",\"position\":1,\"name\":\"Portada\",\"item\":\"https:\/\/banqueteslumbre.com\/\"},{\"@type\":\"ListItem\",\"position\":2,\"name\":\"Banquetes\"}]}]}<\/script>\n<!-- \/ Yoast SEO plugin. -->","_links":{"self":[{"href":"https:\/\/banqueteslumbre.com\/index.php?rest_route=\/wp\/v2\/pages\/347"}],"collection":[{"href":"https:\/\/banqueteslumbre.com\/index.php?rest_route=\/wp\/v2\/pages"}],"about":[{"href":"https:\/\/banqueteslumbre.com\/index.php?rest_route=\/wp\/v2\/types\/page"}],"author":[{"embeddable":true,"href":"https:\/\/banqueteslumbre.com\/index.php?rest_route=\/wp\/v2\/users\/1"}],"replies":[{"embeddable":true,"href":"https:\/\/banqueteslumbre.com\/index.php?rest_route=%2Fwp%2Fv2%2Fcomments&post=347"}],"version-history":[{"count":19,"href":"https:\/\/banqueteslumbre.com\/index.php?rest_route=\/wp\/v2\/pages\/347\/revisions"}],"predecessor-version":[{"id":399,"href":"https:\/\/banqueteslumbre.com\/index.php?rest_route=\/wp\/v2\/pages\/347\/revisions\/399"}],"wp:attachment":[{"href":"https:\/\/banqueteslumbre.com\/index.php?rest_route=%2Fwp%2Fv2%2Fmedia&parent=347"}],"curies":[{"name":"wp","href":"https:\/\/api.w.org\/{rel}","templated":true}]}}