{"id":214,"date":"2021-07-01T20:57:10","date_gmt":"2021-07-01T20:57:10","guid":{"rendered":"https:\/\/banqueteslumbre.com\/?page_id=214"},"modified":"2021-07-04T02:16:00","modified_gmt":"2021-07-04T02:16:00","slug":"hacienda-casasano","status":"publish","type":"page","link":"https:\/\/banqueteslumbre.com\/?page_id=214","title":{"rendered":"Hacienda Casasano"},"content":{"rendered":"\t\t<div data-elementor-type=\"wp-page\" data-elementor-id=\"214\" class=\"elementor elementor-214\" data-elementor-settings=\"[]\">\n\t\t\t\t\t\t\t<div class=\"elementor-section-wrap\">\n\t\t\t\t\t\t\t<section class=\"elementor-section elementor-top-section elementor-element elementor-element-6a575e9 elementor-section-boxed elementor-section-height-default elementor-section-height-default\" data-id=\"6a575e9\" data-element_type=\"section\" data-settings=\"{&quot;_ha_eqh_enable&quot;:false}\">\n\t\t\t\t\t\t<div class=\"elementor-container elementor-column-gap-default\">\n\t\t\t\t\t<div class=\"elementor-column elementor-col-100 elementor-top-column elementor-element elementor-element-fc0f5c2\" data-id=\"fc0f5c2\" data-element_type=\"column\">\n\t\t\t<div class=\"elementor-widget-wrap elementor-element-populated\">\n\t\t\t\t\t\t\t\t<div class=\"elementor-element elementor-element-51fa198 elementor-widget elementor-widget-prime-slider-dragon\" data-id=\"51fa198\" data-element_type=\"widget\" data-widget_type=\"prime-slider-dragon.default\">\n\t\t\t\t<div class=\"elementor-widget-container\">\n\t\t\t\t\t\t<div class=\"bdt-prime-slider\">\n\t\t\t\t<div class=\"bdt-prime-slider-dragon\">\n\n\t\t\t\t<div class=\"bdt-position-relative bdt-visible-toggle\" bdt-slideshow=\"{&quot;animation&quot;:&quot;fade&quot;,&quot;ratio&quot;:&quot;16:9&quot;,&quot;min-height&quot;:300,&quot;autoplay&quot;:true,&quot;autoplay-interval&quot;:5000,&quot;pause-on-hover&quot;:false}\">\n\n\t\t\t\t\t<ul class=\"bdt-slideshow-items\">\n\t\t\n            <li class=\"bdt-slideshow-item bdt-flex bdt-flex-middle elementor-repeater-item-1d31416\">\n\n\t\t\t\t<div class=\"bdt-ps-dragon-bg\">\n\t\t\t\t\t\n\t\t<div class=\"bdt-ps-slide-img\" style=\"background-image: url('https:\/\/banqueteslumbre.com\/wp-content\/uploads\/2021\/07\/veranda4.jpg')\"><\/div>\n\n\t\t\t\t\t\t<\/div>\n\n\t\t\t\t<div class=\"bdt-ps-dragon-slide-image\">\n\t\t\t\t\t\n\t\t<div class=\"bdt-ps-slide-img\" style=\"background-image: url('https:\/\/banqueteslumbre.com\/wp-content\/uploads\/2021\/07\/veranda4.jpg')\"><\/div>\n\n\t\t\t\t\t\t<\/div>\n\n\t\t\t\t\t\t\t\t\n\t\t\t\t\t\t\t<div class=\"bdt-prime-slider-wrapper\">\n\t\t\t\t<div class=\"bdt-prime-slider-content\">\n\n\t\t\t\t\t\t\t\t\t\t\t<div class=\"bdt-sub-title\">\n\t\t\t\t\t\t\t<h4 bdt-slideshow-parallax=\"x: 100,-100; opacity: 1,1,0\">\n\t\t\t\t\t\t\t\t Encanto e historia\t\t\t\t\t\t\t<\/h4>\n\t\t\t\t\t\t<\/div>\n\t\t\t\t\t\n\t\t\t\t\t\t\t\t\t\t\t<div class=\"bdt-main-title\">\n\t\t\t\t\t\t\t<h1 class=\"bdt-title-tag\"  bdt-slideshow-parallax=\"x: 200,-200; opacity: 1,1,0\">\n\t\t\t\t\t\t\t\t\t\t\t\t\t\t\t\t\t<span class=\"frist-word\">Hacienda<\/span> Casasano\t\t\t\t\t\t\t\t\t\t\t\t\t\t\t\t<\/h1>\n\t\t\t\t\t\t<\/div>\n\t\t\t\t\t\n\t\t\t\t\t\n\t\t\t\t\t<div bdt-slideshow-parallax=\"x: 400,-400; opacity: 1,1,0\">\n\t\t\t\t\t\t\n\t\t\t\t\t\t\t<\/div>\n\t\t\t\t\t\t\n\t\t\t\t<\/div>\n\t\t\t<\/div>\n\n        \n            <\/li>\n\n        \n            <li class=\"bdt-slideshow-item bdt-flex bdt-flex-middle elementor-repeater-item-6c88db4\">\n\n\t\t\t\t<div class=\"bdt-ps-dragon-bg\">\n\t\t\t\t\t\n\t\t<div class=\"bdt-ps-slide-img\" style=\"background-image: url('https:\/\/banqueteslumbre.com\/wp-content\/uploads\/2021\/07\/veranda1.jpg')\"><\/div>\n\n\t\t\t\t\t\t<\/div>\n\n\t\t\t\t<div class=\"bdt-ps-dragon-slide-image\">\n\t\t\t\t\t\n\t\t<div class=\"bdt-ps-slide-img\" style=\"background-image: url('https:\/\/banqueteslumbre.com\/wp-content\/uploads\/2021\/07\/veranda1.jpg')\"><\/div>\n\n\t\t\t\t\t\t<\/div>\n\n\t\t\t\t\t\t\t\t\n\t\t\t\t\t\t\t<div class=\"bdt-prime-slider-wrapper\">\n\t\t\t\t<div class=\"bdt-prime-slider-content\">\n\n\t\t\t\t\t\t\t\t\t\t\t<div class=\"bdt-sub-title\">\n\t\t\t\t\t\t\t<h4 bdt-slideshow-parallax=\"x: 100,-100; opacity: 1,1,0\">\n\t\t\t\t\t\t\t\t Encanto e historia\t\t\t\t\t\t\t<\/h4>\n\t\t\t\t\t\t<\/div>\n\t\t\t\t\t\n\t\t\t\t\t\t\t\t\t\t\t<div class=\"bdt-main-title\">\n\t\t\t\t\t\t\t<h1 class=\"bdt-title-tag\"  bdt-slideshow-parallax=\"x: 200,-200; opacity: 1,1,0\">\n\t\t\t\t\t\t\t\t\t\t\t\t\t\t\t\t\t<span class=\"frist-word\">Hacienda<\/span> Casasano\t\t\t\t\t\t\t\t\t\t\t\t\t\t\t\t<\/h1>\n\t\t\t\t\t\t<\/div>\n\t\t\t\t\t\n\t\t\t\t\t\n\t\t\t\t\t<div bdt-slideshow-parallax=\"x: 400,-400; opacity: 1,1,0\">\n\t\t\t\t\t\t\n\t\t\t\t\t\t\t<\/div>\n\t\t\t\t\t\t\n\t\t\t\t<\/div>\n\t\t\t<\/div>\n\n        \n            <\/li>\n\n        \n            <li class=\"bdt-slideshow-item bdt-flex bdt-flex-middle elementor-repeater-item-fca334f\">\n\n\t\t\t\t<div class=\"bdt-ps-dragon-bg\">\n\t\t\t\t\t\n\t\t<div class=\"bdt-ps-slide-img\" style=\"background-image: url('https:\/\/banqueteslumbre.com\/wp-content\/uploads\/2021\/07\/casco4.jpg')\"><\/div>\n\n\t\t\t\t\t\t<\/div>\n\n\t\t\t\t<div class=\"bdt-ps-dragon-slide-image\">\n\t\t\t\t\t\n\t\t<div class=\"bdt-ps-slide-img\" style=\"background-image: url('https:\/\/banqueteslumbre.com\/wp-content\/uploads\/2021\/07\/casco4.jpg')\"><\/div>\n\n\t\t\t\t\t\t<\/div>\n\n\t\t\t\t\t\t\t\t\n\t\t\t\t\t\t\t<div class=\"bdt-prime-slider-wrapper\">\n\t\t\t\t<div class=\"bdt-prime-slider-content\">\n\n\t\t\t\t\t\t\t\t\t\t\t<div class=\"bdt-sub-title\">\n\t\t\t\t\t\t\t<h4 bdt-slideshow-parallax=\"x: 100,-100; opacity: 1,1,0\">\n\t\t\t\t\t\t\t\t Encanto e historia\t\t\t\t\t\t\t<\/h4>\n\t\t\t\t\t\t<\/div>\n\t\t\t\t\t\n\t\t\t\t\t\t\t\t\t\t\t<div class=\"bdt-main-title\">\n\t\t\t\t\t\t\t<h1 class=\"bdt-title-tag\"  bdt-slideshow-parallax=\"x: 200,-200; opacity: 1,1,0\">\n\t\t\t\t\t\t\t\t\t\t\t\t\t\t\t\t\t<span class=\"frist-word\">Hacienda<\/span> Casasano\t\t\t\t\t\t\t\t\t\t\t\t\t\t\t\t<\/h1>\n\t\t\t\t\t\t<\/div>\n\t\t\t\t\t\n\t\t\t\t\t\n\t\t\t\t\t<div bdt-slideshow-parallax=\"x: 400,-400; opacity: 1,1,0\">\n\t\t\t\t\t\t\n\t\t\t\t\t\t\t<\/div>\n\t\t\t\t\t\t\n\t\t\t\t<\/div>\n\t\t\t<\/div>\n\n        \n            <\/li>\n\n        \n            <li class=\"bdt-slideshow-item bdt-flex bdt-flex-middle elementor-repeater-item-a1969e6\">\n\n\t\t\t\t<div class=\"bdt-ps-dragon-bg\">\n\t\t\t\t\t\n\t\t<div class=\"bdt-ps-slide-img\" style=\"background-image: url('https:\/\/banqueteslumbre.com\/wp-content\/uploads\/2021\/07\/casco5.jpg')\"><\/div>\n\n\t\t\t\t\t\t<\/div>\n\n\t\t\t\t<div class=\"bdt-ps-dragon-slide-image\">\n\t\t\t\t\t\n\t\t<div class=\"bdt-ps-slide-img\" style=\"background-image: url('https:\/\/banqueteslumbre.com\/wp-content\/uploads\/2021\/07\/casco5.jpg')\"><\/div>\n\n\t\t\t\t\t\t<\/div>\n\n\t\t\t\t\t\t\t\t\n\t\t\t\t\t\t\t<div class=\"bdt-prime-slider-wrapper\">\n\t\t\t\t<div class=\"bdt-prime-slider-content\">\n\n\t\t\t\t\t\t\t\t\t\t\t<div class=\"bdt-sub-title\">\n\t\t\t\t\t\t\t<h4 bdt-slideshow-parallax=\"x: 100,-100; opacity: 1,1,0\">\n\t\t\t\t\t\t\t\tencanto e historia\t\t\t\t\t\t\t<\/h4>\n\t\t\t\t\t\t<\/div>\n\t\t\t\t\t\n\t\t\t\t\t\t\t\t\t\t\t<div class=\"bdt-main-title\">\n\t\t\t\t\t\t\t<h1 class=\"bdt-title-tag\"  bdt-slideshow-parallax=\"x: 200,-200; opacity: 1,1,0\">\n\t\t\t\t\t\t\t\t\t\t\t\t\t\t\t\t\t<span class=\"frist-word\">hacienda<\/span> casasano\t\t\t\t\t\t\t\t\t\t\t\t\t\t\t\t<\/h1>\n\t\t\t\t\t\t<\/div>\n\t\t\t\t\t\n\t\t\t\t\t\n\t\t\t\t\t<div bdt-slideshow-parallax=\"x: 400,-400; opacity: 1,1,0\">\n\t\t\t\t\t\t\n\t\t\t\t\t\t\t<\/div>\n\t\t\t\t\t\t\n\t\t\t\t<\/div>\n\t\t\t<\/div>\n\n        \n            <\/li>\n\n        \n                <\/ul>\n\n                            \n                <ul class=\"bdt-dotnav bdt-dotnav-vertical\">\n\n                                        <li bdt-slideshow-item=\"0\" data-label=\"01\" ><a href=\"#\"><\/a><\/li>\n                                        <li bdt-slideshow-item=\"1\" data-label=\"02\" ><a href=\"#\"><\/a><\/li>\n                                        <li bdt-slideshow-item=\"2\" data-label=\"03\" ><a href=\"#\"><\/a><\/li>\n                                        <li bdt-slideshow-item=\"3\" data-label=\"04\" ><a href=\"#\"><\/a><\/li>\n                                        \n                <\/ul>\n\n            \n        \t\t\t\t\n            <\/div>\n\t\t\t\t\t<\/div>\n        \t\t<\/div>\n\t\t\t\t<\/div>\n\t\t\t\t\t<\/div>\n\t\t<\/div>\n\t\t\t\t\t\t\t<\/div>\n\t\t<\/section>\n\t\t\t\t<section class=\"elementor-section elementor-top-section elementor-element elementor-element-4503396 elementor-section-boxed elementor-section-height-default elementor-section-height-default\" data-id=\"4503396\" data-element_type=\"section\" data-settings=\"{&quot;_ha_eqh_enable&quot;:false}\">\n\t\t\t\t\t\t<div class=\"elementor-container elementor-column-gap-default\">\n\t\t\t\t\t<div class=\"elementor-column elementor-col-50 elementor-top-column elementor-element elementor-element-b9436d8\" data-id=\"b9436d8\" data-element_type=\"column\">\n\t\t\t<div class=\"elementor-widget-wrap elementor-element-populated\">\n\t\t\t\t\t\t\t\t<div class=\"elementor-element elementor-element-23d6abe elementor-widget elementor-widget-image\" data-id=\"23d6abe\" data-element_type=\"widget\" data-widget_type=\"image.default\">\n\t\t\t\t<div class=\"elementor-widget-container\">\n\t\t\t\t\t\t\t\t\t\t\t\t\t\t\t<img width=\"800\" height=\"534\" src=\"https:\/\/banqueteslumbre.com\/wp-content\/uploads\/2021\/06\/casco11-1024x683.jpg\" class=\"attachment-large size-large\" alt=\"hacienda para bodas morelos\" loading=\"lazy\" srcset=\"https:\/\/banqueteslumbre.com\/wp-content\/uploads\/2021\/06\/casco11-1024x683.jpg 1024w, https:\/\/banqueteslumbre.com\/wp-content\/uploads\/2021\/06\/casco11-300x200.jpg 300w, https:\/\/banqueteslumbre.com\/wp-content\/uploads\/2021\/06\/casco11-768x513.jpg 768w, https:\/\/banqueteslumbre.com\/wp-content\/uploads\/2021\/06\/casco11-90x60.jpg 90w, https:\/\/banqueteslumbre.com\/wp-content\/uploads\/2021\/06\/casco11-420x280.jpg 420w, https:\/\/banqueteslumbre.com\/wp-content\/uploads\/2021\/06\/casco11.jpg 1413w\" sizes=\"(max-width: 800px) 100vw, 800px\" \/>\t\t\t\t\t\t\t\t\t\t\t\t\t\t\t<\/div>\n\t\t\t\t<\/div>\n\t\t\t\t\t<\/div>\n\t\t<\/div>\n\t\t\t\t<div class=\"elementor-column elementor-col-50 elementor-top-column elementor-element elementor-element-6c2acf2\" data-id=\"6c2acf2\" data-element_type=\"column\">\n\t\t\t<div class=\"elementor-widget-wrap elementor-element-populated\">\n\t\t\t\t\t\t\t\t<div class=\"elementor-element elementor-element-ba1b362 elementor-widget elementor-widget-heading\" data-id=\"ba1b362\" data-element_type=\"widget\" data-widget_type=\"heading.default\">\n\t\t\t\t<div class=\"elementor-widget-container\">\n\t\t\t<h2 class=\"elementor-heading-title elementor-size-default\">Encanto e historia<\/h2>\t\t<\/div>\n\t\t\t\t<\/div>\n\t\t\t\t<div class=\"elementor-element elementor-element-f6a629a elementor-widget elementor-widget-text-editor\" data-id=\"f6a629a\" data-element_type=\"widget\" data-widget_type=\"text-editor.default\">\n\t\t\t\t<div class=\"elementor-widget-container\">\n\t\t\t\t\t\t\t\t<p>La Hacienda Casasano es un lugar de ensue\u00f1o, rom\u00e1ntico, ideal para bodas. Fue fundada en el Siglo XVI, por Don Diego Caballero, a quien el virrey Don Juan de Mendoza y Luna, le otorgara cinco caballer\u00edas. Tiene un hermoso jard\u00edn antiguo de impresionantes \u00e1rboles centenarios, el casco de la Hacienda es un monumento hist\u00f3rico, una preciosa Iglesia. Es importante mencionar que es una de las pocas Haciendas que a\u00fan contin\u00faa en su misma actividad, el Az\u00facar. Se encuentra en el municipio de la heroica e hist\u00f3rica Ciudad de Cuautla Morelos.<\/p>\t\t\t\t\t\t<\/div>\n\t\t\t\t<\/div>\n\t\t\t\t\t<\/div>\n\t\t<\/div>\n\t\t\t\t\t\t\t<\/div>\n\t\t<\/section>\n\t\t\t\t<section class=\"elementor-section elementor-top-section elementor-element elementor-element-e609b5c elementor-section-boxed elementor-section-height-default elementor-section-height-default\" data-id=\"e609b5c\" data-element_type=\"section\" data-settings=\"{&quot;_ha_eqh_enable&quot;:false}\">\n\t\t\t\t\t\t<div class=\"elementor-container elementor-column-gap-default\">\n\t\t\t\t\t<div class=\"elementor-column elementor-col-100 elementor-top-column elementor-element elementor-element-d6791a7\" data-id=\"d6791a7\" data-element_type=\"column\">\n\t\t\t<div class=\"elementor-widget-wrap elementor-element-populated\">\n\t\t\t\t\t\t\t\t<div class=\"elementor-element elementor-element-fb3ecb9 elementor-arrows-position-inside elementor-pagination-position-outside elementor-widget elementor-widget-image-carousel\" data-id=\"fb3ecb9\" data-element_type=\"widget\" data-settings=\"{&quot;navigation&quot;:&quot;both&quot;,&quot;autoplay&quot;:&quot;yes&quot;,&quot;pause_on_hover&quot;:&quot;yes&quot;,&quot;pause_on_interaction&quot;:&quot;yes&quot;,&quot;autoplay_speed&quot;:5000,&quot;infinite&quot;:&quot;yes&quot;,&quot;speed&quot;:500}\" data-widget_type=\"image-carousel.default\">\n\t\t\t\t<div class=\"elementor-widget-container\">\n\t\t\t\t\t<div class=\"elementor-image-carousel-wrapper swiper-container\" dir=\"ltr\">\n\t\t\t<div class=\"elementor-image-carousel swiper-wrapper\">\n\t\t\t\t<div class=\"swiper-slide\"><figure class=\"swiper-slide-inner\"><img class=\"swiper-slide-image\" src=\"https:\/\/banqueteslumbre.com\/wp-content\/uploads\/2021\/07\/veranda3-768x513.jpg\" alt=\"hacienda para bodas\" \/><\/figure><\/div><div class=\"swiper-slide\"><figure class=\"swiper-slide-inner\"><img class=\"swiper-slide-image\" src=\"https:\/\/banqueteslumbre.com\/wp-content\/uploads\/2021\/07\/veranda7-768x511.jpg\" alt=\"hacienda para bodas\" \/><\/figure><\/div><div class=\"swiper-slide\"><figure class=\"swiper-slide-inner\"><img class=\"swiper-slide-image\" src=\"https:\/\/banqueteslumbre.com\/wp-content\/uploads\/2021\/07\/veranda6-768x511.jpg\" alt=\"hacienda para bodas\" \/><\/figure><\/div><div class=\"swiper-slide\"><figure class=\"swiper-slide-inner\"><img class=\"swiper-slide-image\" src=\"https:\/\/banqueteslumbre.com\/wp-content\/uploads\/2021\/07\/veranda5-768x511.jpg\" alt=\"hacienda para bodas\" \/><\/figure><\/div><div class=\"swiper-slide\"><figure class=\"swiper-slide-inner\"><img class=\"swiper-slide-image\" src=\"https:\/\/banqueteslumbre.com\/wp-content\/uploads\/2021\/07\/capilla2-768x512.jpg\" alt=\"hacienda para bodas\" \/><\/figure><\/div><div class=\"swiper-slide\"><figure class=\"swiper-slide-inner\"><img class=\"swiper-slide-image\" src=\"https:\/\/banqueteslumbre.com\/wp-content\/uploads\/2021\/07\/casa.jpg\" alt=\"hacienda para bodas\" \/><\/figure><\/div><div class=\"swiper-slide\"><figure class=\"swiper-slide-inner\"><img class=\"swiper-slide-image\" src=\"https:\/\/banqueteslumbre.com\/wp-content\/uploads\/2021\/07\/casa2.jpg\" alt=\"hacienda para bodas\" \/><\/figure><\/div><div class=\"swiper-slide\"><figure class=\"swiper-slide-inner\"><img class=\"swiper-slide-image\" src=\"https:\/\/banqueteslumbre.com\/wp-content\/uploads\/2021\/07\/casco3-768x513.jpg\" alt=\"hacienda para bodas\" \/><\/figure><\/div><div class=\"swiper-slide\"><figure class=\"swiper-slide-inner\"><img class=\"swiper-slide-image\" src=\"https:\/\/banqueteslumbre.com\/wp-content\/uploads\/2021\/07\/casco12-768x513.jpg\" alt=\"hacienda para bodas\" \/><\/figure><\/div><div class=\"swiper-slide\"><figure class=\"swiper-slide-inner\"><img class=\"swiper-slide-image\" src=\"https:\/\/banqueteslumbre.com\/wp-content\/uploads\/2021\/07\/veranda2-1-768x513.jpg\" alt=\"veranda2\" \/><\/figure><\/div><div class=\"swiper-slide\"><figure class=\"swiper-slide-inner\"><img class=\"swiper-slide-image\" src=\"https:\/\/banqueteslumbre.com\/wp-content\/uploads\/2021\/07\/alberca2-768x512.jpg\" alt=\"hacienda para bodas\" \/><\/figure><\/div><div class=\"swiper-slide\"><figure class=\"swiper-slide-inner\"><img class=\"swiper-slide-image\" src=\"https:\/\/banqueteslumbre.com\/wp-content\/uploads\/2021\/07\/alberca3-768x512.jpg\" alt=\"hacienda para bodas\" \/><\/figure><\/div>\t\t\t<\/div>\n\t\t\t\t\t\t\t\t\t\t\t\t<div class=\"swiper-pagination\"><\/div>\n\t\t\t\t\t\t\t\t\t\t\t\t\t<div class=\"elementor-swiper-button elementor-swiper-button-prev\">\n\t\t\t\t\t\t<i class=\"eicon-chevron-left\" aria-hidden=\"true\"><\/i>\n\t\t\t\t\t\t<span class=\"elementor-screen-only\">Anterior<\/span>\n\t\t\t\t\t<\/div>\n\t\t\t\t\t<div class=\"elementor-swiper-button elementor-swiper-button-next\">\n\t\t\t\t\t\t<i class=\"eicon-chevron-right\" aria-hidden=\"true\"><\/i>\n\t\t\t\t\t\t<span class=\"elementor-screen-only\">Siguiente<\/span>\n\t\t\t\t\t<\/div>\n\t\t\t\t\t\t\t\t\t<\/div>\n\t\t\t\t<\/div>\n\t\t\t\t<\/div>\n\t\t\t\t\t<\/div>\n\t\t<\/div>\n\t\t\t\t\t\t\t<\/div>\n\t\t<\/section>\n\t\t\t\t<section class=\"elementor-section elementor-top-section elementor-element elementor-element-f40ff60 elementor-section-boxed elementor-section-height-default elementor-section-height-default\" data-id=\"f40ff60\" data-element_type=\"section\" data-settings=\"{&quot;_ha_eqh_enable&quot;:false}\">\n\t\t\t\t\t\t<div class=\"elementor-container elementor-column-gap-default\">\n\t\t\t\t\t<div class=\"elementor-column elementor-col-50 elementor-top-column elementor-element elementor-element-fafe923\" data-id=\"fafe923\" data-element_type=\"column\">\n\t\t\t<div class=\"elementor-widget-wrap\">\n\t\t\t\t\t\t\t\t\t<\/div>\n\t\t<\/div>\n\t\t\t\t<div class=\"elementor-column elementor-col-50 elementor-top-column elementor-element elementor-element-83fb331\" data-id=\"83fb331\" data-element_type=\"column\">\n\t\t\t<div class=\"elementor-widget-wrap\">\n\t\t\t\t\t\t\t\t\t<\/div>\n\t\t<\/div>\n\t\t\t\t\t\t\t<\/div>\n\t\t<\/section>\n\t\t\t\t\t\t<\/div>\n\t\t\t\t\t<\/div>\n\t\t","protected":false},"excerpt":{"rendered":"<p>Encanto e historia Hacienda Casasano Encanto e historia Hacienda Casasano Encanto e historia Hacienda Casasano encanto e historia hacienda casasano Encanto e historia La Hacienda Casasano es un lugar de ensue\u00f1o, rom\u00e1ntico, ideal para bodas. Fue fundada en el Siglo XVI, por Don Diego Caballero, a quien el virrey Don Juan de Mendoza y Luna, [&hellip;]<\/p>\n","protected":false},"author":1,"featured_media":0,"parent":0,"menu_order":0,"comment_status":"closed","ping_status":"closed","template":"elementor_header_footer","meta":[],"yoast_head":"<!-- This site is optimized with the Yoast SEO plugin v16.6.1 - https:\/\/yoast.com\/wordpress\/plugins\/seo\/ -->\n<title>Hacienda Casasano | Lumbr\u00e9 Wedding<\/title>\n<meta name=\"robots\" content=\"index, follow, max-snippet:-1, max-image-preview:large, max-video-preview:-1\" \/>\n<link rel=\"canonical\" href=\"https:\/\/banqueteslumbre.com\/?page_id=214\" \/>\n<meta property=\"og:locale\" content=\"es_ES\" \/>\n<meta property=\"og:type\" content=\"article\" \/>\n<meta property=\"og:title\" content=\"Hacienda Casasano | Lumbr\u00e9 Wedding\" \/>\n<meta property=\"og:description\" content=\"Encanto e historia Hacienda Casasano Encanto e historia Hacienda Casasano Encanto e historia Hacienda Casasano encanto e historia hacienda casasano Encanto e historia La Hacienda Casasano es un lugar de ensue\u00f1o, rom\u00e1ntico, ideal para bodas. Fue fundada en el Siglo XVI, por Don Diego Caballero, a quien el virrey Don Juan de Mendoza y Luna, [&hellip;]\" \/>\n<meta property=\"og:url\" content=\"https:\/\/banqueteslumbre.com\/?page_id=214\" \/>\n<meta property=\"og:site_name\" content=\"Lumbr\u00e9 Wedding\" \/>\n<meta property=\"article:publisher\" content=\"https:\/\/www.facebook.com\/LumbreWedding\/\" \/>\n<meta property=\"article:modified_time\" content=\"2021-07-04T02:16:00+00:00\" \/>\n<meta property=\"og:image\" content=\"http:\/\/banqueteslumbre.com\/wp-content\/uploads\/2021\/06\/casco11-1024x683.jpg\" \/>\n<meta name=\"twitter:card\" content=\"summary_large_image\" \/>\n<meta name=\"twitter:label1\" content=\"Tiempo de lectura\" \/>\n\t<meta name=\"twitter:data1\" content=\"1 minuto\" \/>\n<script type=\"application\/ld+json\" class=\"yoast-schema-graph\">{\"@context\":\"https:\/\/schema.org\",\"@graph\":[{\"@type\":\"Organization\",\"@id\":\"https:\/\/banqueteslumbre.com\/#organization\",\"name\":\"Lumbr\\u00e9 Wedding\",\"url\":\"https:\/\/banqueteslumbre.com\/\",\"sameAs\":[\"https:\/\/www.facebook.com\/LumbreWedding\/\",\"https:\/\/www.instagram.com\/lumbrewedding\/\"],\"logo\":{\"@type\":\"ImageObject\",\"@id\":\"https:\/\/banqueteslumbre.com\/#logo\",\"inLanguage\":\"es\",\"url\":\"https:\/\/banqueteslumbre.com\/wp-content\/uploads\/2021\/06\/Diseno-sin-titulo-38.png\",\"contentUrl\":\"https:\/\/banqueteslumbre.com\/wp-content\/uploads\/2021\/06\/Diseno-sin-titulo-38.png\",\"width\":210,\"height\":210,\"caption\":\"Lumbr\\u00e9 Wedding\"},\"image\":{\"@id\":\"https:\/\/banqueteslumbre.com\/#logo\"}},{\"@type\":\"WebSite\",\"@id\":\"https:\/\/banqueteslumbre.com\/#website\",\"url\":\"https:\/\/banqueteslumbre.com\/\",\"name\":\"Lumbr\\u00e9 Wedding\",\"description\":\"\",\"publisher\":{\"@id\":\"https:\/\/banqueteslumbre.com\/#organization\"},\"potentialAction\":[{\"@type\":\"SearchAction\",\"target\":{\"@type\":\"EntryPoint\",\"urlTemplate\":\"https:\/\/banqueteslumbre.com\/?s={search_term_string}\"},\"query-input\":\"required name=search_term_string\"}],\"inLanguage\":\"es\"},{\"@type\":\"ImageObject\",\"@id\":\"https:\/\/banqueteslumbre.com\/?page_id=214#primaryimage\",\"inLanguage\":\"es\",\"url\":\"http:\/\/banqueteslumbre.com\/wp-content\/uploads\/2021\/06\/casco11-1024x683.jpg\",\"contentUrl\":\"http:\/\/banqueteslumbre.com\/wp-content\/uploads\/2021\/06\/casco11-1024x683.jpg\"},{\"@type\":\"WebPage\",\"@id\":\"https:\/\/banqueteslumbre.com\/?page_id=214#webpage\",\"url\":\"https:\/\/banqueteslumbre.com\/?page_id=214\",\"name\":\"Hacienda Casasano | Lumbr\\u00e9 Wedding\",\"isPartOf\":{\"@id\":\"https:\/\/banqueteslumbre.com\/#website\"},\"primaryImageOfPage\":{\"@id\":\"https:\/\/banqueteslumbre.com\/?page_id=214#primaryimage\"},\"datePublished\":\"2021-07-01T20:57:10+00:00\",\"dateModified\":\"2021-07-04T02:16:00+00:00\",\"breadcrumb\":{\"@id\":\"https:\/\/banqueteslumbre.com\/?page_id=214#breadcrumb\"},\"inLanguage\":\"es\",\"potentialAction\":[{\"@type\":\"ReadAction\",\"target\":[\"https:\/\/banqueteslumbre.com\/?page_id=214\"]}]},{\"@type\":\"BreadcrumbList\",\"@id\":\"https:\/\/banqueteslumbre.com\/?page_id=214#breadcrumb\",\"itemListElement\":[{\"@type\":\"ListItem\",\"position\":1,\"name\":\"Portada\",\"item\":\"https:\/\/banqueteslumbre.com\/\"},{\"@type\":\"ListItem\",\"position\":2,\"name\":\"Hacienda Casasano\"}]}]}<\/script>\n<!-- \/ Yoast SEO plugin. -->","_links":{"self":[{"href":"https:\/\/banqueteslumbre.com\/index.php?rest_route=\/wp\/v2\/pages\/214"}],"collection":[{"href":"https:\/\/banqueteslumbre.com\/index.php?rest_route=\/wp\/v2\/pages"}],"about":[{"href":"https:\/\/banqueteslumbre.com\/index.php?rest_route=\/wp\/v2\/types\/page"}],"author":[{"embeddable":true,"href":"https:\/\/banqueteslumbre.com\/index.php?rest_route=\/wp\/v2\/users\/1"}],"replies":[{"embeddable":true,"href":"https:\/\/banqueteslumbre.com\/index.php?rest_route=%2Fwp%2Fv2%2Fcomments&post=214"}],"version-history":[{"count":28,"href":"https:\/\/banqueteslumbre.com\/index.php?rest_route=\/wp\/v2\/pages\/214\/revisions"}],"predecessor-version":[{"id":346,"href":"https:\/\/banqueteslumbre.com\/index.php?rest_route=\/wp\/v2\/pages\/214\/revisions\/346"}],"wp:attachment":[{"href":"https:\/\/banqueteslumbre.com\/index.php?rest_route=%2Fwp%2Fv2%2Fmedia&parent=214"}],"curies":[{"name":"wp","href":"https:\/\/api.w.org\/{rel}","templated":true}]}}