{"id":204,"date":"2021-07-01T20:40:01","date_gmt":"2021-07-01T20:40:01","guid":{"rendered":"https:\/\/banqueteslumbre.com\/?page_id=204"},"modified":"2021-07-04T02:26:19","modified_gmt":"2021-07-04T02:26:19","slug":"jardines","status":"publish","type":"page","link":"https:\/\/banqueteslumbre.com\/?page_id=204","title":{"rendered":"Jardines"},"content":{"rendered":"\t\t<div data-elementor-type=\"wp-page\" data-elementor-id=\"204\" class=\"elementor elementor-204\" data-elementor-settings=\"[]\">\n\t\t\t\t\t\t\t<div class=\"elementor-section-wrap\">\n\t\t\t\t\t\t\t<section class=\"elementor-section elementor-top-section elementor-element elementor-element-d925498 elementor-section-boxed elementor-section-height-default elementor-section-height-default\" data-id=\"d925498\" data-element_type=\"section\" data-settings=\"{&quot;_ha_eqh_enable&quot;:false}\">\n\t\t\t\t\t\t<div class=\"elementor-container elementor-column-gap-default\">\n\t\t\t\t\t<div class=\"elementor-column elementor-col-33 elementor-top-column elementor-element elementor-element-57804f1\" data-id=\"57804f1\" data-element_type=\"column\">\n\t\t\t<div class=\"elementor-widget-wrap elementor-element-populated\">\n\t\t\t\t\t\t\t\t<div class=\"elementor-element elementor-element-49f0f98 elementor-widget elementor-widget-heading\" data-id=\"49f0f98\" data-element_type=\"widget\" data-widget_type=\"heading.default\">\n\t\t\t\t<div class=\"elementor-widget-container\">\n\t\t\t<h2 class=\"elementor-heading-title elementor-size-default\"><a href=\"https:\/\/banqueteslumbre.com\/?page_id=260\">Jard\u00edn San Rafael<\/a><\/h2>\t\t<\/div>\n\t\t\t\t<\/div>\n\t\t\t\t<div class=\"elementor-element elementor-element-446406b elementor-widget elementor-widget-text-editor\" data-id=\"446406b\" data-element_type=\"widget\" data-widget_type=\"text-editor.default\">\n\t\t\t\t<div class=\"elementor-widget-container\">\n\t\t\t\t\t\t\t\t<p>Extensas \u00e1reas verdes, amplios lagos y cascadas rodean la carpa de banquete con dise\u00f1o vanguardista. Un hermoso lugar que combina la naturaleza con una arquitectura elegante y sofisticada.\u00a0<\/p>\t\t\t\t\t\t<\/div>\n\t\t\t\t<\/div>\n\t\t\t\t<div data-ha-element-link=\"{&quot;url&quot;:&quot;https:\\\/\\\/banqueteslumbre.com\\\/?page_id=260&quot;,&quot;is_external&quot;:&quot;&quot;,&quot;nofollow&quot;:&quot;&quot;,&quot;custom_attributes&quot;:&quot;&quot;}\" style=\"cursor: pointer\" class=\"elementor-element elementor-element-0337461 elementor-widget elementor-widget-image\" data-id=\"0337461\" data-element_type=\"widget\" data-widget_type=\"image.default\">\n\t\t\t\t<div class=\"elementor-widget-container\">\n\t\t\t\t\t\t\t\t\t\t\t\t\t\t\t<img width=\"800\" height=\"530\" src=\"https:\/\/banqueteslumbre.com\/wp-content\/uploads\/2021\/06\/photo5030766331804363001-1024x679.jpg\" class=\"attachment-large size-large\" alt=\"jardion para bodas\" loading=\"lazy\" srcset=\"https:\/\/banqueteslumbre.com\/wp-content\/uploads\/2021\/06\/photo5030766331804363001-1024x679.jpg 1024w, https:\/\/banqueteslumbre.com\/wp-content\/uploads\/2021\/06\/photo5030766331804363001-300x199.jpg 300w, https:\/\/banqueteslumbre.com\/wp-content\/uploads\/2021\/06\/photo5030766331804363001-768x509.jpg 768w, https:\/\/banqueteslumbre.com\/wp-content\/uploads\/2021\/06\/photo5030766331804363001-91x60.jpg 91w, https:\/\/banqueteslumbre.com\/wp-content\/uploads\/2021\/06\/photo5030766331804363001-800x530.jpg 800w, https:\/\/banqueteslumbre.com\/wp-content\/uploads\/2021\/06\/photo5030766331804363001.jpg 1080w\" sizes=\"(max-width: 800px) 100vw, 800px\" \/>\t\t\t\t\t\t\t\t\t\t\t\t\t\t\t<\/div>\n\t\t\t\t<\/div>\n\t\t\t\t\t<\/div>\n\t\t<\/div>\n\t\t\t\t<div class=\"elementor-column elementor-col-33 elementor-top-column elementor-element elementor-element-d8820b3\" data-id=\"d8820b3\" data-element_type=\"column\">\n\t\t\t<div class=\"elementor-widget-wrap elementor-element-populated\">\n\t\t\t\t\t\t\t\t<div class=\"elementor-element elementor-element-2444c5f elementor-widget elementor-widget-heading\" data-id=\"2444c5f\" data-element_type=\"widget\" data-widget_type=\"heading.default\">\n\t\t\t\t<div class=\"elementor-widget-container\">\n\t\t\t<h2 class=\"elementor-heading-title elementor-size-default\"><a href=\"https:\/\/banqueteslumbre.com\/?page_id=214\">Hacienda Casasano<\/a><\/h2>\t\t<\/div>\n\t\t\t\t<\/div>\n\t\t\t\t<div class=\"elementor-element elementor-element-30304f9 elementor-widget elementor-widget-text-editor\" data-id=\"30304f9\" data-element_type=\"widget\" data-widget_type=\"text-editor.default\">\n\t\t\t\t<div class=\"elementor-widget-container\">\n\t\t\t\t\t\t\t\t<p>Su car\u00e1cter e historia hacen de Hacienda Casasano el venue perfecto para escenificar el sue\u00f1o de su boda. El lugar combina un moderno dise\u00f1o arquitect\u00f3nico con un amplio jard\u00edn del siglo XVI. El escenario ideal para ese gran d\u00eda.<\/p>\t\t\t\t\t\t<\/div>\n\t\t\t\t<\/div>\n\t\t\t\t<div data-ha-element-link=\"{&quot;url&quot;:&quot;https:\\\/\\\/banqueteslumbre.com\\\/?page_id=214&quot;,&quot;is_external&quot;:&quot;&quot;,&quot;nofollow&quot;:&quot;&quot;,&quot;custom_attributes&quot;:&quot;&quot;}\" style=\"cursor: pointer\" class=\"elementor-element elementor-element-cca307b elementor-widget elementor-widget-image\" data-id=\"cca307b\" data-element_type=\"widget\" data-widget_type=\"image.default\">\n\t\t\t\t<div class=\"elementor-widget-container\">\n\t\t\t\t\t\t\t\t\t\t\t\t\t\t\t<img width=\"800\" height=\"534\" src=\"https:\/\/banqueteslumbre.com\/wp-content\/uploads\/2021\/06\/casco11-1024x683.jpg\" class=\"attachment-large size-large\" alt=\"hacienda para bodas morelos\" loading=\"lazy\" srcset=\"https:\/\/banqueteslumbre.com\/wp-content\/uploads\/2021\/06\/casco11-1024x683.jpg 1024w, https:\/\/banqueteslumbre.com\/wp-content\/uploads\/2021\/06\/casco11-300x200.jpg 300w, https:\/\/banqueteslumbre.com\/wp-content\/uploads\/2021\/06\/casco11-768x513.jpg 768w, https:\/\/banqueteslumbre.com\/wp-content\/uploads\/2021\/06\/casco11-90x60.jpg 90w, https:\/\/banqueteslumbre.com\/wp-content\/uploads\/2021\/06\/casco11-420x280.jpg 420w, https:\/\/banqueteslumbre.com\/wp-content\/uploads\/2021\/06\/casco11.jpg 1413w\" sizes=\"(max-width: 800px) 100vw, 800px\" \/>\t\t\t\t\t\t\t\t\t\t\t\t\t\t\t<\/div>\n\t\t\t\t<\/div>\n\t\t\t\t\t<\/div>\n\t\t<\/div>\n\t\t\t\t<div class=\"elementor-column elementor-col-33 elementor-top-column elementor-element elementor-element-99d63ac\" data-id=\"99d63ac\" data-element_type=\"column\">\n\t\t\t<div class=\"elementor-widget-wrap elementor-element-populated\">\n\t\t\t\t\t\t\t\t<div class=\"elementor-element elementor-element-4d96623 elementor-widget elementor-widget-heading\" data-id=\"4d96623\" data-element_type=\"widget\" data-widget_type=\"heading.default\">\n\t\t\t\t<div class=\"elementor-widget-container\">\n\t\t\t<h2 class=\"elementor-heading-title elementor-size-default\"><a href=\"https:\/\/banqueteslumbre.com\/?page_id=426\">Hacienda San Gaspar<\/a><\/h2>\t\t<\/div>\n\t\t\t\t<\/div>\n\t\t\t\t<div class=\"elementor-element elementor-element-3276f5c elementor-widget elementor-widget-text-editor\" data-id=\"3276f5c\" data-element_type=\"widget\" data-widget_type=\"text-editor.default\">\n\t\t\t\t<div class=\"elementor-widget-container\">\n\t\t\t\t\t\t\t\t<p>La Hacienda San Gaspar es un lugar majestuoso, data del siglo XVI y tiene una arquitectura colonial \u00fanica y se complementa con la imponente decoraci\u00f3n a cargo de la naturaleza; un lugar lleno de magia, historia y naturaleza en armon\u00eda.<\/p>\t\t\t\t\t\t<\/div>\n\t\t\t\t<\/div>\n\t\t\t\t<div data-ha-element-link=\"{&quot;url&quot;:&quot;https:\\\/\\\/banqueteslumbre.com\\\/?page_id=426&quot;,&quot;is_external&quot;:&quot;&quot;,&quot;nofollow&quot;:&quot;&quot;,&quot;custom_attributes&quot;:&quot;&quot;}\" style=\"cursor: pointer\" class=\"elementor-element elementor-element-66ec043 elementor-widget elementor-widget-image\" data-id=\"66ec043\" data-element_type=\"widget\" data-widget_type=\"image.default\">\n\t\t\t\t<div class=\"elementor-widget-container\">\n\t\t\t\t\t\t\t\t\t\t\t\t\t\t\t<img width=\"800\" height=\"533\" src=\"https:\/\/banqueteslumbre.com\/wp-content\/uploads\/2021\/06\/4-1024x682.jpg\" class=\"attachment-large size-large\" alt=\"hacienda para bodas\" loading=\"lazy\" srcset=\"https:\/\/banqueteslumbre.com\/wp-content\/uploads\/2021\/06\/4-1024x682.jpg 1024w, https:\/\/banqueteslumbre.com\/wp-content\/uploads\/2021\/06\/4-300x200.jpg 300w, https:\/\/banqueteslumbre.com\/wp-content\/uploads\/2021\/06\/4-768x512.jpg 768w, https:\/\/banqueteslumbre.com\/wp-content\/uploads\/2021\/06\/4-1536x1023.jpg 1536w, https:\/\/banqueteslumbre.com\/wp-content\/uploads\/2021\/06\/4-90x60.jpg 90w, https:\/\/banqueteslumbre.com\/wp-content\/uploads\/2021\/06\/4-420x280.jpg 420w, https:\/\/banqueteslumbre.com\/wp-content\/uploads\/2021\/06\/4.jpg 1920w\" sizes=\"(max-width: 800px) 100vw, 800px\" \/>\t\t\t\t\t\t\t\t\t\t\t\t\t\t\t<\/div>\n\t\t\t\t<\/div>\n\t\t\t\t\t<\/div>\n\t\t<\/div>\n\t\t\t\t\t\t\t<\/div>\n\t\t<\/section>\n\t\t\t\t<section class=\"elementor-section elementor-top-section elementor-element elementor-element-4f47150 elementor-section-boxed elementor-section-height-default elementor-section-height-default\" data-id=\"4f47150\" data-element_type=\"section\" data-settings=\"{&quot;_ha_eqh_enable&quot;:false}\">\n\t\t\t\t\t\t<div class=\"elementor-container elementor-column-gap-default\">\n\t\t\t\t\t<div class=\"elementor-column elementor-col-50 elementor-top-column elementor-element elementor-element-b211d23\" data-id=\"b211d23\" data-element_type=\"column\">\n\t\t\t<div class=\"elementor-widget-wrap elementor-element-populated\">\n\t\t\t\t\t\t\t\t<div class=\"elementor-element elementor-element-0f6c5a5 elementor-widget elementor-widget-heading\" data-id=\"0f6c5a5\" data-element_type=\"widget\" data-widget_type=\"heading.default\">\n\t\t\t\t<div class=\"elementor-widget-container\">\n\t\t\t<h2 class=\"elementor-heading-title elementor-size-default\"><a href=\"https:\/\/banqueteslumbre.com\/?page_id=424\">Finca San Pedro<\/a><\/h2>\t\t<\/div>\n\t\t\t\t<\/div>\n\t\t\t\t<div class=\"elementor-element elementor-element-024a0dc elementor-widget elementor-widget-text-editor\" data-id=\"024a0dc\" data-element_type=\"widget\" data-widget_type=\"text-editor.default\">\n\t\t\t\t<div class=\"elementor-widget-container\">\n\t\t\t\t\t\t\t\t<p>Vive momentos unicos. Un lugar reconfortante, moderno y con grandes amenidades que te obsequiar\u00e1n experiencias que se plasmar\u00e1n en tu memoria por siempre.<\/p>\t\t\t\t\t\t<\/div>\n\t\t\t\t<\/div>\n\t\t\t\t<div data-ha-element-link=\"{&quot;url&quot;:&quot;https:\\\/\\\/banqueteslumbre.com\\\/?page_id=424&quot;,&quot;is_external&quot;:&quot;&quot;,&quot;nofollow&quot;:&quot;&quot;,&quot;custom_attributes&quot;:&quot;&quot;}\" style=\"cursor: pointer\" class=\"elementor-element elementor-element-a1c5726 elementor-widget elementor-widget-image\" data-id=\"a1c5726\" data-element_type=\"widget\" data-widget_type=\"image.default\">\n\t\t\t\t<div class=\"elementor-widget-container\">\n\t\t\t\t\t\t\t\t\t\t\t\t\t\t\t<img width=\"800\" height=\"534\" src=\"https:\/\/banqueteslumbre.com\/wp-content\/uploads\/2021\/07\/san-pedro-1024x683.jpg\" class=\"attachment-large size-large\" alt=\"jardin para bodas\" loading=\"lazy\" srcset=\"https:\/\/banqueteslumbre.com\/wp-content\/uploads\/2021\/07\/san-pedro-1024x683.jpg 1024w, https:\/\/banqueteslumbre.com\/wp-content\/uploads\/2021\/07\/san-pedro-300x200.jpg 300w, https:\/\/banqueteslumbre.com\/wp-content\/uploads\/2021\/07\/san-pedro-768x512.jpg 768w, https:\/\/banqueteslumbre.com\/wp-content\/uploads\/2021\/07\/san-pedro-1536x1024.jpg 1536w, https:\/\/banqueteslumbre.com\/wp-content\/uploads\/2021\/07\/san-pedro.jpg 2048w\" sizes=\"(max-width: 800px) 100vw, 800px\" \/>\t\t\t\t\t\t\t\t\t\t\t\t\t\t\t<\/div>\n\t\t\t\t<\/div>\n\t\t\t\t\t<\/div>\n\t\t<\/div>\n\t\t\t\t<div class=\"elementor-column elementor-col-50 elementor-top-column elementor-element elementor-element-1abce7c\" data-id=\"1abce7c\" data-element_type=\"column\">\n\t\t\t<div class=\"elementor-widget-wrap elementor-element-populated\">\n\t\t\t\t\t\t\t\t<div class=\"elementor-element elementor-element-ad3626e elementor-widget elementor-widget-heading\" data-id=\"ad3626e\" data-element_type=\"widget\" data-widget_type=\"heading.default\">\n\t\t\t\t<div class=\"elementor-widget-container\">\n\t\t\t<h2 class=\"elementor-heading-title elementor-size-default\"><a href=\"https:\/\/banqueteslumbre.com\/?page_id=422\">Jard\u00edn Exedra<\/a><\/h2>\t\t<\/div>\n\t\t\t\t<\/div>\n\t\t\t\t<div class=\"elementor-element elementor-element-3b93ce6 elementor-widget elementor-widget-text-editor\" data-id=\"3b93ce6\" data-element_type=\"widget\" data-widget_type=\"text-editor.default\">\n\t\t\t\t<div class=\"elementor-widget-container\">\n\t\t\t\t\t\t\t\t<p>Un espacio m\u00e1gico rodeado de la preciosa flora que ofrece el estado de Morelos. Cascadas, arboles, flores y vegetaci\u00f3n que le dar\u00e1n un toque especial a tu boda.\u00a0<\/p>\t\t\t\t\t\t<\/div>\n\t\t\t\t<\/div>\n\t\t\t\t<div data-ha-element-link=\"{&quot;url&quot;:&quot;https:\\\/\\\/banqueteslumbre.com\\\/?page_id=422&quot;,&quot;is_external&quot;:&quot;&quot;,&quot;nofollow&quot;:&quot;&quot;,&quot;custom_attributes&quot;:&quot;&quot;}\" style=\"cursor: pointer\" class=\"elementor-element elementor-element-2053837 elementor-widget elementor-widget-image\" data-id=\"2053837\" data-element_type=\"widget\" data-widget_type=\"image.default\">\n\t\t\t\t<div class=\"elementor-widget-container\">\n\t\t\t\t\t\t\t\t\t\t\t\t\t\t\t<img width=\"799\" height=\"533\" src=\"https:\/\/banqueteslumbre.com\/wp-content\/uploads\/2021\/07\/53450756_10155915380256373_5595409369467453440_n.jpg\" class=\"attachment-large size-large\" alt=\"bodas en cuernavaca\" loading=\"lazy\" srcset=\"https:\/\/banqueteslumbre.com\/wp-content\/uploads\/2021\/07\/53450756_10155915380256373_5595409369467453440_n.jpg 799w, https:\/\/banqueteslumbre.com\/wp-content\/uploads\/2021\/07\/53450756_10155915380256373_5595409369467453440_n-300x200.jpg 300w, https:\/\/banqueteslumbre.com\/wp-content\/uploads\/2021\/07\/53450756_10155915380256373_5595409369467453440_n-768x512.jpg 768w\" sizes=\"(max-width: 799px) 100vw, 799px\" \/>\t\t\t\t\t\t\t\t\t\t\t\t\t\t\t<\/div>\n\t\t\t\t<\/div>\n\t\t\t\t\t<\/div>\n\t\t<\/div>\n\t\t\t\t\t\t\t<\/div>\n\t\t<\/section>\n\t\t\t\t\t\t<\/div>\n\t\t\t\t\t<\/div>\n\t\t","protected":false},"excerpt":{"rendered":"<p>Jard\u00edn San Rafael Extensas \u00e1reas verdes, amplios lagos y cascadas rodean la carpa de banquete con dise\u00f1o vanguardista. Un hermoso lugar que combina la naturaleza con una arquitectura elegante y sofisticada.\u00a0 Hacienda Casasano Su car\u00e1cter e historia hacen de Hacienda Casasano el venue perfecto para escenificar el sue\u00f1o de su boda. El lugar combina un [&hellip;]<\/p>\n","protected":false},"author":1,"featured_media":0,"parent":0,"menu_order":3,"comment_status":"closed","ping_status":"closed","template":"elementor_header_footer","meta":[],"yoast_head":"<!-- This site is optimized with the Yoast SEO plugin v16.6.1 - https:\/\/yoast.com\/wordpress\/plugins\/seo\/ -->\n<title>Jardines | Lumbr\u00e9 Wedding<\/title>\n<meta name=\"robots\" content=\"index, follow, max-snippet:-1, max-image-preview:large, max-video-preview:-1\" \/>\n<link rel=\"canonical\" href=\"https:\/\/banqueteslumbre.com\/?page_id=204\" \/>\n<meta property=\"og:locale\" content=\"es_ES\" \/>\n<meta property=\"og:type\" content=\"article\" \/>\n<meta property=\"og:title\" content=\"Jardines | Lumbr\u00e9 Wedding\" \/>\n<meta property=\"og:description\" content=\"Jard\u00edn San Rafael Extensas \u00e1reas verdes, amplios lagos y cascadas rodean la carpa de banquete con dise\u00f1o vanguardista. Un hermoso lugar que combina la naturaleza con una arquitectura elegante y sofisticada.\u00a0 Hacienda Casasano Su car\u00e1cter e historia hacen de Hacienda Casasano el venue perfecto para escenificar el sue\u00f1o de su boda. El lugar combina un [&hellip;]\" \/>\n<meta property=\"og:url\" content=\"https:\/\/banqueteslumbre.com\/?page_id=204\" \/>\n<meta property=\"og:site_name\" content=\"Lumbr\u00e9 Wedding\" \/>\n<meta property=\"article:publisher\" content=\"https:\/\/www.facebook.com\/LumbreWedding\/\" \/>\n<meta property=\"article:modified_time\" content=\"2021-07-04T02:26:19+00:00\" \/>\n<meta property=\"og:image\" content=\"http:\/\/banqueteslumbre.com\/wp-content\/uploads\/2021\/06\/photo5030766331804363001-1024x679.jpg\" \/>\n<meta name=\"twitter:card\" content=\"summary_large_image\" \/>\n<meta name=\"twitter:label1\" content=\"Tiempo de lectura\" \/>\n\t<meta name=\"twitter:data1\" content=\"1 minuto\" \/>\n<script type=\"application\/ld+json\" class=\"yoast-schema-graph\">{\"@context\":\"https:\/\/schema.org\",\"@graph\":[{\"@type\":\"Organization\",\"@id\":\"https:\/\/banqueteslumbre.com\/#organization\",\"name\":\"Lumbr\\u00e9 Wedding\",\"url\":\"https:\/\/banqueteslumbre.com\/\",\"sameAs\":[\"https:\/\/www.facebook.com\/LumbreWedding\/\",\"https:\/\/www.instagram.com\/lumbrewedding\/\"],\"logo\":{\"@type\":\"ImageObject\",\"@id\":\"https:\/\/banqueteslumbre.com\/#logo\",\"inLanguage\":\"es\",\"url\":\"https:\/\/banqueteslumbre.com\/wp-content\/uploads\/2021\/06\/Diseno-sin-titulo-38.png\",\"contentUrl\":\"https:\/\/banqueteslumbre.com\/wp-content\/uploads\/2021\/06\/Diseno-sin-titulo-38.png\",\"width\":210,\"height\":210,\"caption\":\"Lumbr\\u00e9 Wedding\"},\"image\":{\"@id\":\"https:\/\/banqueteslumbre.com\/#logo\"}},{\"@type\":\"WebSite\",\"@id\":\"https:\/\/banqueteslumbre.com\/#website\",\"url\":\"https:\/\/banqueteslumbre.com\/\",\"name\":\"Lumbr\\u00e9 Wedding\",\"description\":\"\",\"publisher\":{\"@id\":\"https:\/\/banqueteslumbre.com\/#organization\"},\"potentialAction\":[{\"@type\":\"SearchAction\",\"target\":{\"@type\":\"EntryPoint\",\"urlTemplate\":\"https:\/\/banqueteslumbre.com\/?s={search_term_string}\"},\"query-input\":\"required name=search_term_string\"}],\"inLanguage\":\"es\"},{\"@type\":\"ImageObject\",\"@id\":\"https:\/\/banqueteslumbre.com\/?page_id=204#primaryimage\",\"inLanguage\":\"es\",\"url\":\"http:\/\/banqueteslumbre.com\/wp-content\/uploads\/2021\/06\/photo5030766331804363001-1024x679.jpg\",\"contentUrl\":\"http:\/\/banqueteslumbre.com\/wp-content\/uploads\/2021\/06\/photo5030766331804363001-1024x679.jpg\"},{\"@type\":\"WebPage\",\"@id\":\"https:\/\/banqueteslumbre.com\/?page_id=204#webpage\",\"url\":\"https:\/\/banqueteslumbre.com\/?page_id=204\",\"name\":\"Jardines | Lumbr\\u00e9 Wedding\",\"isPartOf\":{\"@id\":\"https:\/\/banqueteslumbre.com\/#website\"},\"primaryImageOfPage\":{\"@id\":\"https:\/\/banqueteslumbre.com\/?page_id=204#primaryimage\"},\"datePublished\":\"2021-07-01T20:40:01+00:00\",\"dateModified\":\"2021-07-04T02:26:19+00:00\",\"breadcrumb\":{\"@id\":\"https:\/\/banqueteslumbre.com\/?page_id=204#breadcrumb\"},\"inLanguage\":\"es\",\"potentialAction\":[{\"@type\":\"ReadAction\",\"target\":[\"https:\/\/banqueteslumbre.com\/?page_id=204\"]}]},{\"@type\":\"BreadcrumbList\",\"@id\":\"https:\/\/banqueteslumbre.com\/?page_id=204#breadcrumb\",\"itemListElement\":[{\"@type\":\"ListItem\",\"position\":1,\"name\":\"Portada\",\"item\":\"https:\/\/banqueteslumbre.com\/\"},{\"@type\":\"ListItem\",\"position\":2,\"name\":\"Jardines\"}]}]}<\/script>\n<!-- \/ Yoast SEO plugin. -->","_links":{"self":[{"href":"https:\/\/banqueteslumbre.com\/index.php?rest_route=\/wp\/v2\/pages\/204"}],"collection":[{"href":"https:\/\/banqueteslumbre.com\/index.php?rest_route=\/wp\/v2\/pages"}],"about":[{"href":"https:\/\/banqueteslumbre.com\/index.php?rest_route=\/wp\/v2\/types\/page"}],"author":[{"embeddable":true,"href":"https:\/\/banqueteslumbre.com\/index.php?rest_route=\/wp\/v2\/users\/1"}],"replies":[{"embeddable":true,"href":"https:\/\/banqueteslumbre.com\/index.php?rest_route=%2Fwp%2Fv2%2Fcomments&post=204"}],"version-history":[{"count":40,"href":"https:\/\/banqueteslumbre.com\/index.php?rest_route=\/wp\/v2\/pages\/204\/revisions"}],"predecessor-version":[{"id":690,"href":"https:\/\/banqueteslumbre.com\/index.php?rest_route=\/wp\/v2\/pages\/204\/revisions\/690"}],"wp:attachment":[{"href":"https:\/\/banqueteslumbre.com\/index.php?rest_route=%2Fwp%2Fv2%2Fmedia&parent=204"}],"curies":[{"name":"wp","href":"https:\/\/api.w.org\/{rel}","templated":true}]}}