{"id":128,"date":"2021-07-01T02:57:15","date_gmt":"2021-07-01T02:57:15","guid":{"rendered":"https:\/\/banqueteslumbre.com\/?page_id=128"},"modified":"2021-07-03T04:03:59","modified_gmt":"2021-07-03T04:03:59","slug":"nosotros","status":"publish","type":"page","link":"https:\/\/banqueteslumbre.com\/?page_id=128","title":{"rendered":"Nosotros"},"content":{"rendered":"\t\t<div data-elementor-type=\"wp-page\" data-elementor-id=\"128\" class=\"elementor elementor-128\" data-elementor-settings=\"[]\">\n\t\t\t\t\t\t\t<div class=\"elementor-section-wrap\">\n\t\t\t\t\t\t\t<section class=\"elementor-section elementor-top-section elementor-element elementor-element-7b486db1 elementor-section-content-middle elementor-reverse-mobile elementor-section-boxed elementor-section-height-default elementor-section-height-default\" data-id=\"7b486db1\" data-element_type=\"section\" data-settings=\"{&quot;_ha_eqh_enable&quot;:false}\">\n\t\t\t\t\t\t<div class=\"elementor-container elementor-column-gap-no\">\n\t\t\t\t\t<div class=\"elementor-column elementor-col-50 elementor-top-column elementor-element elementor-element-49ee228\" data-id=\"49ee228\" data-element_type=\"column\">\n\t\t\t<div class=\"elementor-widget-wrap elementor-element-populated\">\n\t\t\t\t\t\t\t\t<div class=\"elementor-element elementor-element-6f8ed94 elementor-widget elementor-widget-text-editor\" data-id=\"6f8ed94\" data-element_type=\"widget\" data-widget_type=\"text-editor.default\">\n\t\t\t\t<div class=\"elementor-widget-container\">\n\t\t\t\t\t\t\t\t\t\t\t\t\t\t<\/div>\n\t\t\t\t<\/div>\n\t\t\t\t<div class=\"elementor-element elementor-element-52dcced elementor-widget elementor-widget-heading\" data-id=\"52dcced\" data-element_type=\"widget\" data-widget_type=\"heading.default\">\n\t\t\t\t<div class=\"elementor-widget-container\">\n\t\t\t<h3 class=\"elementor-heading-title elementor-size-default\">NOSOTROS<\/h3>\t\t<\/div>\n\t\t\t\t<\/div>\n\t\t\t\t<div class=\"elementor-element elementor-element-621c30cc elementor-widget elementor-widget-text-editor\" data-id=\"621c30cc\" data-element_type=\"widget\" data-widget_type=\"text-editor.default\">\n\t\t\t\t<div class=\"elementor-widget-container\">\n\t\t\t\t\t\t\t\t<p class=\"font_8\">Haciendo la diferencia en cada evento. Expertos en catering, coordinaci\u00f3n y log\u00edstica de bodas.<\/p><p class=\"font_8\">En\u00a0<strong>Lumbr\u00e9 Wedding &amp; Events<\/strong> contamos con 12 a\u00f1os de experiencia en banquetes.<\/p><p class=\"font_8\">Somos pioneros en la creaci\u00f3n y organizaci\u00f3n de experiencias culinarias, transformando los servicios de alimentos en Morelos. Reconocidos por nuestro servicio de excelencia y flexibilidad que har\u00e1n de tu boda la mejor experiencia de tu vida.<\/p>\t\t\t\t\t\t<\/div>\n\t\t\t\t<\/div>\n\t\t\t\t\t<\/div>\n\t\t<\/div>\n\t\t\t\t<div class=\"elementor-column elementor-col-50 elementor-top-column elementor-element elementor-element-414e8d1b\" data-id=\"414e8d1b\" data-element_type=\"column\">\n\t\t\t<div class=\"elementor-widget-wrap elementor-element-populated\">\n\t\t\t\t\t\t\t\t<div class=\"elementor-element elementor-element-50322798 elementor-widget elementor-widget-image\" data-id=\"50322798\" data-element_type=\"widget\" data-widget_type=\"image.default\">\n\t\t\t\t<div class=\"elementor-widget-container\">\n\t\t\t\t\t\t\t\t\t\t\t\t\t\t\t<img width=\"1920\" height=\"1280\" src=\"https:\/\/banqueteslumbre.com\/wp-content\/uploads\/2021\/06\/m15.jpg\" class=\"attachment-full size-full\" alt=\"bodas en cuernavaca\" loading=\"lazy\" srcset=\"https:\/\/banqueteslumbre.com\/wp-content\/uploads\/2021\/06\/m15.jpg 1920w, https:\/\/banqueteslumbre.com\/wp-content\/uploads\/2021\/06\/m15-300x200.jpg 300w, https:\/\/banqueteslumbre.com\/wp-content\/uploads\/2021\/06\/m15-1024x683.jpg 1024w, https:\/\/banqueteslumbre.com\/wp-content\/uploads\/2021\/06\/m15-768x512.jpg 768w, https:\/\/banqueteslumbre.com\/wp-content\/uploads\/2021\/06\/m15-1536x1024.jpg 1536w\" sizes=\"(max-width: 1920px) 100vw, 1920px\" \/>\t\t\t\t\t\t\t\t\t\t\t\t\t\t\t<\/div>\n\t\t\t\t<\/div>\n\t\t\t\t\t<\/div>\n\t\t<\/div>\n\t\t\t\t\t\t\t<\/div>\n\t\t<\/section>\n\t\t\t\t<section class=\"elementor-section elementor-top-section elementor-element elementor-element-7e916cfe elementor-section-content-middle elementor-section-boxed elementor-section-height-default elementor-section-height-default\" data-id=\"7e916cfe\" data-element_type=\"section\" data-settings=\"{&quot;_ha_eqh_enable&quot;:false}\">\n\t\t\t\t\t\t<div class=\"elementor-container elementor-column-gap-no\">\n\t\t\t\t\t<div class=\"elementor-column elementor-col-50 elementor-top-column elementor-element elementor-element-807df58\" data-id=\"807df58\" data-element_type=\"column\">\n\t\t\t<div class=\"elementor-widget-wrap elementor-element-populated\">\n\t\t\t\t\t\t\t\t<div class=\"elementor-element elementor-element-1fbef6b3 elementor-widget elementor-widget-image\" data-id=\"1fbef6b3\" data-element_type=\"widget\" data-widget_type=\"image.default\">\n\t\t\t\t<div class=\"elementor-widget-container\">\n\t\t\t\t\t\t\t\t\t\t\t\t\t\t\t<img width=\"1920\" height=\"1280\" src=\"https:\/\/banqueteslumbre.com\/wp-content\/uploads\/2021\/07\/m1.jpg\" class=\"attachment-full size-full\" alt=\"bodas en cuernavaca\" loading=\"lazy\" srcset=\"https:\/\/banqueteslumbre.com\/wp-content\/uploads\/2021\/07\/m1.jpg 1920w, https:\/\/banqueteslumbre.com\/wp-content\/uploads\/2021\/07\/m1-300x200.jpg 300w, https:\/\/banqueteslumbre.com\/wp-content\/uploads\/2021\/07\/m1-1024x683.jpg 1024w, https:\/\/banqueteslumbre.com\/wp-content\/uploads\/2021\/07\/m1-768x512.jpg 768w, https:\/\/banqueteslumbre.com\/wp-content\/uploads\/2021\/07\/m1-1536x1024.jpg 1536w\" sizes=\"(max-width: 1920px) 100vw, 1920px\" \/>\t\t\t\t\t\t\t\t\t\t\t\t\t\t\t<\/div>\n\t\t\t\t<\/div>\n\t\t\t\t\t<\/div>\n\t\t<\/div>\n\t\t\t\t<div class=\"elementor-column elementor-col-50 elementor-top-column elementor-element elementor-element-92d6a62\" data-id=\"92d6a62\" data-element_type=\"column\">\n\t\t\t<div class=\"elementor-widget-wrap elementor-element-populated\">\n\t\t\t\t\t\t\t\t<div class=\"elementor-element elementor-element-2934c5d elementor-widget elementor-widget-text-editor\" data-id=\"2934c5d\" data-element_type=\"widget\" data-widget_type=\"text-editor.default\">\n\t\t\t\t<div class=\"elementor-widget-container\">\n\t\t\t\t\t\t\t\t<p class=\"font_8\">Somos una empresa innovadora dedicada al ramo de organizaci\u00f3n de eventos, distinguidos siempre por un trato amable, profesional y honesto, as\u00ed como por la calidad de los servicios ofrecidos a nuestros clientes y comensales.\u00a0<\/p><p class=\"font_8\">Contamos con los mejores Venues del estado de Morelos, ofreciendo a la libertad de elegir entre m\u00e1s de 10 jardines y haciendas para todos los presupuestos.\u00a0<\/p><p class=\"font_8\">Nuestro servicio de banquetes se caracteriza por ser excelente tanto en la selecci\u00f3n de ingredientes como en la elaboraci\u00f3n y posterior presentaci\u00f3n.<\/p>\t\t\t\t\t\t<\/div>\n\t\t\t\t<\/div>\n\t\t\t\t\t<\/div>\n\t\t<\/div>\n\t\t\t\t\t\t\t<\/div>\n\t\t<\/section>\n\t\t\t\t<section class=\"elementor-section elementor-top-section elementor-element elementor-element-490cee48 elementor-section-content-middle elementor-section-boxed elementor-section-height-default elementor-section-height-default\" data-id=\"490cee48\" data-element_type=\"section\" data-settings=\"{&quot;_ha_eqh_enable&quot;:false}\">\n\t\t\t\t\t\t<div class=\"elementor-container elementor-column-gap-no\">\n\t\t\t\t\t<div class=\"elementor-column elementor-col-100 elementor-top-column elementor-element elementor-element-5b8d0a7a\" data-id=\"5b8d0a7a\" data-element_type=\"column\">\n\t\t\t<div class=\"elementor-widget-wrap elementor-element-populated\">\n\t\t\t\t\t\t\t\t<div class=\"elementor-element elementor-element-5d789443 elementor-widget elementor-widget-heading\" data-id=\"5d789443\" data-element_type=\"widget\" data-widget_type=\"heading.default\">\n\t\t\t\t<div class=\"elementor-widget-container\">\n\t\t\t<h4 class=\"elementor-heading-title elementor-size-default\">MONTAJES<\/h4>\t\t<\/div>\n\t\t\t\t<\/div>\n\t\t\t\t<div class=\"elementor-element elementor-element-39a3c160 elementor-widget elementor-widget-heading\" data-id=\"39a3c160\" data-element_type=\"widget\" data-widget_type=\"heading.default\">\n\t\t\t\t<div class=\"elementor-widget-container\">\n\t\t\t<h5 class=\"elementor-heading-title elementor-size-default\">Tendencias 2021<\/h5>\t\t<\/div>\n\t\t\t\t<\/div>\n\t\t\t\t<div class=\"elementor-element elementor-element-427c3743 gallery-spacing-custom elementor-widget elementor-widget-image-gallery\" data-id=\"427c3743\" data-element_type=\"widget\" data-widget_type=\"image-gallery.default\">\n\t\t\t\t<div class=\"elementor-widget-container\">\n\t\t\t\t\t<div class=\"elementor-image-gallery\">\n\t\t\t<div id='gallery-1' class='gallery galleryid-128 gallery-columns-3 gallery-size-full'><figure class='gallery-item'>\n\t\t\t<div class='gallery-icon landscape'>\n\t\t\t\t<a data-elementor-open-lightbox=\"yes\" data-elementor-lightbox-slideshow=\"427c3743\" data-elementor-lightbox-title=\"hacienda para bodas morelos\" data-elementor-lightbox-description=\"hacienda para bodas morelos\" href='https:\/\/banqueteslumbre.com\/wp-content\/uploads\/2021\/07\/m8.jpg'><img width=\"1920\" height=\"1280\" src=\"https:\/\/banqueteslumbre.com\/wp-content\/uploads\/2021\/07\/m8.jpg\" class=\"attachment-full size-full\" alt=\"hacienda para bodas\" loading=\"lazy\" aria-describedby=\"gallery-1-189\" srcset=\"https:\/\/banqueteslumbre.com\/wp-content\/uploads\/2021\/07\/m8.jpg 1920w, https:\/\/banqueteslumbre.com\/wp-content\/uploads\/2021\/07\/m8-300x200.jpg 300w, https:\/\/banqueteslumbre.com\/wp-content\/uploads\/2021\/07\/m8-1024x683.jpg 1024w, https:\/\/banqueteslumbre.com\/wp-content\/uploads\/2021\/07\/m8-768x512.jpg 768w, https:\/\/banqueteslumbre.com\/wp-content\/uploads\/2021\/07\/m8-1536x1024.jpg 1536w\" sizes=\"(max-width: 1920px) 100vw, 1920px\" \/><\/a>\n\t\t\t<\/div>\n\t\t\t\t<figcaption class='wp-caption-text gallery-caption' id='gallery-1-189'>\n\t\t\t\thacienda para bodas morelos\n\t\t\t\t<\/figcaption><\/figure><figure class='gallery-item'>\n\t\t\t<div class='gallery-icon landscape'>\n\t\t\t\t<a data-elementor-open-lightbox=\"yes\" data-elementor-lightbox-slideshow=\"427c3743\" data-elementor-lightbox-title=\"hacienda para bodas morelos\" data-elementor-lightbox-description=\"hacienda para bodas morelos\" href='https:\/\/banqueteslumbre.com\/wp-content\/uploads\/2021\/07\/m10.jpg'><img width=\"1920\" height=\"1280\" src=\"https:\/\/banqueteslumbre.com\/wp-content\/uploads\/2021\/07\/m10.jpg\" class=\"attachment-full size-full\" alt=\"hacienda para bodas morelos\" loading=\"lazy\" aria-describedby=\"gallery-1-190\" srcset=\"https:\/\/banqueteslumbre.com\/wp-content\/uploads\/2021\/07\/m10.jpg 1920w, https:\/\/banqueteslumbre.com\/wp-content\/uploads\/2021\/07\/m10-300x200.jpg 300w, https:\/\/banqueteslumbre.com\/wp-content\/uploads\/2021\/07\/m10-1024x683.jpg 1024w, https:\/\/banqueteslumbre.com\/wp-content\/uploads\/2021\/07\/m10-768x512.jpg 768w, https:\/\/banqueteslumbre.com\/wp-content\/uploads\/2021\/07\/m10-1536x1024.jpg 1536w\" sizes=\"(max-width: 1920px) 100vw, 1920px\" \/><\/a>\n\t\t\t<\/div>\n\t\t\t\t<figcaption class='wp-caption-text gallery-caption' id='gallery-1-190'>\n\t\t\t\thacienda para bodas morelos\n\t\t\t\t<\/figcaption><\/figure><figure class='gallery-item'>\n\t\t\t<div class='gallery-icon landscape'>\n\t\t\t\t<a data-elementor-open-lightbox=\"yes\" data-elementor-lightbox-slideshow=\"427c3743\" data-elementor-lightbox-title=\"hacienda para bodas morelos\" data-elementor-lightbox-description=\"hacienda para bodas morelos\" href='https:\/\/banqueteslumbre.com\/wp-content\/uploads\/2021\/07\/m13.jpg'><img width=\"1920\" height=\"1280\" src=\"https:\/\/banqueteslumbre.com\/wp-content\/uploads\/2021\/07\/m13.jpg\" class=\"attachment-full size-full\" alt=\"hacienda para bodas morelos\" loading=\"lazy\" aria-describedby=\"gallery-1-191\" srcset=\"https:\/\/banqueteslumbre.com\/wp-content\/uploads\/2021\/07\/m13.jpg 1920w, https:\/\/banqueteslumbre.com\/wp-content\/uploads\/2021\/07\/m13-300x200.jpg 300w, https:\/\/banqueteslumbre.com\/wp-content\/uploads\/2021\/07\/m13-1024x683.jpg 1024w, https:\/\/banqueteslumbre.com\/wp-content\/uploads\/2021\/07\/m13-768x512.jpg 768w, https:\/\/banqueteslumbre.com\/wp-content\/uploads\/2021\/07\/m13-1536x1024.jpg 1536w\" sizes=\"(max-width: 1920px) 100vw, 1920px\" \/><\/a>\n\t\t\t<\/div>\n\t\t\t\t<figcaption class='wp-caption-text gallery-caption' id='gallery-1-191'>\n\t\t\t\thacienda para bodas morelos\n\t\t\t\t<\/figcaption><\/figure><figure class='gallery-item'>\n\t\t\t<div class='gallery-icon landscape'>\n\t\t\t\t<a data-elementor-open-lightbox=\"yes\" data-elementor-lightbox-slideshow=\"427c3743\" data-elementor-lightbox-title=\"hacienda para bodas morelos\" data-elementor-lightbox-description=\"hacienda para bodas morelos\" href='https:\/\/banqueteslumbre.com\/wp-content\/uploads\/2021\/07\/m9.jpg'><img width=\"1920\" height=\"1280\" src=\"https:\/\/banqueteslumbre.com\/wp-content\/uploads\/2021\/07\/m9.jpg\" class=\"attachment-full size-full\" alt=\"hacienda para bodas morelos\" loading=\"lazy\" aria-describedby=\"gallery-1-195\" srcset=\"https:\/\/banqueteslumbre.com\/wp-content\/uploads\/2021\/07\/m9.jpg 1920w, https:\/\/banqueteslumbre.com\/wp-content\/uploads\/2021\/07\/m9-300x200.jpg 300w, https:\/\/banqueteslumbre.com\/wp-content\/uploads\/2021\/07\/m9-1024x683.jpg 1024w, https:\/\/banqueteslumbre.com\/wp-content\/uploads\/2021\/07\/m9-768x512.jpg 768w, https:\/\/banqueteslumbre.com\/wp-content\/uploads\/2021\/07\/m9-1536x1024.jpg 1536w\" sizes=\"(max-width: 1920px) 100vw, 1920px\" \/><\/a>\n\t\t\t<\/div>\n\t\t\t\t<figcaption class='wp-caption-text gallery-caption' id='gallery-1-195'>\n\t\t\t\thacienda para bodas morelos\n\t\t\t\t<\/figcaption><\/figure><figure class='gallery-item'>\n\t\t\t<div class='gallery-icon landscape'>\n\t\t\t\t<a data-elementor-open-lightbox=\"yes\" data-elementor-lightbox-slideshow=\"427c3743\" data-elementor-lightbox-title=\"hacienda para bodas morelos\" data-elementor-lightbox-description=\"hacienda para bodas morelos\" href='https:\/\/banqueteslumbre.com\/wp-content\/uploads\/2021\/07\/82544658_2563963520482744_6076232972594315264_o.jpg'><img width=\"1080\" height=\"720\" src=\"https:\/\/banqueteslumbre.com\/wp-content\/uploads\/2021\/07\/82544658_2563963520482744_6076232972594315264_o.jpg\" class=\"attachment-full size-full\" alt=\"hacienda para bodas morelos\" loading=\"lazy\" aria-describedby=\"gallery-1-193\" srcset=\"https:\/\/banqueteslumbre.com\/wp-content\/uploads\/2021\/07\/82544658_2563963520482744_6076232972594315264_o.jpg 1080w, https:\/\/banqueteslumbre.com\/wp-content\/uploads\/2021\/07\/82544658_2563963520482744_6076232972594315264_o-300x200.jpg 300w, https:\/\/banqueteslumbre.com\/wp-content\/uploads\/2021\/07\/82544658_2563963520482744_6076232972594315264_o-1024x683.jpg 1024w, https:\/\/banqueteslumbre.com\/wp-content\/uploads\/2021\/07\/82544658_2563963520482744_6076232972594315264_o-768x512.jpg 768w\" sizes=\"(max-width: 1080px) 100vw, 1080px\" \/><\/a>\n\t\t\t<\/div>\n\t\t\t\t<figcaption class='wp-caption-text gallery-caption' id='gallery-1-193'>\n\t\t\t\thacienda para bodas morelos\n\t\t\t\t<\/figcaption><\/figure><figure class='gallery-item'>\n\t\t\t<div class='gallery-icon landscape'>\n\t\t\t\t<a data-elementor-open-lightbox=\"yes\" data-elementor-lightbox-slideshow=\"427c3743\" data-elementor-lightbox-title=\"hacienda para bodas morelos\" data-elementor-lightbox-description=\"hacienda para bodas morelos\" href='https:\/\/banqueteslumbre.com\/wp-content\/uploads\/2021\/07\/m11.jpg'><img width=\"1920\" height=\"1280\" src=\"https:\/\/banqueteslumbre.com\/wp-content\/uploads\/2021\/07\/m11.jpg\" class=\"attachment-full size-full\" alt=\"hacienda para bodas morelos\" loading=\"lazy\" aria-describedby=\"gallery-1-196\" srcset=\"https:\/\/banqueteslumbre.com\/wp-content\/uploads\/2021\/07\/m11.jpg 1920w, https:\/\/banqueteslumbre.com\/wp-content\/uploads\/2021\/07\/m11-300x200.jpg 300w, https:\/\/banqueteslumbre.com\/wp-content\/uploads\/2021\/07\/m11-1024x683.jpg 1024w, https:\/\/banqueteslumbre.com\/wp-content\/uploads\/2021\/07\/m11-768x512.jpg 768w, https:\/\/banqueteslumbre.com\/wp-content\/uploads\/2021\/07\/m11-1536x1024.jpg 1536w\" sizes=\"(max-width: 1920px) 100vw, 1920px\" \/><\/a>\n\t\t\t<\/div>\n\t\t\t\t<figcaption class='wp-caption-text gallery-caption' id='gallery-1-196'>\n\t\t\t\thacienda para bodas morelos\n\t\t\t\t<\/figcaption><\/figure>\n\t\t<\/div>\n\t\t<\/div>\n\t\t\t\t<\/div>\n\t\t\t\t<\/div>\n\t\t\t\t\t<\/div>\n\t\t<\/div>\n\t\t\t\t\t\t\t<\/div>\n\t\t<\/section>\n\t\t\t\t\t\t<\/div>\n\t\t\t\t\t<\/div>\n\t\t","protected":false},"excerpt":{"rendered":"<p>NOSOTROS Haciendo la diferencia en cada evento. Expertos en catering, coordinaci\u00f3n y log\u00edstica de bodas. En&nbsp;Lumbr\u00e9 Wedding &amp; Events contamos con 12 a\u00f1os de experiencia en banquetes. Somos pioneros en la creaci\u00f3n y organizaci\u00f3n de experiencias culinarias, transformando los servicios de alimentos en Morelos. Reconocidos por nuestro servicio de excelencia y flexibilidad que har\u00e1n de [&hellip;]<\/p>\n","protected":false},"author":1,"featured_media":0,"parent":0,"menu_order":2,"comment_status":"closed","ping_status":"closed","template":"elementor_header_footer","meta":[],"yoast_head":"<!-- This site is optimized with the Yoast SEO plugin v16.6.1 - https:\/\/yoast.com\/wordpress\/plugins\/seo\/ -->\n<title>Nosotros | Lumbr\u00e9 Wedding<\/title>\n<meta name=\"robots\" content=\"index, follow, max-snippet:-1, max-image-preview:large, max-video-preview:-1\" \/>\n<link rel=\"canonical\" href=\"https:\/\/banqueteslumbre.com\/?page_id=128\" \/>\n<meta property=\"og:locale\" content=\"es_ES\" \/>\n<meta property=\"og:type\" content=\"article\" \/>\n<meta property=\"og:title\" content=\"Nosotros | Lumbr\u00e9 Wedding\" \/>\n<meta property=\"og:description\" content=\"NOSOTROS Haciendo la diferencia en cada evento. Expertos en catering, coordinaci\u00f3n y log\u00edstica de bodas. En&nbsp;Lumbr\u00e9 Wedding &amp; Events contamos con 12 a\u00f1os de experiencia en banquetes. Somos pioneros en la creaci\u00f3n y organizaci\u00f3n de experiencias culinarias, transformando los servicios de alimentos en Morelos. Reconocidos por nuestro servicio de excelencia y flexibilidad que har\u00e1n de [&hellip;]\" \/>\n<meta property=\"og:url\" content=\"https:\/\/banqueteslumbre.com\/?page_id=128\" \/>\n<meta property=\"og:site_name\" content=\"Lumbr\u00e9 Wedding\" \/>\n<meta property=\"article:publisher\" content=\"https:\/\/www.facebook.com\/LumbreWedding\/\" \/>\n<meta property=\"article:modified_time\" content=\"2021-07-03T04:03:59+00:00\" \/>\n<meta property=\"og:image\" content=\"http:\/\/banqueteslumbre.com\/wp-content\/uploads\/2021\/06\/m15.jpg\" \/>\n<meta name=\"twitter:card\" content=\"summary_large_image\" \/>\n<meta name=\"twitter:label1\" content=\"Tiempo de lectura\" \/>\n\t<meta name=\"twitter:data1\" content=\"1 minuto\" \/>\n<script type=\"application\/ld+json\" class=\"yoast-schema-graph\">{\"@context\":\"https:\/\/schema.org\",\"@graph\":[{\"@type\":\"Organization\",\"@id\":\"https:\/\/banqueteslumbre.com\/#organization\",\"name\":\"Lumbr\\u00e9 Wedding\",\"url\":\"https:\/\/banqueteslumbre.com\/\",\"sameAs\":[\"https:\/\/www.facebook.com\/LumbreWedding\/\",\"https:\/\/www.instagram.com\/lumbrewedding\/\"],\"logo\":{\"@type\":\"ImageObject\",\"@id\":\"https:\/\/banqueteslumbre.com\/#logo\",\"inLanguage\":\"es\",\"url\":\"https:\/\/banqueteslumbre.com\/wp-content\/uploads\/2021\/06\/Diseno-sin-titulo-38.png\",\"contentUrl\":\"https:\/\/banqueteslumbre.com\/wp-content\/uploads\/2021\/06\/Diseno-sin-titulo-38.png\",\"width\":210,\"height\":210,\"caption\":\"Lumbr\\u00e9 Wedding\"},\"image\":{\"@id\":\"https:\/\/banqueteslumbre.com\/#logo\"}},{\"@type\":\"WebSite\",\"@id\":\"https:\/\/banqueteslumbre.com\/#website\",\"url\":\"https:\/\/banqueteslumbre.com\/\",\"name\":\"Lumbr\\u00e9 Wedding\",\"description\":\"\",\"publisher\":{\"@id\":\"https:\/\/banqueteslumbre.com\/#organization\"},\"potentialAction\":[{\"@type\":\"SearchAction\",\"target\":{\"@type\":\"EntryPoint\",\"urlTemplate\":\"https:\/\/banqueteslumbre.com\/?s={search_term_string}\"},\"query-input\":\"required name=search_term_string\"}],\"inLanguage\":\"es\"},{\"@type\":\"ImageObject\",\"@id\":\"https:\/\/banqueteslumbre.com\/?page_id=128#primaryimage\",\"inLanguage\":\"es\",\"url\":\"http:\/\/banqueteslumbre.com\/wp-content\/uploads\/2021\/06\/m15.jpg\",\"contentUrl\":\"http:\/\/banqueteslumbre.com\/wp-content\/uploads\/2021\/06\/m15.jpg\"},{\"@type\":\"WebPage\",\"@id\":\"https:\/\/banqueteslumbre.com\/?page_id=128#webpage\",\"url\":\"https:\/\/banqueteslumbre.com\/?page_id=128\",\"name\":\"Nosotros | Lumbr\\u00e9 Wedding\",\"isPartOf\":{\"@id\":\"https:\/\/banqueteslumbre.com\/#website\"},\"primaryImageOfPage\":{\"@id\":\"https:\/\/banqueteslumbre.com\/?page_id=128#primaryimage\"},\"datePublished\":\"2021-07-01T02:57:15+00:00\",\"dateModified\":\"2021-07-03T04:03:59+00:00\",\"breadcrumb\":{\"@id\":\"https:\/\/banqueteslumbre.com\/?page_id=128#breadcrumb\"},\"inLanguage\":\"es\",\"potentialAction\":[{\"@type\":\"ReadAction\",\"target\":[\"https:\/\/banqueteslumbre.com\/?page_id=128\"]}]},{\"@type\":\"BreadcrumbList\",\"@id\":\"https:\/\/banqueteslumbre.com\/?page_id=128#breadcrumb\",\"itemListElement\":[{\"@type\":\"ListItem\",\"position\":1,\"name\":\"Portada\",\"item\":\"https:\/\/banqueteslumbre.com\/\"},{\"@type\":\"ListItem\",\"position\":2,\"name\":\"Nosotros\"}]}]}<\/script>\n<!-- \/ Yoast SEO plugin. -->","_links":{"self":[{"href":"https:\/\/banqueteslumbre.com\/index.php?rest_route=\/wp\/v2\/pages\/128"}],"collection":[{"href":"https:\/\/banqueteslumbre.com\/index.php?rest_route=\/wp\/v2\/pages"}],"about":[{"href":"https:\/\/banqueteslumbre.com\/index.php?rest_route=\/wp\/v2\/types\/page"}],"author":[{"embeddable":true,"href":"https:\/\/banqueteslumbre.com\/index.php?rest_route=\/wp\/v2\/users\/1"}],"replies":[{"embeddable":true,"href":"https:\/\/banqueteslumbre.com\/index.php?rest_route=%2Fwp%2Fv2%2Fcomments&post=128"}],"version-history":[{"count":20,"href":"https:\/\/banqueteslumbre.com\/index.php?rest_route=\/wp\/v2\/pages\/128\/revisions"}],"predecessor-version":[{"id":596,"href":"https:\/\/banqueteslumbre.com\/index.php?rest_route=\/wp\/v2\/pages\/128\/revisions\/596"}],"wp:attachment":[{"href":"https:\/\/banqueteslumbre.com\/index.php?rest_route=%2Fwp%2Fv2%2Fmedia&parent=128"}],"curies":[{"name":"wp","href":"https:\/\/api.w.org\/{rel}","templated":true}]}}